{"id":10501,"date":"2019-12-04T14:24:29","date_gmt":"2019-12-04T20:24:29","guid":{"rendered":"\/?page_id=10501"},"modified":"2023-11-30T13:52:03","modified_gmt":"2023-11-30T19:52:03","slug":"water-conservation","status":"publish","type":"page","link":"https:\/\/spxcooling.com\/de\/water-conservation\/","title":{"rendered":"Wasserschutz"},"content":{"rendered":"<p>[et_pb_section fb_built=&#8221;1&#8243; admin_label=&#8221;Featured Places&#8221; _builder_version=&#8221;4.16&#8243; background_color=&#8221;#ffffff&#8221; height=&#8221;35px&#8221; custom_margin=&#8221;0px||0px||false|false&#8221; custom_padding=&#8221;0px|0px|0px|0px|false|false&#8221; global_colors_info=&#8221;{}&#8221;][\/et_pb_section][et_pb_section fb_built=&#8221;1&#8243; admin_label=&#8221;Featured Places&#8221; _builder_version=&#8221;4.16&#8243; background_color=&#8221;#ffffff&#8221; custom_padding=&#8221;12px|0px|100px|0px||&#8221; global_colors_info=&#8221;{}&#8221;][et_pb_row column_structure=&#8221;2_3,1_3&#8243; _builder_version=&#8221;4.16&#8243; custom_margin=&#8221;-6px|auto|-5px|auto||&#8221; custom_padding=&#8221;2px|||||&#8221; global_colors_info=&#8221;{}&#8221;][et_pb_column type=&#8221;2_3&#8243; _builder_version=&#8221;4.16&#8243; custom_padding=&#8221;|||&#8221; global_colors_info=&#8221;{}&#8221; custom_padding__hover=&#8221;|||&#8221;][et_pb_text _builder_version=&#8221;4.16&#8243; header_font=&#8221;|600|||||||&#8221; header_line_height=&#8221;1.7em&#8221; custom_margin=&#8221;0px||0px||false|false&#8221; custom_padding=&#8221;||0px||false|false&#8221; global_colors_info=&#8221;{}&#8221;]<\/p>\n<h1>Water Conservation<\/h1>\n<p>[\/et_pb_text][et_pb_image src=&#8221;\/wp-content\/uploads\/green4.jpg&#8221; alt=&#8221;water conservation&#8221; _builder_version=&#8221;4.16&#8243; animation_style=&#8221;fade&#8221; box_shadow_style=&#8221;preset3&#8243; global_colors_info=&#8221;{}&#8221;][\/et_pb_image][et_pb_text _builder_version=&#8221;4.16&#8243; text_font_size=&#8221;16px&#8221; text_line_height=&#8221;1.8em&#8221; custom_margin=&#8221;0px||||false|false&#8221; custom_padding=&#8221;0px||||false|false&#8221; global_colors_info=&#8221;{}&#8221;]<\/p>\n<p>Water treatment strategies that minimize make up and blow down can offer the potential to gain water resource credits in LEED. The following processes all determine how efficiently your cooling operation uses water:<\/p>\n<p><b>Water Consumption<\/b><br \/>The amount of water required for make-up to the system is dependent on the evaporation, drift rate and blow down. Enter your operating conditions here to calculate and see your water usage.<\/p>\n<p><b>Evaporation<\/b><br \/>The consumption of water by evaporative cooling equipment is governed largely by the heat load and ambient air temperature. The lower the heat load and\/or ambient temperature, the less evaporation.<\/p>\n<p><b>Drift Rate<\/b><br \/>Drift rate is the amount of water droplets entrained in the discharge air stream. The amount of water lost to drift compared to evaporation and blow down is almost insignificant when using today\u2019s high efficiency drift eliminators.<\/p>\n<p><b>Blow Down<\/b><br \/>Cooling tower systems are somewhat like humidifiers or small room vaporizers. If the system is operated for a long time, the water gets more and more concentrated with the minerals remaining when water is evaporated. These small systems are usually periodically dumped and replaced with fresh water to prevent the build-up of scale. Cooling towers, closed circuit coolers and evaporative condensers require continuous blow down or \u201cbleed off\u201d with added make-up water to maintain an acceptable concentration level.<\/p>\n<p>The lower the number of cycles of concentration, the greater the amount of water required for blow down. This is added to the replacement make-up of evaporated water. With high cycles of concentration, the amount of blow-down water is reduced, reducing the overall water required.<\/p>\n<p>[\/et_pb_text][\/et_pb_column][et_pb_column type=&#8221;1_3&#8243; _builder_version=&#8221;4.16&#8243; custom_padding=&#8221;|||&#8221; global_colors_info=&#8221;{}&#8221; custom_padding__hover=&#8221;|||&#8221;][et_pb_text _builder_version=&#8221;4.16&#8243; custom_margin=&#8221;60px||10px||false|false&#8221; border_width_bottom=&#8221;1px&#8221; border_color_bottom=&#8221;#ececec&#8221; global_colors_info=&#8221;{}&#8221;]<\/p>\n<h4><b>Downloads:<\/b><\/h4>\n<p>[\/et_pb_text][et_pb_text _builder_version=&#8221;4.16&#8243; custom_margin=&#8221;0px||||false|false&#8221; custom_padding=&#8221;0px||||false|false&#8221; global_colors_info=&#8221;{}&#8221;]<!-- NOTE: If you need to make changes to this file, copy it to your current theme's main\n\tdirectory so your changes won't be overwritten when the plugin is upgraded. -->\n\n<!-- Post Wrap Start-->\n<div class=\"post hentry ivycat-post\">\n<div class=\"libthumbandtitlesidebar\">\n<div class=\"lib_library_thumb\"><a href=\"https:\/\/spxcooling.com\/de\/library\/green-evaporative-cooling\/\">\n    <!-- <i class=\"fas fa-file-download fa-3x\"><\/i> -->\n    <img decoding=\"async\" src=\"\/wp-content\/uploads\/Green-21-pdf-232x300.jpg\" class=\"lib_library_thumbpic\" alt=\"Green Evaporative Cooling Brochure\"\/>\n   \n    <\/a><\/div>\n    <div class=\"lib_library_excerpt2\">\n\t<!-- \tThis outputs the post TITLE -->\n\t<span class=\"entry-title-assposts\"><a href=\"https:\/\/spxcooling.com\/de\/library\/green-evaporative-cooling\/\">Green Evaporative Cooling Brochure<\/a><\/span>\n\n\t<!-- \tThis outputs the post EXCERPT.  To display full content including images and html,\n\t\treplace the_excerpt(); with the_content();  below. -->\n    <\/div>\n    <\/div>\n    <div clas=\"clear0\"><\/div>\n\t<div class=\"entry-summary\">\n\t\t\t<\/div>\n\n\t<!--\tThis outputs the post META information -->\n\n<\/div>\n<\/div>\n    <\/div>\n<div class=\"clear30\"><\/div>\n<!-- \/\/ Post Wrap End -->\n<!-- NOTE: If you need to make changes to this file, copy it to your current theme's main\n\tdirectory so your changes won't be overwritten when the plugin is upgraded. -->\n\n<!-- Post Wrap Start-->\n<div class=\"post hentry ivycat-post\">\n<div class=\"libthumbandtitlesidebar\">\n<div class=\"lib_library_thumb\"><a href=\"https:\/\/spxcooling.com\/de\/news\/leed-certification-evaporative-cooling-strategies-for-energy-and-water-conservation\/\">\n    <!-- <i class=\"fas fa-file-download fa-3x\"><\/i> -->\n    <img decoding=\"async\" src=\"\/wp-content\/uploads\/libraryitem.png\" class=\"lib_library_thumbpic\" alt=\"LEED Certification: Evaporative Cooling Strategies For Energy and Water Conservation\" \/>\n   \n    <\/a><\/div>\n    <div class=\"lib_library_excerpt2\">\n\t<!-- \tThis outputs the post TITLE -->\n\t<span class=\"entry-title-assposts\"><a href=\"https:\/\/spxcooling.com\/de\/news\/leed-certification-evaporative-cooling-strategies-for-energy-and-water-conservation\/\">LEED Certification: Evaporative Cooling Strategies For Energy and Water Conservation<\/a><\/span>\n\n\t<!-- \tThis outputs the post EXCERPT.  To display full content including images and html,\n\t\treplace the_excerpt(); with the_content();  below. -->\n    <\/div>\n    <\/div>\n    <div clas=\"clear0\"><\/div>\n\t<div class=\"entry-summary\">\n\t\t<p>UK-based magazine ACR News published our Q&#038;A article, surveying engineers and design experts, that explains how cooling towers can contribute to successful LEED projects and other sustainability initiatives.<\/p>\n\t<\/div>\n\n\t<!--\tThis outputs the post META information -->\n\n<\/div>\n<\/div>\n    <\/div>\n<div class=\"clear30\"><\/div>\n<!-- \/\/ Post Wrap End -->\n\t[\/et_pb_text][\/et_pb_column][\/et_pb_row][\/et_pb_section]<\/p>\n","protected":false},"excerpt":{"rendered":"<p>[et_pb_section fb_built=&#8221;1&#8243; admin_label=&#8221;Featured Places&#8221; _builder_version=&#8221;4.16&#8243; background_color=&#8221;#ffffff&#8221; height=&#8221;35px&#8221; custom_margin=&#8221;0px||0px||false|false&#8221; custom_padding=&#8221;0px|0px|0px|0px|false|false&#8221; global_colors_info=&#8221;{}&#8221;][\/et_pb_section][et_pb_section fb_built=&#8221;1&#8243; admin_label=&#8221;Featured Places&#8221; _builder_version=&#8221;4.16&#8243; background_color=&#8221;#ffffff&#8221; custom_padding=&#8221;12px|0px|100px|0px||&#8221; global_colors_info=&#8221;{}&#8221;][et_pb_row column_structure=&#8221;2_3,1_3&#8243; _builder_version=&#8221;4.16&#8243; custom_margin=&#8221;-6px|auto|-5px|auto||&#8221; custom_padding=&#8221;2px|||||&#8221; global_colors_info=&#8221;{}&#8221;][et_pb_column type=&#8221;2_3&#8243; _builder_version=&#8221;4.16&#8243; custom_padding=&#8221;|||&#8221; global_colors_info=&#8221;{}&#8221; custom_padding__hover=&#8221;|||&#8221;][et_pb_text _builder_version=&#8221;4.16&#8243; header_font=&#8221;|600|||||||&#8221; header_line_height=&#8221;1.7em&#8221; custom_margin=&#8221;0px||0px||false|false&#8221; custom_padding=&#8221;||0px||false|false&#8221; global_colors_info=&#8221;{}&#8221;] Water Conservation [\/et_pb_text][et_pb_image src=&#8221;\/wp-content\/uploads\/green4.jpg&#8221; alt=&#8221;water conservation&#8221; _builder_version=&#8221;4.16&#8243; animation_style=&#8221;fade&#8221; box_shadow_style=&#8221;preset3&#8243; global_colors_info=&#8221;{}&#8221;][\/et_pb_image][et_pb_text _builder_version=&#8221;4.16&#8243; text_font_size=&#8221;16px&#8221; text_line_height=&#8221;1.8em&#8221; custom_margin=&#8221;0px||||false|false&#8221; custom_padding=&#8221;0px||||false|false&#8221; global_colors_info=&#8221;{}&#8221;] Water treatment strategies that minimize make [&hellip;]<\/p>\n","protected":false},"author":2,"featured_media":11106,"parent":0,"menu_order":0,"comment_status":"closed","ping_status":"closed","template":"","meta":{"_acf_changed":false,"_et_pb_use_builder":"on","_et_pb_old_content":"","_et_gb_content_width":"","content-type":"","_relevanssi_hide_post":"","_relevanssi_pin_for_all":"","_relevanssi_pin_keywords":"","_relevanssi_unpin_keywords":"","_relevanssi_related_keywords":"","_relevanssi_related_include_ids":"","_relevanssi_related_exclude_ids":"","_relevanssi_related_no_append":"","_relevanssi_related_not_related":"","_relevanssi_related_posts":"","_relevanssi_noindex_reason":"","footnotes":""},"class_list":["post-10501","page","type-page","status-publish","has-post-thumbnail","hentry"],"acf":[],"yoast_head":"<!-- This site is optimized with the Yoast SEO Premium plugin v21.2 (Yoast SEO v27.4) - https:\/\/yoast.com\/product\/yoast-seo-premium-wordpress\/ -->\n<title>Water Conservation - SPX Cooling Towers<\/title>\n<meta name=\"description\" content=\"Water treatment strategies that minimize\u00camake up\u00caand\u00cablow down\u00cacan offer the potential to gain water resource credits in LEED. The following processes all determine how efficiently your cooling operation uses water:\" \/>\n<meta name=\"robots\" content=\"index, follow, max-snippet:-1, max-image-preview:large, max-video-preview:-1\" \/>\n<link rel=\"canonical\" href=\"https:\/\/spxcooling.com\/de\/water-conservation\/\" \/>\n<meta property=\"og:locale\" content=\"de_DE\" \/>\n<meta property=\"og:type\" content=\"article\" \/>\n<meta property=\"og:title\" content=\"Water Conservation\" \/>\n<meta property=\"og:description\" content=\"Water treatment strategies that minimize\u00camake up\u00caand\u00cablow down\u00cacan offer the potential to gain water resource credits in LEED. The following processes all determine how efficiently your cooling operation uses water:\" \/>\n<meta property=\"og:url\" content=\"https:\/\/spxcooling.com\/de\/water-conservation\/\" \/>\n<meta property=\"og:site_name\" content=\"SPX Cooling Technologies\" \/>\n<meta property=\"article:publisher\" content=\"https:\/\/www.facebook.com\/SPX-Cooling-Technologies-182738268785153\" \/>\n<meta property=\"article:modified_time\" content=\"2023-11-30T19:52:03+00:00\" \/>\n<meta property=\"og:image\" content=\"https:\/\/spxcooling.com\/wp-content\/uploads\/greeninitiave.jpg\" \/>\n\t<meta property=\"og:image:width\" content=\"360\" \/>\n\t<meta property=\"og:image:height\" content=\"252\" \/>\n\t<meta property=\"og:image:type\" content=\"image\/jpeg\" \/>\n<meta name=\"twitter:card\" content=\"summary_large_image\" \/>\n<meta name=\"twitter:label1\" content=\"Gesch\u00e4tzte Lesezeit\" \/>\n\t<meta name=\"twitter:data1\" content=\"2\u00a0Minuten\" \/>\n<script type=\"application\/ld+json\" class=\"yoast-schema-graph\">{\"@context\":\"https:\\\/\\\/schema.org\",\"@graph\":[{\"@type\":\"WebPage\",\"@id\":\"https:\\\/\\\/spxcooling.com\\\/es\\\/water-conservation\\\/\",\"url\":\"https:\\\/\\\/spxcooling.com\\\/es\\\/water-conservation\\\/\",\"name\":\"Water Conservation - SPX Cooling Towers\",\"isPartOf\":{\"@id\":\"https:\\\/\\\/spxcooling.com\\\/#website\"},\"primaryImageOfPage\":{\"@id\":\"https:\\\/\\\/spxcooling.com\\\/es\\\/water-conservation\\\/#primaryimage\"},\"image\":{\"@id\":\"https:\\\/\\\/spxcooling.com\\\/es\\\/water-conservation\\\/#primaryimage\"},\"thumbnailUrl\":\"https:\\\/\\\/spxcooling.com\\\/wp-content\\\/uploads\\\/greeninitiave.jpg\",\"datePublished\":\"2019-12-04T20:24:29+00:00\",\"dateModified\":\"2023-11-30T19:52:03+00:00\",\"description\":\"Water treatment strategies that minimize\u00camake up\u00caand\u00cablow down\u00cacan offer the potential to gain water resource credits in LEED. The following processes all determine how efficiently your cooling operation uses water:\",\"breadcrumb\":{\"@id\":\"https:\\\/\\\/spxcooling.com\\\/es\\\/water-conservation\\\/#breadcrumb\"},\"inLanguage\":\"de\",\"potentialAction\":[{\"@type\":\"ReadAction\",\"target\":[\"https:\\\/\\\/spxcooling.com\\\/es\\\/water-conservation\\\/\"]}]},{\"@type\":\"ImageObject\",\"inLanguage\":\"de\",\"@id\":\"https:\\\/\\\/spxcooling.com\\\/es\\\/water-conservation\\\/#primaryimage\",\"url\":\"https:\\\/\\\/spxcooling.com\\\/wp-content\\\/uploads\\\/greeninitiave.jpg\",\"contentUrl\":\"https:\\\/\\\/spxcooling.com\\\/wp-content\\\/uploads\\\/greeninitiave.jpg\",\"width\":360,\"height\":252,\"caption\":\"Cooling tower environmental\"},{\"@type\":\"BreadcrumbList\",\"@id\":\"https:\\\/\\\/spxcooling.com\\\/es\\\/water-conservation\\\/#breadcrumb\",\"itemListElement\":[{\"@type\":\"ListItem\",\"position\":1,\"name\":\"Home\",\"item\":\"https:\\\/\\\/spxcooling.com\\\/fr\\\/\"},{\"@type\":\"ListItem\",\"position\":2,\"name\":\"Water Conservation\"}]},{\"@type\":\"WebSite\",\"@id\":\"https:\\\/\\\/spxcooling.com\\\/#website\",\"url\":\"https:\\\/\\\/spxcooling.com\\\/\",\"name\":\"SPX Cooling Technologies\",\"description\":\"COOLING TOWER PERFORMANCE, COOLING TOWER PARTS, AND COOLING TOWER SALES\",\"publisher\":{\"@id\":\"https:\\\/\\\/spxcooling.com\\\/#organization\"},\"potentialAction\":[{\"@type\":\"SearchAction\",\"target\":{\"@type\":\"EntryPoint\",\"urlTemplate\":\"https:\\\/\\\/spxcooling.com\\\/?s={search_term_string}\"},\"query-input\":{\"@type\":\"PropertyValueSpecification\",\"valueRequired\":true,\"valueName\":\"search_term_string\"}}],\"inLanguage\":\"de\"},{\"@type\":\"Organization\",\"@id\":\"https:\\\/\\\/spxcooling.com\\\/#organization\",\"name\":\"SPX Cooling Technologies, Inc.\",\"url\":\"https:\\\/\\\/spxcooling.com\\\/\",\"logo\":{\"@type\":\"ImageObject\",\"inLanguage\":\"de\",\"@id\":\"https:\\\/\\\/spxcooling.com\\\/#\\\/schema\\\/logo\\\/image\\\/\",\"url\":\"\\\/wp-content\\\/uploads\\\/spxcoolingtowerslogos2023.png\",\"contentUrl\":\"\\\/wp-content\\\/uploads\\\/spxcoolingtowerslogos2023.png\",\"width\":1477,\"height\":268,\"caption\":\"SPX Cooling Technologies, Inc.\"},\"image\":{\"@id\":\"https:\\\/\\\/spxcooling.com\\\/#\\\/schema\\\/logo\\\/image\\\/\"},\"sameAs\":[\"https:\\\/\\\/www.facebook.com\\\/SPX-Cooling-Technologies-182738268785153\",\"https:\\\/\\\/www.linkedin.com\\\/company\\\/spx-cooling-technologies\\\/mycompany\\\/?viewAsMember=true\"]}]}<\/script>\n<!-- \/ Yoast SEO Premium plugin. -->","yoast_head_json":{"title":"Water Conservation - SPX Cooling Towers","description":"Water treatment strategies that minimize\u00camake up\u00caand\u00cablow down\u00cacan offer the potential to gain water resource credits in LEED. The following processes all determine how efficiently your cooling operation uses water:","robots":{"index":"index","follow":"follow","max-snippet":"max-snippet:-1","max-image-preview":"max-image-preview:large","max-video-preview":"max-video-preview:-1"},"canonical":"https:\/\/spxcooling.com\/de\/water-conservation\/","og_locale":"de_DE","og_type":"article","og_title":"Water Conservation","og_description":"Water treatment strategies that minimize\u00camake up\u00caand\u00cablow down\u00cacan offer the potential to gain water resource credits in LEED. The following processes all determine how efficiently your cooling operation uses water:","og_url":"https:\/\/spxcooling.com\/de\/water-conservation\/","og_site_name":"SPX Cooling Technologies","article_publisher":"https:\/\/www.facebook.com\/SPX-Cooling-Technologies-182738268785153","article_modified_time":"2023-11-30T19:52:03+00:00","og_image":[{"width":360,"height":252,"url":"https:\/\/spxcooling.com\/wp-content\/uploads\/greeninitiave.jpg","type":"image\/jpeg"}],"twitter_card":"summary_large_image","twitter_misc":{"Gesch\u00e4tzte Lesezeit":"2\u00a0Minuten"},"schema":{"@context":"https:\/\/schema.org","@graph":[{"@type":"WebPage","@id":"https:\/\/spxcooling.com\/es\/water-conservation\/","url":"https:\/\/spxcooling.com\/es\/water-conservation\/","name":"Water Conservation - SPX Cooling Towers","isPartOf":{"@id":"https:\/\/spxcooling.com\/#website"},"primaryImageOfPage":{"@id":"https:\/\/spxcooling.com\/es\/water-conservation\/#primaryimage"},"image":{"@id":"https:\/\/spxcooling.com\/es\/water-conservation\/#primaryimage"},"thumbnailUrl":"https:\/\/spxcooling.com\/wp-content\/uploads\/greeninitiave.jpg","datePublished":"2019-12-04T20:24:29+00:00","dateModified":"2023-11-30T19:52:03+00:00","description":"Water treatment strategies that minimize\u00camake up\u00caand\u00cablow down\u00cacan offer the potential to gain water resource credits in LEED. The following processes all determine how efficiently your cooling operation uses water:","breadcrumb":{"@id":"https:\/\/spxcooling.com\/es\/water-conservation\/#breadcrumb"},"inLanguage":"de","potentialAction":[{"@type":"ReadAction","target":["https:\/\/spxcooling.com\/es\/water-conservation\/"]}]},{"@type":"ImageObject","inLanguage":"de","@id":"https:\/\/spxcooling.com\/es\/water-conservation\/#primaryimage","url":"https:\/\/spxcooling.com\/wp-content\/uploads\/greeninitiave.jpg","contentUrl":"https:\/\/spxcooling.com\/wp-content\/uploads\/greeninitiave.jpg","width":360,"height":252,"caption":"Cooling tower environmental"},{"@type":"BreadcrumbList","@id":"https:\/\/spxcooling.com\/es\/water-conservation\/#breadcrumb","itemListElement":[{"@type":"ListItem","position":1,"name":"Home","item":"https:\/\/spxcooling.com\/fr\/"},{"@type":"ListItem","position":2,"name":"Water Conservation"}]},{"@type":"WebSite","@id":"https:\/\/spxcooling.com\/#website","url":"https:\/\/spxcooling.com\/","name":"SPX-K\u00fchltechnologien","description":"K\u00dcHLTURMLEISTUNG, K\u00dcHLTURMTEILE UND K\u00dcHLTURMVERKAUF","publisher":{"@id":"https:\/\/spxcooling.com\/#organization"},"potentialAction":[{"@type":"SearchAction","target":{"@type":"EntryPoint","urlTemplate":"https:\/\/spxcooling.com\/?s={search_term_string}"},"query-input":{"@type":"PropertyValueSpecification","valueRequired":true,"valueName":"search_term_string"}}],"inLanguage":"de"},{"@type":"Organization","@id":"https:\/\/spxcooling.com\/#organization","name":"SPX Cooling Technologies, Inc.","url":"https:\/\/spxcooling.com\/","logo":{"@type":"ImageObject","inLanguage":"de","@id":"https:\/\/spxcooling.com\/#\/schema\/logo\/image\/","url":"\/wp-content\/uploads\/spxcoolingtowerslogos2023.png","contentUrl":"\/wp-content\/uploads\/spxcoolingtowerslogos2023.png","width":1477,"height":268,"caption":"SPX Cooling Technologies, Inc."},"image":{"@id":"https:\/\/spxcooling.com\/#\/schema\/logo\/image\/"},"sameAs":["https:\/\/www.facebook.com\/SPX-Cooling-Technologies-182738268785153","https:\/\/www.linkedin.com\/company\/spx-cooling-technologies\/mycompany\/?viewAsMember=true"]}]}},"_links":{"self":[{"href":"https:\/\/spxcooling.com\/de\/wp-json\/wp\/v2\/pages\/10501","targetHints":{"allow":["GET"]}}],"collection":[{"href":"https:\/\/spxcooling.com\/de\/wp-json\/wp\/v2\/pages"}],"about":[{"href":"https:\/\/spxcooling.com\/de\/wp-json\/wp\/v2\/types\/page"}],"author":[{"embeddable":true,"href":"https:\/\/spxcooling.com\/de\/wp-json\/wp\/v2\/users\/2"}],"replies":[{"embeddable":true,"href":"https:\/\/spxcooling.com\/de\/wp-json\/wp\/v2\/comments?post=10501"}],"version-history":[{"count":9,"href":"https:\/\/spxcooling.com\/de\/wp-json\/wp\/v2\/pages\/10501\/revisions"}],"predecessor-version":[{"id":25677,"href":"https:\/\/spxcooling.com\/de\/wp-json\/wp\/v2\/pages\/10501\/revisions\/25677"}],"wp:featuredmedia":[{"embeddable":true,"href":"https:\/\/spxcooling.com\/de\/wp-json\/wp\/v2\/media\/11106"}],"wp:attachment":[{"href":"https:\/\/spxcooling.com\/de\/wp-json\/wp\/v2\/media?parent=10501"}],"curies":[{"name":"wp","href":"https:\/\/api.w.org\/{rel}","templated":true}]}}