{"id":16996,"date":"2020-09-17T12:15:09","date_gmt":"2020-09-17T17:15:09","guid":{"rendered":"\/?page_id=16996"},"modified":"2021-01-06T12:38:03","modified_gmt":"2021-01-06T18:38:03","slug":"school-of-cool-controls-overview-and-troubleshooting","status":"publish","type":"page","link":"https:\/\/spxcooling.com\/de\/school-of-cool-controls-overview-and-troubleshooting\/","title":{"rendered":"School of Cool &#8211; Controls Overview and Troubleshooting"},"content":{"rendered":"","protected":true},"excerpt":{"rendered":"","protected":true},"author":2,"featured_media":0,"parent":0,"menu_order":0,"comment_status":"closed","ping_status":"closed","template":"","meta":{"_acf_changed":false,"_et_pb_use_builder":"on","_et_pb_old_content":"","_et_gb_content_width":"","content-type":"","_relevanssi_hide_post":"","_relevanssi_pin_for_all":"","_relevanssi_pin_keywords":"","_relevanssi_unpin_keywords":"","_relevanssi_related_keywords":"","_relevanssi_related_include_ids":"","_relevanssi_related_exclude_ids":"","_relevanssi_related_no_append":"","_relevanssi_related_not_related":"","_relevanssi_related_posts":"9713,13667,9818,9820,9706,5613","_relevanssi_noindex_reason":"","footnotes":""},"class_list":["post-16996","page","type-page","status-publish","post-password-required","hentry"],"acf":[],"yoast_head":"<!-- This site is optimized with the Yoast SEO Premium plugin v21.2 (Yoast SEO v27.2) - https:\/\/yoast.com\/product\/yoast-seo-premium-wordpress\/ -->\n<title>School of Cool - Controls Overview and Troubleshooting - SPX Cooling Technologies<\/title>\n<meta name=\"robots\" content=\"index, follow, max-snippet:-1, max-image-preview:large, max-video-preview:-1\" \/>\n<link rel=\"canonical\" href=\"https:\/\/spxcooling.com\/de\/school-of-cool-controls-overview-and-troubleshooting\/\" \/>\n<meta property=\"og:locale\" content=\"de_DE\" \/>\n<meta property=\"og:type\" content=\"article\" \/>\n<meta property=\"og:title\" content=\"School of Cool - Controls Overview and Troubleshooting\" \/>\n<meta property=\"og:description\" content=\"Es gibt keinen Textauszug, da dies ein gesch\u00fctzter Beitrag ist.\" \/>\n<meta property=\"og:url\" content=\"https:\/\/spxcooling.com\/de\/school-of-cool-controls-overview-and-troubleshooting\/\" \/>\n<meta property=\"og:site_name\" content=\"SPX Cooling Technologies\" \/>\n<meta property=\"article:publisher\" content=\"https:\/\/www.facebook.com\/SPX-Cooling-Technologies-182738268785153\" \/>\n<meta property=\"article:modified_time\" content=\"2021-01-06T18:38:03+00:00\" \/>\n<meta name=\"twitter:card\" content=\"summary_large_image\" \/>\n<meta name=\"twitter:label1\" content=\"Gesch\u00e4tzte Lesezeit\" \/>\n\t<meta name=\"twitter:data1\" content=\"2\u00a0Minuten\" \/>\n<script type=\"application\/ld+json\" class=\"yoast-schema-graph\">{\"@context\":\"https:\/\/schema.org\",\"@graph\":[{\"@type\":\"WebPage\",\"@id\":\"https:\/\/spxcooling.com\/school-of-cool-controls-overview-and-troubleshooting\/\",\"url\":\"https:\/\/spxcooling.com\/school-of-cool-controls-overview-and-troubleshooting\/\",\"name\":\"School of Cool - Controls Overview and Troubleshooting - SPX Cooling Technologies\",\"isPartOf\":{\"@id\":\"https:\/\/spxcooling.com\/es\/#website\"},\"datePublished\":\"2020-09-17T17:15:09+00:00\",\"dateModified\":\"2021-01-06T18:38:03+00:00\",\"breadcrumb\":{\"@id\":\"https:\/\/spxcooling.com\/school-of-cool-controls-overview-and-troubleshooting\/#breadcrumb\"},\"inLanguage\":\"de\"},{\"@type\":\"WebSite\",\"@id\":\"https:\/\/spxcooling.com\/es\/#website\",\"url\":\"https:\/\/spxcooling.com\/es\/\",\"name\":\"SPX Cooling Technologies\",\"description\":\"COOLING TOWER PERFORMANCE, COOLING TOWER PARTS, AND COOLING TOWER SALES\",\"publisher\":{\"@id\":\"https:\/\/spxcooling.com\/es\/#organization\"},\"potentialAction\":[{\"@type\":\"SearchAction\",\"target\":{\"@type\":\"EntryPoint\",\"urlTemplate\":\"https:\/\/spxcooling.com\/es\/?s={search_term_string}\"},\"query-input\":{\"@type\":\"PropertyValueSpecification\",\"valueRequired\":true,\"valueName\":\"search_term_string\"}}],\"inLanguage\":\"de\"},{\"@type\":\"Organization\",\"@id\":\"https:\/\/spxcooling.com\/es\/#organization\",\"name\":\"SPX Cooling Technologies, Inc.\",\"url\":\"https:\/\/spxcooling.com\/es\/\",\"logo\":{\"@type\":\"ImageObject\",\"inLanguage\":\"de\",\"@id\":\"https:\/\/spxcooling.com\/es\/#\/schema\/logo\/image\/\",\"url\":\"\/wp-content\/uploads\/spxcoolingtowerslogos2023.png\",\"contentUrl\":\"\/wp-content\/uploads\/spxcoolingtowerslogos2023.png\",\"width\":1477,\"height\":268,\"caption\":\"SPX Cooling Technologies, Inc.\"},\"image\":{\"@id\":\"https:\/\/spxcooling.com\/es\/#\/schema\/logo\/image\/\"},\"sameAs\":[\"https:\/\/www.facebook.com\/SPX-Cooling-Technologies-182738268785153\",\"https:\/\/www.linkedin.com\/company\/spx-cooling-technologies\/mycompany\/?viewAsMember=true\"]}]}<\/script>\n<!-- \/ Yoast SEO Premium plugin. -->","yoast_head_json":{"title":"School of Cool - Controls Overview and Troubleshooting - SPX Cooling Technologies","robots":{"index":"index","follow":"follow","max-snippet":"max-snippet:-1","max-image-preview":"max-image-preview:large","max-video-preview":"max-video-preview:-1"},"canonical":"https:\/\/spxcooling.com\/de\/school-of-cool-controls-overview-and-troubleshooting\/","og_locale":"de_DE","og_type":"article","og_title":"School of Cool - Controls Overview and Troubleshooting","og_description":"Es gibt keinen Textauszug, da dies ein gesch\u00fctzter Beitrag ist.","og_url":"https:\/\/spxcooling.com\/de\/school-of-cool-controls-overview-and-troubleshooting\/","og_site_name":"SPX Cooling Technologies","article_publisher":"https:\/\/www.facebook.com\/SPX-Cooling-Technologies-182738268785153","article_modified_time":"2021-01-06T18:38:03+00:00","twitter_card":"summary_large_image","twitter_misc":{"Gesch\u00e4tzte Lesezeit":"2\u00a0Minuten"},"schema":{"@context":"https:\/\/schema.org","@graph":[{"@type":"WebPage","@id":"https:\/\/spxcooling.com\/school-of-cool-controls-overview-and-troubleshooting\/","url":"https:\/\/spxcooling.com\/school-of-cool-controls-overview-and-troubleshooting\/","name":"School of Cool - Controls Overview and Troubleshooting - SPX Cooling Technologies","isPartOf":{"@id":"https:\/\/spxcooling.com\/es\/#website"},"datePublished":"2020-09-17T17:15:09+00:00","dateModified":"2021-01-06T18:38:03+00:00","breadcrumb":{"@id":"https:\/\/spxcooling.com\/school-of-cool-controls-overview-and-troubleshooting\/#breadcrumb"},"inLanguage":"de"},{"@type":"WebSite","@id":"https:\/\/spxcooling.com\/es\/#website","url":"https:\/\/spxcooling.com\/es\/","name":"SPX-K\u00fchltechnologien","description":"K\u00dcHLTURMLEISTUNG, K\u00dcHLTURMTEILE UND K\u00dcHLTURMVERKAUF","publisher":{"@id":"https:\/\/spxcooling.com\/es\/#organization"},"potentialAction":[{"@type":"SearchAction","target":{"@type":"EntryPoint","urlTemplate":"https:\/\/spxcooling.com\/es\/?s={search_term_string}"},"query-input":{"@type":"PropertyValueSpecification","valueRequired":true,"valueName":"search_term_string"}}],"inLanguage":"de"},{"@type":"Organization","@id":"https:\/\/spxcooling.com\/es\/#organization","name":"SPX Cooling Technologies, Inc.","url":"https:\/\/spxcooling.com\/es\/","logo":{"@type":"ImageObject","inLanguage":"de","@id":"https:\/\/spxcooling.com\/es\/#\/schema\/logo\/image\/","url":"\/wp-content\/uploads\/spxcoolingtowerslogos2023.png","contentUrl":"\/wp-content\/uploads\/spxcoolingtowerslogos2023.png","width":1477,"height":268,"caption":"SPX Cooling Technologies, Inc."},"image":{"@id":"https:\/\/spxcooling.com\/es\/#\/schema\/logo\/image\/"},"sameAs":["https:\/\/www.facebook.com\/SPX-Cooling-Technologies-182738268785153","https:\/\/www.linkedin.com\/company\/spx-cooling-technologies\/mycompany\/?viewAsMember=true"]}]}},"_links":{"self":[{"href":"https:\/\/spxcooling.com\/de\/wp-json\/wp\/v2\/pages\/16996","targetHints":{"allow":["GET"]}}],"collection":[{"href":"https:\/\/spxcooling.com\/de\/wp-json\/wp\/v2\/pages"}],"about":[{"href":"https:\/\/spxcooling.com\/de\/wp-json\/wp\/v2\/types\/page"}],"author":[{"embeddable":true,"href":"https:\/\/spxcooling.com\/de\/wp-json\/wp\/v2\/users\/2"}],"replies":[{"embeddable":true,"href":"https:\/\/spxcooling.com\/de\/wp-json\/wp\/v2\/comments?post=16996"}],"version-history":[{"count":23,"href":"https:\/\/spxcooling.com\/de\/wp-json\/wp\/v2\/pages\/16996\/revisions"}],"predecessor-version":[{"id":17864,"href":"https:\/\/spxcooling.com\/de\/wp-json\/wp\/v2\/pages\/16996\/revisions\/17864"}],"wp:attachment":[{"href":"https:\/\/spxcooling.com\/de\/wp-json\/wp\/v2\/media?parent=16996"}],"curies":[{"name":"wp","href":"https:\/\/api.w.org\/{rel}","templated":true}]}}