{"id":9031,"date":"2019-10-15T11:34:57","date_gmt":"2019-10-15T16:34:57","guid":{"rendered":"\/?page_id=9031"},"modified":"2023-05-10T14:17:17","modified_gmt":"2023-05-10T19:17:17","slug":"couplings-driveshafts","status":"publish","type":"page","link":"https:\/\/spxcooling.com\/de\/cooling-tower-parts\/couplings-driveshafts\/","title":{"rendered":"Kupplungen und Antriebswellen"},"content":{"rendered":"<p>[et_pb_section fb_built=&#8221;1&#8243; admin_label=&#8221;Featured Places&#8221; _builder_version=&#8221;4.16&#8243; background_color=&#8221;#ffffff&#8221; custom_padding=&#8221;12px|0px|100px|0px||&#8221; global_colors_info=&#8221;{}&#8221;][et_pb_row _builder_version=&#8221;4.16&#8243; custom_margin=&#8221;-6px|auto|-5px|auto||&#8221; custom_padding=&#8221;15px|||||&#8221; global_colors_info=&#8221;{}&#8221;][et_pb_column type=&#8221;4_4&#8243; _builder_version=&#8221;4.16&#8243; custom_padding=&#8221;|||&#8221; global_colors_info=&#8221;{}&#8221; custom_padding__hover=&#8221;|||&#8221;][et_pb_text _builder_version=&#8221;4.16&#8243; text_font=&#8221;Lato||||||||&#8221; text_text_color=&#8221;#898f99&#8243; text_font_size=&#8221;16px&#8221; header_font=&#8221;|700|||||||&#8221; header_font_size=&#8221;42px&#8221; header_2_font=&#8221;Lato|700|||||||&#8221; header_2_font_size=&#8221;42px&#8221; header_2_line_height=&#8221;1.5em&#8221; header_3_font=&#8221;||||||||&#8221; text_orientation=&#8221;center&#8221; max_width=&#8221;1000px&#8221; module_alignment=&#8221;center&#8221; custom_margin=&#8221;||0px||false|false&#8221; custom_margin_tablet=&#8221;&#8221; custom_margin_phone=&#8221;||6px||false|false&#8221; custom_margin_last_edited=&#8221;on|phone&#8221; custom_padding=&#8221;0px|0px|0px|0px|false|false&#8221; header_2_line_height_tablet=&#8221;&#8221; header_2_line_height_phone=&#8221;1em&#8221; header_2_line_height_last_edited=&#8221;on|phone&#8221; text_text_align=&#8221;center&#8221; global_colors_info=&#8221;{}&#8221;]<\/p>\n<h1>Cooling Tower Couplings &amp; Driveshafts<\/h1>\n<p>Couplings and driveshafts must be <strong>strong<\/strong> and <strong>durable<\/strong> to <strong>efficiently transmit power<\/strong> from the motor to the gearbox. Marley mechanical components are specifically designed for cooling tower duty.[\/et_pb_text][\/et_pb_column][\/et_pb_row][et_pb_row column_structure=&#8221;1_3,1_3,1_3&#8243; _builder_version=&#8221;4.16&#8243; max_width=&#8221;1440px&#8221; custom_margin=&#8221;4px|auto||auto||&#8221; custom_padding=&#8221;0px|0px|10px|0px||&#8221; use_custom_width=&#8221;on&#8221; custom_width_px=&#8221;1440px&#8221; global_colors_info=&#8221;{}&#8221;][et_pb_column type=&#8221;1_3&#8243; _builder_version=&#8221;4.16&#8243; background_color=&#8221;#ffffff&#8221; custom_padding=&#8221;|||&#8221; global_colors_info=&#8221;{}&#8221; custom_padding__hover=&#8221;|||&#8221;][et_pb_image src=&#8221;\/wp-content\/uploads\/Comp-DS-Driveshaft.jpg&#8221; alt=&#8221;Comp DS Driveshaft&#8221; url=&#8221;\/cooling-tower-parts\/couplings-driveshafts\/driveshaft-flex-coupling\/&#8221; force_fullwidth=&#8221;on&#8221; align_tablet=&#8221;center&#8221; align_phone=&#8221;&#8221; align_last_edited=&#8221;on|desktop&#8221; _builder_version=&#8221;4.21.0&#8243; custom_margin=&#8221;||-10px||false|false&#8221; hover_enabled=&#8221;0&#8243; border_width_all=&#8221;1px&#8221; border_color_all=&#8221;#8f8f8f&#8221; global_colors_info=&#8221;{}&#8221; sticky_enabled=&#8221;0&#8243;][\/et_pb_image][et_pb_button button_url=&#8221;\/cooling-tower-parts\/couplings-driveshafts\/driveshaft-flex-coupling\/&#8221; button_text=&#8221;Driveshaft &#8211; Flex Coupling&#8221; button_alignment=&#8221;center&#8221; _builder_version=&#8221;4.21.0&#8243; custom_button=&#8221;on&#8221; button_text_size=&#8221;12px&#8221; button_text_color=&#8221;#0c71c3&#8243; button_bg_color=&#8221;#ffffff&#8221; button_border_width=&#8221;1px&#8221; button_border_color=&#8221;#8f8f8f&#8221; button_border_radius=&#8221;2px&#8221; button_letter_spacing=&#8221;1px&#8221; button_font=&#8221;Lato|700||on|||||&#8221; button_icon=&#8221;&#x35;||divi||400&#8243; background_layout=&#8221;dark&#8221; custom_margin=&#8221;0px||0px||false|false&#8221; custom_padding=&#8221;8px||8px||false|false&#8221; hover_enabled=&#8221;0&#8243; button_letter_spacing_hover=&#8221;1px&#8221; global_colors_info=&#8221;{}&#8221; button_text_size__hover_enabled=&#8221;off&#8221; button_one_text_size__hover_enabled=&#8221;off&#8221; button_two_text_size__hover_enabled=&#8221;off&#8221; button_text_color__hover_enabled=&#8221;off&#8221; button_one_text_color__hover_enabled=&#8221;off&#8221; button_two_text_color__hover_enabled=&#8221;off&#8221; button_border_width__hover_enabled=&#8221;off&#8221; button_one_border_width__hover_enabled=&#8221;off&#8221; button_two_border_width__hover_enabled=&#8221;off&#8221; button_border_color__hover_enabled=&#8221;off&#8221; button_one_border_color__hover_enabled=&#8221;off&#8221; button_two_border_color__hover_enabled=&#8221;off&#8221; button_border_radius__hover_enabled=&#8221;off&#8221; button_one_border_radius__hover_enabled=&#8221;off&#8221; button_two_border_radius__hover_enabled=&#8221;off&#8221; button_letter_spacing__hover_enabled=&#8221;on&#8221; button_letter_spacing__hover=&#8221;1px&#8221; button_one_letter_spacing__hover_enabled=&#8221;off&#8221; button_two_letter_spacing__hover_enabled=&#8221;off&#8221; button_bg_color__hover_enabled=&#8221;off&#8221; button_one_bg_color__hover_enabled=&#8221;off&#8221; button_two_bg_color__hover_enabled=&#8221;off&#8221; sticky_enabled=&#8221;0&#8243;][\/et_pb_button][\/et_pb_column][et_pb_column type=&#8221;1_3&#8243; _builder_version=&#8221;4.16&#8243; background_color=&#8221;#ffffff&#8221; custom_padding=&#8221;|||&#8221; global_colors_info=&#8221;{}&#8221; custom_padding__hover=&#8221;|||&#8221;][et_pb_image src=&#8221;\/wp-content\/uploads\/Softorq-Coupling.jpg&#8221; alt=&#8221;Softorq Coupling&#8221; url=&#8221;\/cooling-tower-parts\/couplings-driveshafts\/coupling\/&#8221; force_fullwidth=&#8221;on&#8221; align_tablet=&#8221;center&#8221; align_phone=&#8221;&#8221; align_last_edited=&#8221;on|desktop&#8221; _builder_version=&#8221;4.21.0&#8243; custom_margin=&#8221;||-10px||false|false&#8221; hover_enabled=&#8221;0&#8243; border_width_all=&#8221;1px&#8221; border_color_all=&#8221;#8f8f8f&#8221; locked=&#8221;off&#8221; global_colors_info=&#8221;{}&#8221; sticky_enabled=&#8221;0&#8243;][\/et_pb_image][et_pb_button button_url=&#8221;\/cooling-tower-parts\/couplings-driveshafts\/coupling\/&#8221; button_text=&#8221;Couplings&#8221; button_alignment=&#8221;center&#8221; _builder_version=&#8221;4.21.0&#8243; custom_button=&#8221;on&#8221; button_text_size=&#8221;12px&#8221; button_text_color=&#8221;#0c71c3&#8243; button_bg_color=&#8221;#ffffff&#8221; button_border_width=&#8221;1px&#8221; button_border_color=&#8221;#8f8f8f&#8221; button_border_radius=&#8221;2px&#8221; button_letter_spacing=&#8221;1px&#8221; button_font=&#8221;Lato|700||on|||||&#8221; button_icon=&#8221;&#x35;||divi||400&#8243; background_layout=&#8221;dark&#8221; custom_margin=&#8221;0px||0px||false|false&#8221; custom_padding=&#8221;8px||8px||false|false&#8221; hover_enabled=&#8221;0&#8243; button_letter_spacing_hover=&#8221;1px&#8221; global_colors_info=&#8221;{}&#8221; button_text_size__hover_enabled=&#8221;off&#8221; button_one_text_size__hover_enabled=&#8221;off&#8221; button_two_text_size__hover_enabled=&#8221;off&#8221; button_text_color__hover_enabled=&#8221;off&#8221; button_one_text_color__hover_enabled=&#8221;off&#8221; button_two_text_color__hover_enabled=&#8221;off&#8221; button_border_width__hover_enabled=&#8221;off&#8221; button_one_border_width__hover_enabled=&#8221;off&#8221; button_two_border_width__hover_enabled=&#8221;off&#8221; button_border_color__hover_enabled=&#8221;off&#8221; button_one_border_color__hover_enabled=&#8221;off&#8221; button_two_border_color__hover_enabled=&#8221;off&#8221; button_border_radius__hover_enabled=&#8221;off&#8221; button_one_border_radius__hover_enabled=&#8221;off&#8221; button_two_border_radius__hover_enabled=&#8221;off&#8221; button_letter_spacing__hover_enabled=&#8221;on&#8221; button_letter_spacing__hover=&#8221;1px&#8221; button_one_letter_spacing__hover_enabled=&#8221;off&#8221; button_two_letter_spacing__hover_enabled=&#8221;off&#8221; button_bg_color__hover_enabled=&#8221;off&#8221; button_one_bg_color__hover_enabled=&#8221;off&#8221; button_two_bg_color__hover_enabled=&#8221;off&#8221; sticky_enabled=&#8221;0&#8243;][\/et_pb_button][\/et_pb_column][et_pb_column type=&#8221;1_3&#8243; _builder_version=&#8221;4.16&#8243; background_color=&#8221;#ffffff&#8221; custom_padding=&#8221;|||&#8221; global_colors_info=&#8221;{}&#8221; custom_padding__hover=&#8221;|||&#8221;][et_pb_image src=&#8221;\/wp-content\/uploads\/Flex-Bushing-Driveshaft.jpg&#8221; alt=&#8221;Flex Bushing Driveshaft&#8221; url=&#8221;\/cooling-tower-parts\/couplings-driveshafts\/driveshaft-flex-bushing\/&#8221; force_fullwidth=&#8221;on&#8221; align_tablet=&#8221;center&#8221; align_phone=&#8221;&#8221; align_last_edited=&#8221;on|desktop&#8221; _builder_version=&#8221;4.21.0&#8243; custom_margin=&#8221;||-10px||false|false&#8221; hover_enabled=&#8221;0&#8243; border_width_all=&#8221;1px&#8221; border_color_all=&#8221;#8f8f8f&#8221; locked=&#8221;off&#8221; global_colors_info=&#8221;{}&#8221; sticky_enabled=&#8221;0&#8243;][\/et_pb_image][et_pb_button button_url=&#8221;\/cooling-tower-parts\/couplings-driveshafts\/driveshaft-flex-bushing\/&#8221; button_text=&#8221;Driveshaft &#8211; Flex Bushing&#8221; button_alignment=&#8221;center&#8221; _builder_version=&#8221;4.21.0&#8243; custom_button=&#8221;on&#8221; button_text_size=&#8221;12px&#8221; button_text_color=&#8221;#0c71c3&#8243; button_bg_color=&#8221;#ffffff&#8221; button_border_width=&#8221;1px&#8221; button_border_color=&#8221;#8f8f8f&#8221; button_border_radius=&#8221;2px&#8221; button_letter_spacing=&#8221;1px&#8221; button_font=&#8221;Lato|700||on|||||&#8221; button_icon=&#8221;&#x35;||divi||400&#8243; background_layout=&#8221;dark&#8221; custom_margin=&#8221;0px||0px||false|false&#8221; custom_padding=&#8221;8px||8px||false|false&#8221; hover_enabled=&#8221;0&#8243; button_letter_spacing_hover=&#8221;1px&#8221; global_colors_info=&#8221;{}&#8221; button_text_size__hover_enabled=&#8221;off&#8221; button_one_text_size__hover_enabled=&#8221;off&#8221; button_two_text_size__hover_enabled=&#8221;off&#8221; button_text_color__hover_enabled=&#8221;off&#8221; button_one_text_color__hover_enabled=&#8221;off&#8221; button_two_text_color__hover_enabled=&#8221;off&#8221; button_border_width__hover_enabled=&#8221;off&#8221; button_one_border_width__hover_enabled=&#8221;off&#8221; button_two_border_width__hover_enabled=&#8221;off&#8221; button_border_color__hover_enabled=&#8221;off&#8221; button_one_border_color__hover_enabled=&#8221;off&#8221; button_two_border_color__hover_enabled=&#8221;off&#8221; button_border_radius__hover_enabled=&#8221;off&#8221; button_one_border_radius__hover_enabled=&#8221;off&#8221; button_two_border_radius__hover_enabled=&#8221;off&#8221; button_letter_spacing__hover_enabled=&#8221;on&#8221; button_letter_spacing__hover=&#8221;1px&#8221; button_one_letter_spacing__hover_enabled=&#8221;off&#8221; button_two_letter_spacing__hover_enabled=&#8221;off&#8221; button_bg_color__hover_enabled=&#8221;off&#8221; button_one_bg_color__hover_enabled=&#8221;off&#8221; button_two_bg_color__hover_enabled=&#8221;off&#8221; sticky_enabled=&#8221;0&#8243;][\/et_pb_button][\/et_pb_column][\/et_pb_row][\/et_pb_section]<\/p>\n","protected":false},"excerpt":{"rendered":"<p>Kupplungen und Antriebswellen f\u00fcr K\u00fchlt\u00fcrme m\u00fcssen robust und langlebig sein, um die Kraft effizient vom Motor auf das Getriebe zu \u00fcbertragen. Die mechanischen Komponenten des Typs Marley sind speziell f\u00fcr den Einsatz in K\u00fchlt\u00fcrmen konzipiert.<\/p>","protected":false},"author":2,"featured_media":10741,"parent":863,"menu_order":0,"comment_status":"closed","ping_status":"closed","template":"","meta":{"_acf_changed":false,"_et_pb_use_builder":"on","_et_pb_old_content":"","_et_gb_content_width":"","content-type":"","_relevanssi_hide_post":"","_relevanssi_pin_for_all":"","_relevanssi_pin_keywords":"","_relevanssi_unpin_keywords":"","_relevanssi_related_keywords":"","_relevanssi_related_include_ids":"","_relevanssi_related_exclude_ids":"","_relevanssi_related_no_append":"","_relevanssi_related_not_related":"","_relevanssi_related_posts":"9952,5640,5624,9675,9717,9817","_relevanssi_noindex_reason":"","footnotes":""},"class_list":["post-9031","page","type-page","status-publish","has-post-thumbnail","hentry"],"acf":[],"yoast_head":"<!-- This site is optimized with the Yoast SEO Premium plugin v21.2 (Yoast SEO v27.2) - https:\/\/yoast.com\/product\/yoast-seo-premium-wordpress\/ -->\n<title>Couplings &amp; Driveshafts - SPX Cooling Towers<\/title>\n<meta name=\"description\" content=\"Couplings and driveshafts must be strong and durable to efficiently transmit power from the motor to the gearbox. Marley mechanical components are specifically designed for cooling tower duty.\" \/>\n<meta name=\"robots\" content=\"index, follow, max-snippet:-1, max-image-preview:large, max-video-preview:-1\" \/>\n<link rel=\"canonical\" href=\"https:\/\/spxcooling.com\/de\/cooling-tower-parts\/couplings-driveshafts\/\" \/>\n<meta property=\"og:locale\" content=\"de_DE\" \/>\n<meta property=\"og:type\" content=\"article\" \/>\n<meta property=\"og:title\" content=\"Couplings &amp; Driveshafts\" \/>\n<meta property=\"og:description\" content=\"Couplings and driveshafts must be strong and durable to efficiently transmit power from the motor to the gearbox. Marley mechanical components are specifically designed for cooling tower duty.\" \/>\n<meta property=\"og:url\" content=\"https:\/\/spxcooling.com\/de\/cooling-tower-parts\/couplings-driveshafts\/\" \/>\n<meta property=\"og:site_name\" content=\"SPX Cooling Technologies\" \/>\n<meta property=\"article:publisher\" content=\"https:\/\/www.facebook.com\/SPX-Cooling-Technologies-182738268785153\" \/>\n<meta property=\"article:modified_time\" content=\"2023-05-10T19:17:17+00:00\" \/>\n<meta property=\"og:image\" content=\"https:\/\/spxcooling.com\/wp-content\/uploads\/Comp_ds_1A_400_280.jpg\" \/>\n\t<meta property=\"og:image:width\" content=\"400\" \/>\n\t<meta property=\"og:image:height\" content=\"280\" \/>\n\t<meta property=\"og:image:type\" content=\"image\/jpeg\" \/>\n<meta name=\"twitter:card\" content=\"summary_large_image\" \/>\n<meta name=\"twitter:label1\" content=\"Gesch\u00e4tzte Lesezeit\" \/>\n\t<meta name=\"twitter:data1\" content=\"6\u00a0Minuten\" \/>\n<script type=\"application\/ld+json\" class=\"yoast-schema-graph\">{\"@context\":\"https:\/\/schema.org\",\"@graph\":[{\"@type\":\"WebPage\",\"@id\":\"https:\/\/spxcooling.com\/cooling-tower-parts\/couplings-driveshafts\/\",\"url\":\"https:\/\/spxcooling.com\/cooling-tower-parts\/couplings-driveshafts\/\",\"name\":\"Couplings & Driveshafts - SPX Cooling Towers\",\"isPartOf\":{\"@id\":\"https:\/\/spxcooling.com\/it\/#website\"},\"primaryImageOfPage\":{\"@id\":\"https:\/\/spxcooling.com\/cooling-tower-parts\/couplings-driveshafts\/#primaryimage\"},\"image\":{\"@id\":\"https:\/\/spxcooling.com\/cooling-tower-parts\/couplings-driveshafts\/#primaryimage\"},\"thumbnailUrl\":\"https:\/\/spxcooling.com\/wp-content\/uploads\/Comp_ds_1A_400_280.jpg\",\"datePublished\":\"2019-10-15T16:34:57+00:00\",\"dateModified\":\"2023-05-10T19:17:17+00:00\",\"description\":\"Couplings and driveshafts must be strong and durable to efficiently transmit power from the motor to the gearbox. Marley mechanical components are specifically designed for cooling tower duty.\",\"breadcrumb\":{\"@id\":\"https:\/\/spxcooling.com\/cooling-tower-parts\/couplings-driveshafts\/#breadcrumb\"},\"inLanguage\":\"de\",\"potentialAction\":[{\"@type\":\"ReadAction\",\"target\":[\"https:\/\/spxcooling.com\/cooling-tower-parts\/couplings-driveshafts\/\"]}]},{\"@type\":\"ImageObject\",\"inLanguage\":\"de\",\"@id\":\"https:\/\/spxcooling.com\/cooling-tower-parts\/couplings-driveshafts\/#primaryimage\",\"url\":\"https:\/\/spxcooling.com\/wp-content\/uploads\/Comp_ds_1A_400_280.jpg\",\"contentUrl\":\"https:\/\/spxcooling.com\/wp-content\/uploads\/Comp_ds_1A_400_280.jpg\",\"width\":400,\"height\":280,\"caption\":\"Cooling Tower Driveshaft\"},{\"@type\":\"BreadcrumbList\",\"@id\":\"https:\/\/spxcooling.com\/cooling-tower-parts\/couplings-driveshafts\/#breadcrumb\",\"itemListElement\":[{\"@type\":\"ListItem\",\"position\":1,\"name\":\"Home\",\"item\":\"https:\/\/spxcooling.com\/it\/\"},{\"@type\":\"ListItem\",\"position\":2,\"name\":\"Cooling Tower Parts\",\"item\":\"https:\/\/spxcooling.com\/cooling-tower-parts\/\"},{\"@type\":\"ListItem\",\"position\":3,\"name\":\"Couplings &#038; Driveshafts\"}]},{\"@type\":\"WebSite\",\"@id\":\"https:\/\/spxcooling.com\/it\/#website\",\"url\":\"https:\/\/spxcooling.com\/it\/\",\"name\":\"SPX Cooling Technologies\",\"description\":\"COOLING TOWER PERFORMANCE, COOLING TOWER PARTS, AND COOLING TOWER SALES\",\"publisher\":{\"@id\":\"https:\/\/spxcooling.com\/it\/#organization\"},\"potentialAction\":[{\"@type\":\"SearchAction\",\"target\":{\"@type\":\"EntryPoint\",\"urlTemplate\":\"https:\/\/spxcooling.com\/it\/?s={search_term_string}\"},\"query-input\":{\"@type\":\"PropertyValueSpecification\",\"valueRequired\":true,\"valueName\":\"search_term_string\"}}],\"inLanguage\":\"de\"},{\"@type\":\"Organization\",\"@id\":\"https:\/\/spxcooling.com\/it\/#organization\",\"name\":\"SPX Cooling Technologies, Inc.\",\"url\":\"https:\/\/spxcooling.com\/it\/\",\"logo\":{\"@type\":\"ImageObject\",\"inLanguage\":\"de\",\"@id\":\"https:\/\/spxcooling.com\/it\/#\/schema\/logo\/image\/\",\"url\":\"\/wp-content\/uploads\/spxcoolingtowerslogos2023.png\",\"contentUrl\":\"\/wp-content\/uploads\/spxcoolingtowerslogos2023.png\",\"width\":1477,\"height\":268,\"caption\":\"SPX Cooling Technologies, Inc.\"},\"image\":{\"@id\":\"https:\/\/spxcooling.com\/it\/#\/schema\/logo\/image\/\"},\"sameAs\":[\"https:\/\/www.facebook.com\/SPX-Cooling-Technologies-182738268785153\",\"https:\/\/www.linkedin.com\/company\/spx-cooling-technologies\/mycompany\/?viewAsMember=true\"]}]}<\/script>\n<!-- \/ Yoast SEO Premium plugin. -->","yoast_head_json":{"title":"Kupplungen &amp; Antriebswellen - SPX K\u00fchlt\u00fcrme","description":"Kupplungen und Antriebswellen m\u00fcssen robust und langlebig sein, um die Kraft effizient vom Motor auf das Getriebe zu \u00fcbertragen. Die mechanischen Komponenten des Typs Marley sind speziell f\u00fcr den Einsatz in K\u00fchlt\u00fcrmen ausgelegt.","robots":{"index":"index","follow":"follow","max-snippet":"max-snippet:-1","max-image-preview":"max-image-preview:large","max-video-preview":"max-video-preview:-1"},"canonical":"https:\/\/spxcooling.com\/de\/cooling-tower-parts\/couplings-driveshafts\/","og_locale":"de_DE","og_type":"article","og_title":"Couplings & Driveshafts","og_description":"Couplings and driveshafts must be strong and durable to efficiently transmit power from the motor to the gearbox. Marley mechanical components are specifically designed for cooling tower duty.","og_url":"https:\/\/spxcooling.com\/de\/cooling-tower-parts\/couplings-driveshafts\/","og_site_name":"SPX Cooling Technologies","article_publisher":"https:\/\/www.facebook.com\/SPX-Cooling-Technologies-182738268785153","article_modified_time":"2023-05-10T19:17:17+00:00","og_image":[{"width":400,"height":280,"url":"https:\/\/spxcooling.com\/wp-content\/uploads\/Comp_ds_1A_400_280.jpg","type":"image\/jpeg"}],"twitter_card":"summary_large_image","twitter_misc":{"Gesch\u00e4tzte Lesezeit":"6\u00a0Minuten"},"schema":{"@context":"https:\/\/schema.org","@graph":[{"@type":"WebPage","@id":"https:\/\/spxcooling.com\/cooling-tower-parts\/couplings-driveshafts\/","url":"https:\/\/spxcooling.com\/cooling-tower-parts\/couplings-driveshafts\/","name":"Kupplungen &amp; Antriebswellen - SPX K\u00fchlt\u00fcrme","isPartOf":{"@id":"https:\/\/spxcooling.com\/it\/#website"},"primaryImageOfPage":{"@id":"https:\/\/spxcooling.com\/cooling-tower-parts\/couplings-driveshafts\/#primaryimage"},"image":{"@id":"https:\/\/spxcooling.com\/cooling-tower-parts\/couplings-driveshafts\/#primaryimage"},"thumbnailUrl":"https:\/\/spxcooling.com\/wp-content\/uploads\/Comp_ds_1A_400_280.jpg","datePublished":"2019-10-15T16:34:57+00:00","dateModified":"2023-05-10T19:17:17+00:00","description":"Kupplungen und Antriebswellen m\u00fcssen robust und langlebig sein, um die Kraft effizient vom Motor auf das Getriebe zu \u00fcbertragen. Die mechanischen Komponenten des Typs Marley sind speziell f\u00fcr den Einsatz in K\u00fchlt\u00fcrmen ausgelegt.","breadcrumb":{"@id":"https:\/\/spxcooling.com\/cooling-tower-parts\/couplings-driveshafts\/#breadcrumb"},"inLanguage":"de","potentialAction":[{"@type":"ReadAction","target":["https:\/\/spxcooling.com\/cooling-tower-parts\/couplings-driveshafts\/"]}]},{"@type":"ImageObject","inLanguage":"de","@id":"https:\/\/spxcooling.com\/cooling-tower-parts\/couplings-driveshafts\/#primaryimage","url":"https:\/\/spxcooling.com\/wp-content\/uploads\/Comp_ds_1A_400_280.jpg","contentUrl":"https:\/\/spxcooling.com\/wp-content\/uploads\/Comp_ds_1A_400_280.jpg","width":400,"height":280,"caption":"Cooling Tower Driveshaft"},{"@type":"BreadcrumbList","@id":"https:\/\/spxcooling.com\/cooling-tower-parts\/couplings-driveshafts\/#breadcrumb","itemListElement":[{"@type":"ListItem","position":1,"name":"Home","item":"https:\/\/spxcooling.com\/it\/"},{"@type":"ListItem","position":2,"name":"Cooling Tower Parts","item":"https:\/\/spxcooling.com\/cooling-tower-parts\/"},{"@type":"ListItem","position":3,"name":"Couplings &#038; Driveshafts"}]},{"@type":"WebSite","@id":"https:\/\/spxcooling.com\/it\/#website","url":"https:\/\/spxcooling.com\/it\/","name":"SPX-K\u00fchltechnologien","description":"K\u00dcHLTURMLEISTUNG, K\u00dcHLTURMTEILE UND K\u00dcHLTURMVERKAUF","publisher":{"@id":"https:\/\/spxcooling.com\/it\/#organization"},"potentialAction":[{"@type":"SearchAction","target":{"@type":"EntryPoint","urlTemplate":"https:\/\/spxcooling.com\/it\/?s={search_term_string}"},"query-input":{"@type":"PropertyValueSpecification","valueRequired":true,"valueName":"search_term_string"}}],"inLanguage":"de"},{"@type":"Organization","@id":"https:\/\/spxcooling.com\/it\/#organization","name":"SPX Cooling Technologies, Inc.","url":"https:\/\/spxcooling.com\/it\/","logo":{"@type":"ImageObject","inLanguage":"de","@id":"https:\/\/spxcooling.com\/it\/#\/schema\/logo\/image\/","url":"\/wp-content\/uploads\/spxcoolingtowerslogos2023.png","contentUrl":"\/wp-content\/uploads\/spxcoolingtowerslogos2023.png","width":1477,"height":268,"caption":"SPX Cooling Technologies, Inc."},"image":{"@id":"https:\/\/spxcooling.com\/it\/#\/schema\/logo\/image\/"},"sameAs":["https:\/\/www.facebook.com\/SPX-Cooling-Technologies-182738268785153","https:\/\/www.linkedin.com\/company\/spx-cooling-technologies\/mycompany\/?viewAsMember=true"]}]}},"_links":{"self":[{"href":"https:\/\/spxcooling.com\/de\/wp-json\/wp\/v2\/pages\/9031","targetHints":{"allow":["GET"]}}],"collection":[{"href":"https:\/\/spxcooling.com\/de\/wp-json\/wp\/v2\/pages"}],"about":[{"href":"https:\/\/spxcooling.com\/de\/wp-json\/wp\/v2\/types\/page"}],"author":[{"embeddable":true,"href":"https:\/\/spxcooling.com\/de\/wp-json\/wp\/v2\/users\/2"}],"replies":[{"embeddable":true,"href":"https:\/\/spxcooling.com\/de\/wp-json\/wp\/v2\/comments?post=9031"}],"version-history":[{"count":11,"href":"https:\/\/spxcooling.com\/de\/wp-json\/wp\/v2\/pages\/9031\/revisions"}],"predecessor-version":[{"id":23758,"href":"https:\/\/spxcooling.com\/de\/wp-json\/wp\/v2\/pages\/9031\/revisions\/23758"}],"up":[{"embeddable":true,"href":"https:\/\/spxcooling.com\/de\/wp-json\/wp\/v2\/pages\/863"}],"wp:featuredmedia":[{"embeddable":true,"href":"https:\/\/spxcooling.com\/de\/wp-json\/wp\/v2\/media\/10741"}],"wp:attachment":[{"href":"https:\/\/spxcooling.com\/de\/wp-json\/wp\/v2\/media?parent=9031"}],"curies":[{"name":"wp","href":"https:\/\/api.w.org\/{rel}","templated":true}]}}