{"id":10163,"date":"2019-11-15T10:47:11","date_gmt":"2019-11-15T16:47:11","guid":{"rendered":"\/?page_id=10163"},"modified":"2023-10-04T15:25:33","modified_gmt":"2023-10-04T20:25:33","slug":"recold-jc-revit-file","status":"publish","type":"page","link":"https:\/\/spxcooling.com\/es\/revit-files\/recold-jc-revit-file\/","title":{"rendered":"Registrar archivo JC Revit"},"content":{"rendered":"<p>[et_pb_section fb_built=&#8221;1&#8243; admin_label=&#8221;Featured Places&#8221; _builder_version=&#8221;4.16&#8243; background_color=&#8221;#ffffff&#8221; custom_padding=&#8221;12px|0px|100px|0px||&#8221; global_colors_info=&#8221;{}&#8221;][et_pb_row _builder_version=&#8221;4.22.2&#8243; custom_margin=&#8221;-6px|auto|-5px|auto||&#8221; custom_padding=&#8221;15px|||||&#8221; hover_enabled=&#8221;0&#8243; global_colors_info=&#8221;{}&#8221; max_width=&#8221;2160px&#8221; sticky_enabled=&#8221;0&#8243;][et_pb_column type=&#8221;4_4&#8243; _builder_version=&#8221;4.16&#8243; custom_padding=&#8221;|||&#8221; global_colors_info=&#8221;{}&#8221; custom_padding__hover=&#8221;|||&#8221;][et_pb_text _builder_version=&#8221;4.22.2&#8243; text_font=&#8221;Lato||||||||&#8221; text_text_color=&#8221;#898f99&#8243; text_font_size=&#8221;19px&#8221; header_font=&#8221;Roboto|700|||||||&#8221; header_2_font=&#8221;Lato|700|||||||&#8221; header_2_font_size=&#8221;42px&#8221; header_2_line_height=&#8221;1.5em&#8221; header_3_font=&#8221;||||||||&#8221; module_alignment=&#8221;center&#8221; custom_margin=&#8221;22px||0px||false|false&#8221; custom_padding=&#8221;0px|0px|0px|0px|false|false&#8221; hover_enabled=&#8221;0&#8243; text_text_align=&#8221;center&#8221; global_colors_info=&#8221;{}&#8221; sticky_enabled=&#8221;0&#8243;]<\/p>\n<h1>Recold JC Revit File<\/h1>\n<p>[\/et_pb_text][\/et_pb_column][\/et_pb_row][et_pb_row _builder_version=&#8221;4.22.2&#8243; max_width=&#8221;2160px&#8221; custom_margin=&#8221;4px|auto|20px|auto|false|false&#8221; custom_padding=&#8221;0px|0px|10px|0px||&#8221; hover_enabled=&#8221;0&#8243; use_custom_width=&#8221;on&#8221; custom_width_px=&#8221;1440px&#8221; global_colors_info=&#8221;{}&#8221; sticky_enabled=&#8221;0&#8243;][et_pb_column type=&#8221;4_4&#8243; _builder_version=&#8221;4.16&#8243; background_color=&#8221;#ffffff&#8221; custom_padding=&#8221;|||&#8221; global_colors_info=&#8221;{}&#8221; custom_padding__hover=&#8221;|||&#8221;][et_pb_text _builder_version=&#8221;4.22.2&#8243; text_font_size=&#8221;12px&#8221; module_alignment=&#8221;center&#8221; hover_enabled=&#8221;0&#8243; global_colors_info=&#8221;{}&#8221; sticky_enabled=&#8221;0&#8243;]<\/p>\n<p>The Revit product family for the Recold\u00ae JC evaporative condenser (\u201cJC\u201d) provides the basic geometry and typical pipe connections for each unit size of the product line.\u00a0 The product family is compatible with Revit version 2012 and later, and may be downloaded at<span>\u00a0<\/span><a href=\"\/revit\">\/revit<\/a>.<\/p>\n<p><strong>Coil Inlet and Outlet Connections<\/strong><br \/>Depending on unit size, standard JC models have either one coil inlet and one coil outlet per cell or two coil inlets and two coil outlets per cell.\u00a0 Coil connection(s) are standard copper OD.\u00a0 Connection size defaults to commonly used pipe diameter(s) for the unit size selected. \u00a0For multi-circuit refrigeration applications, actual connection size and quantity varies depending on the circuiting details of the individual application and should be confirmed in the quotation.<\/p>\n<p><strong>Access Doors<\/strong><br \/>Depending on unit size, standard JC models are equipped with between two and nine large rectangular access doors per cell.\u00a0 Standard access door locations are linked to the model number in the Revit family.<\/p>\n<p><strong>Multiple Cells<\/strong><br \/>Multiple instances of the JC product family may be inserted into the Revit project for installations having multiple cells.\u00a0 Arrangements with Face A (long face, fan on left) of one cell oriented towards Face C (long face, fan on right) of another cell are the most common.<\/p>\n<p>Standard center-to-center cell spacing is listed by model size in the table below.<span>\u00a0 \u00a0<\/span><\/p>\n<table border=\"1\" cellpadding=\"4\" width=\"800\" align=\"center\">\n<tbody>\n<tr>\n<td width=\"400\" colspan=\"2\">\n<p align=\"center\"><strong>Center to Center Cell Spacing<\/strong><\/p>\n<\/td>\n<\/tr>\n<tr>\n<td width=\"200\">\n<p align=\"center\"><strong>Unit Size<\/strong><\/p>\n<\/td>\n<td width=\"200\">\n<p align=\"center\"><strong>Inline<\/strong><\/p>\n<\/td>\n<\/tr>\n<tr>\n<td width=\"200\">\n<p align=\"center\">JC20 &#8211; JC30<\/p>\n<\/td>\n<td width=\"200\">\n<p align=\"center\">63.00\u201d (1600mm)<\/p>\n<\/td>\n<\/tr>\n<tr>\n<td width=\"200\">\n<p align=\"center\">JC38 \u2013 JC58<\/p>\n<\/td>\n<td width=\"200\">\n<p align=\"center\">70.75&#8243; (1797mm)<\/p>\n<\/td>\n<\/tr>\n<tr>\n<td width=\"200\">\n<p align=\"center\">JC63 \u2013 JC80<\/p>\n<\/td>\n<td width=\"200\">\n<p align=\"center\">85.25&#8243; (2165mm)<\/p>\n<\/td>\n<\/tr>\n<tr>\n<td width=\"200\">\n<p align=\"center\">JC90 \u2013 JC120<\/p>\n<\/td>\n<td width=\"200\">\n<p align=\"center\">107.63&#8243; (2734mm)<\/p>\n<\/td>\n<\/tr>\n<tr>\n<td width=\"200\">\n<p align=\"center\">JC135 \u2013 JC200<\/p>\n<\/td>\n<td width=\"200\">\n<p align=\"center\">128.75\u201d (3270mm)<\/p>\n<\/td>\n<\/tr>\n<tr>\n<td width=\"200\">\n<p align=\"center\">JC240 \u2013 JC295<\/p>\n<\/td>\n<td width=\"200\">\n<p align=\"center\">159.50\u201d (4051mm)<\/p>\n<\/td>\n<\/tr>\n<tr>\n<td width=\"200\">\n<p align=\"center\">JC320 \u2013 JC350<\/p>\n<\/td>\n<td width=\"200\">\n<p align=\"center\">159.50\u201d (4051mm)<\/p>\n<\/td>\n<\/tr>\n<tr>\n<td width=\"200\">\n<p align=\"center\">JC375 \u2013 JC400<\/p>\n<\/td>\n<td width=\"200\">\n<p align=\"center\">168.50\u201d (4280mm)<\/p>\n<\/td>\n<\/tr>\n<tr>\n<td width=\"200\">\n<p align=\"center\">JC425 \u2013 JC450<\/p>\n<\/td>\n<td width=\"200\">\n<p align=\"center\">168.50\u201d (4280mm)<\/p>\n<\/td>\n<\/tr>\n<tr>\n<td width=\"200\">\n<p align=\"center\">JC475 \u2013 JC525<\/p>\n<\/td>\n<td width=\"200\">\n<p align=\"center\">168.50\u201d (4280mm)<\/p>\n<\/td>\n<\/tr>\n<\/tbody>\n<\/table>\n<p><strong><br \/>Clearances<\/strong><br \/>In addition to the clearances necessary to perform basic tower maintenance, appropriate clearance must be provided at the air inlets and air discharge for adequate air flow. The clearance requirements vary by application, but the air inlet clearance can be approximated as one cell width, and the air discharge clearance should be no less than three cell widths. Also note that vertical enclosures around the cooling tower should not rise above the fan discharge, otherwise air recirculation may impact performance.<\/p>\n<p>[\/et_pb_text][\/et_pb_column][\/et_pb_row][et_pb_row _builder_version=&#8221;4.16&#8243; global_colors_info=&#8221;{}&#8221;][et_pb_column type=&#8221;4_4&#8243; _builder_version=&#8221;4.16&#8243; global_colors_info=&#8221;{}&#8221;][et_pb_text _builder_version=&#8221;4.16&#8243; text_orientation=&#8221;center&#8221; global_colors_info=&#8221;{}&#8221;]<\/p>\n<h2 class=\"section-heading\">By clicking &#8220;Agree&#8221;, you are accepting our Terms &amp; Conditions:<\/h2>\n<p>[\/et_pb_text][\/et_pb_column][\/et_pb_row][et_pb_row _builder_version=&#8221;4.22.2&#8243; hover_enabled=&#8221;0&#8243; global_colors_info=&#8221;{}&#8221; max_width=&#8221;2160px&#8221; sticky_enabled=&#8221;0&#8243;][et_pb_column type=&#8221;4_4&#8243; _builder_version=&#8221;4.16&#8243; global_colors_info=&#8221;{}&#8221;][et_pb_tabs _builder_version=&#8221;4.16&#8243; global_colors_info=&#8221;{}&#8221;][et_pb_tab title=&#8221;Terms of Use&#8221; _builder_version=&#8221;4.16&#8243; global_colors_info=&#8221;{}&#8221;]The SPX Cooling Technologies, Inc. (\u201dSPX Cooling\u201d) product information content provided in this data file (including its design and dimensions) (\u201cInformation\u201d) are furnished for information only and are not a replacement for a professional engineering review and evaluation of the situation. A professional engineer, licensed in the appropriate field of engineering, should always conduct the final evaluation of the application; and that individual, not SPX Cooling or its employees and representatives, is responsible for the final engineering design and performance of the application at hand.<\/p>\n<p>By making this Information available, SPX Cooling is not rendering professional services, and assumes no duty, responsibility or liability with respect to any person making use of such Information, including any modifications made by the user, for the design of buildings and related systems made using such Information, or for the accuracy of such Information or any data resulting from the use thereof. This Information is supplied &#8220;as is,&#8221; and SPX Cooling shall not be liable for any claim, demand, injury, loss, expense, or liability of any kind whatsoever, including but not limited to, direct, indirect, incidental or consequential damages, which in any way arises out of or is connected with the use of the Information, whether or not such claim demand, loss, expense, or liability results directly or indirectly from any action or omission of SPX Cooling or its employees and representatives resulting from the use of this information.<\/p>\n<p>SPX Cooling does not make any warranty or guarantee whatsoever, whether express or implied, and including but not limited to, any warranty of merchantability or fitness for a particular purpose, or make any representations regarding the use, or the results of use, of the Information in terms of its accuracy, validity, completeness, applicability, or compliance with any regulatory code or governmental laws and regulations. Use of the Information involves some risks, and the entire risk as to the results and performance of the Information is the user&#8217;s responsibility and liability.<\/p>\n<p>SPX Cooling retains title to and ownership of all Information and all copies thereof and all other rights and interest, including, without limitation, patents, copyrights, trademarks, trade secrets, and other intellectual property rights, in and to the Information and any copies thereof. By accepting or using this Information, the user agrees to not use this Information except as expressly set forth herein and user agrees to not use this Information to represent the products of any manufacturers other than SPX Cooling, its parent companies or subsidiaries.<\/p>\n<p>Except as expressly provided in these Terms of Use, no part of the Information may be copied, reproduced, republished, uploaded, posted, publicly displayed, encoded, translated, transmitted or distributed in any way to any other computer, server, Web site or other medium for publication or distribution or for any commercial enterprise, without SPX Cooling\u2019s express prior written consent.<\/p>\n<p>You may use the Information purposely made available by SPX Cooling for downloading, provided that you (1) not remove any proprietary notice language in all copies of such documents, (2) use such information only for your internal business use, and (3) not make any additional representations or warranties relating to such Information.<\/p>\n<p>This Agreement and any disputes arising out of or in connection with this Agreement shall be governed by the laws of the State of Kansas, U.S.A., without any reference to conflict-of-laws principles.<\/p>\n<p>SPX Cooling\u2019s products are subject to continuous improvements. SPX Cooling reserves the right to modify product design, specifications and data without notice and without incurring any obligations.[\/et_pb_tab][et_pb_tab title=&#8221;Agree&#8221; _builder_version=&#8221;4.16&#8243; global_colors_info=&#8221;{}&#8221;]<a href=\"\/wp-content\/uploads\/REVIT-RECOLD_JC.zip\"><b>Click Here To Download: <\/b><br \/>\n<img decoding=\"async\" src=\"\/wp-content\/uploads\/reviticon12.jpg\"><\/a>[\/et_pb_tab][\/et_pb_tabs][\/et_pb_column][\/et_pb_row][\/et_pb_section]<\/p>\n","protected":false},"excerpt":{"rendered":"<p>Recold JC Revit FileThe Revit product family for the Recold\u00ae JC evaporative condenser (\u201cJC\u201d) provides the basic geometry and typical pipe connections for each unit size of the product line.\u00a0 The product family is compatible with Revit version 2012 and later, and may be downloaded at\u00a0\/revit. Coil Inlet and Outlet ConnectionsDepending on unit size, standard [&hellip;]<\/p>\n","protected":false},"author":2,"featured_media":10852,"parent":10138,"menu_order":0,"comment_status":"closed","ping_status":"closed","template":"","meta":{"_acf_changed":false,"_et_pb_use_builder":"on","_et_pb_old_content":"","_et_gb_content_width":"","content-type":"","_relevanssi_hide_post":"","_relevanssi_pin_for_all":"","_relevanssi_pin_keywords":"","_relevanssi_unpin_keywords":"","_relevanssi_related_keywords":"","_relevanssi_related_include_ids":"","_relevanssi_related_exclude_ids":"","_relevanssi_related_no_append":"","_relevanssi_related_not_related":"","_relevanssi_related_posts":"","_relevanssi_noindex_reason":"","footnotes":""},"class_list":["post-10163","page","type-page","status-publish","has-post-thumbnail","hentry"],"acf":[],"yoast_head":"<!-- This site is optimized with the Yoast SEO Premium plugin v21.2 (Yoast SEO v27.2) - https:\/\/yoast.com\/product\/yoast-seo-premium-wordpress\/ -->\n<title>Recold JC Revit File - SPX Cooling Towers<\/title>\n<meta name=\"description\" content=\"The Revit product family for the Recold\u00a8 JC evaporative condenser (\u00d2JC\u00d3) provides the basic geometry and typical pipe connections for each unit size of the product line.\u00ca The product family is compatible with Revit version 2012 and later, and may be downloaded at\u00ca\/revit\" \/>\n<meta name=\"robots\" content=\"index, follow, max-snippet:-1, max-image-preview:large, max-video-preview:-1\" \/>\n<link rel=\"canonical\" href=\"https:\/\/spxcooling.com\/es\/revit-files\/recold-jc-revit-file\/\" \/>\n<meta property=\"og:locale\" content=\"es_MX\" \/>\n<meta property=\"og:type\" content=\"article\" \/>\n<meta property=\"og:title\" content=\"Recold JC Revit File\" \/>\n<meta property=\"og:description\" content=\"The Revit product family for the Recold\u00a8 JC evaporative condenser (\u00d2JC\u00d3) provides the basic geometry and typical pipe connections for each unit size of the product line.\u00ca The product family is compatible with Revit version 2012 and later, and may be downloaded at\u00ca\/revit\" \/>\n<meta property=\"og:url\" content=\"https:\/\/spxcooling.com\/es\/revit-files\/recold-jc-revit-file\/\" \/>\n<meta property=\"og:site_name\" content=\"SPX Cooling Technologies\" \/>\n<meta property=\"article:publisher\" content=\"https:\/\/www.facebook.com\/SPX-Cooling-Technologies-182738268785153\" \/>\n<meta property=\"article:modified_time\" content=\"2023-10-04T20:25:33+00:00\" \/>\n<meta property=\"og:image\" content=\"https:\/\/spxcooling.com\/wp-content\/uploads\/cooling-tower-revit-file.jpg\" \/>\n\t<meta property=\"og:image:width\" content=\"400\" \/>\n\t<meta property=\"og:image:height\" content=\"251\" \/>\n\t<meta property=\"og:image:type\" content=\"image\/jpeg\" \/>\n<meta name=\"twitter:card\" content=\"summary_large_image\" \/>\n<meta name=\"twitter:label1\" content=\"Tiempo de lectura\" \/>\n\t<meta name=\"twitter:data1\" content=\"6 minutos\" \/>\n<script type=\"application\/ld+json\" class=\"yoast-schema-graph\">{\"@context\":\"https:\/\/schema.org\",\"@graph\":[{\"@type\":\"WebPage\",\"@id\":\"https:\/\/spxcooling.com\/de\/revit-files\/recold-jc-revit-file\/\",\"url\":\"https:\/\/spxcooling.com\/de\/revit-files\/recold-jc-revit-file\/\",\"name\":\"Recold JC Revit File - SPX Cooling Towers\",\"isPartOf\":{\"@id\":\"https:\/\/spxcooling.com\/#website\"},\"primaryImageOfPage\":{\"@id\":\"https:\/\/spxcooling.com\/de\/revit-files\/recold-jc-revit-file\/#primaryimage\"},\"image\":{\"@id\":\"https:\/\/spxcooling.com\/de\/revit-files\/recold-jc-revit-file\/#primaryimage\"},\"thumbnailUrl\":\"https:\/\/spxcooling.com\/wp-content\/uploads\/cooling-tower-revit-file.jpg\",\"datePublished\":\"2019-11-15T16:47:11+00:00\",\"dateModified\":\"2023-10-04T20:25:33+00:00\",\"description\":\"The Revit product family for the Recold\u00a8 JC evaporative condenser (\u00d2JC\u00d3) provides the basic geometry and typical pipe connections for each unit size of the product line.\u00ca The product family is compatible with Revit version 2012 and later, and may be downloaded at\u00ca\/revit\",\"breadcrumb\":{\"@id\":\"https:\/\/spxcooling.com\/de\/revit-files\/recold-jc-revit-file\/#breadcrumb\"},\"inLanguage\":\"es\",\"potentialAction\":[{\"@type\":\"ReadAction\",\"target\":[\"https:\/\/spxcooling.com\/de\/revit-files\/recold-jc-revit-file\/\"]}]},{\"@type\":\"ImageObject\",\"inLanguage\":\"es\",\"@id\":\"https:\/\/spxcooling.com\/de\/revit-files\/recold-jc-revit-file\/#primaryimage\",\"url\":\"https:\/\/spxcooling.com\/wp-content\/uploads\/cooling-tower-revit-file.jpg\",\"contentUrl\":\"https:\/\/spxcooling.com\/wp-content\/uploads\/cooling-tower-revit-file.jpg\",\"width\":400,\"height\":251,\"caption\":\"cooling tower revit file\"},{\"@type\":\"BreadcrumbList\",\"@id\":\"https:\/\/spxcooling.com\/de\/revit-files\/recold-jc-revit-file\/#breadcrumb\",\"itemListElement\":[{\"@type\":\"ListItem\",\"position\":1,\"name\":\"Home\",\"item\":\"https:\/\/spxcooling.com\/de\/\"},{\"@type\":\"ListItem\",\"position\":2,\"name\":\"Revit Files\",\"item\":\"https:\/\/spxcooling.com\/revit-files\/\"},{\"@type\":\"ListItem\",\"position\":3,\"name\":\"Recold JC Revit File\"}]},{\"@type\":\"WebSite\",\"@id\":\"https:\/\/spxcooling.com\/#website\",\"url\":\"https:\/\/spxcooling.com\/\",\"name\":\"SPX Cooling Technologies\",\"description\":\"COOLING TOWER PERFORMANCE, COOLING TOWER PARTS, AND COOLING TOWER SALES\",\"publisher\":{\"@id\":\"https:\/\/spxcooling.com\/#organization\"},\"potentialAction\":[{\"@type\":\"SearchAction\",\"target\":{\"@type\":\"EntryPoint\",\"urlTemplate\":\"https:\/\/spxcooling.com\/?s={search_term_string}\"},\"query-input\":{\"@type\":\"PropertyValueSpecification\",\"valueRequired\":true,\"valueName\":\"search_term_string\"}}],\"inLanguage\":\"es\"},{\"@type\":\"Organization\",\"@id\":\"https:\/\/spxcooling.com\/#organization\",\"name\":\"SPX Cooling Technologies, Inc.\",\"url\":\"https:\/\/spxcooling.com\/\",\"logo\":{\"@type\":\"ImageObject\",\"inLanguage\":\"es\",\"@id\":\"https:\/\/spxcooling.com\/#\/schema\/logo\/image\/\",\"url\":\"\/wp-content\/uploads\/spxcoolingtowerslogos2023.png\",\"contentUrl\":\"\/wp-content\/uploads\/spxcoolingtowerslogos2023.png\",\"width\":1477,\"height\":268,\"caption\":\"SPX Cooling Technologies, Inc.\"},\"image\":{\"@id\":\"https:\/\/spxcooling.com\/#\/schema\/logo\/image\/\"},\"sameAs\":[\"https:\/\/www.facebook.com\/SPX-Cooling-Technologies-182738268785153\",\"https:\/\/www.linkedin.com\/company\/spx-cooling-technologies\/mycompany\/?viewAsMember=true\"]}]}<\/script>\n<!-- \/ Yoast SEO Premium plugin. -->","yoast_head_json":{"title":"Recold JC Revit File - SPX Cooling Towers","description":"The Revit product family for the Recold\u00a8 JC evaporative condenser (\u00d2JC\u00d3) provides the basic geometry and typical pipe connections for each unit size of the product line.\u00ca The product family is compatible with Revit version 2012 and later, and may be downloaded at\u00ca\/revit","robots":{"index":"index","follow":"follow","max-snippet":"max-snippet:-1","max-image-preview":"max-image-preview:large","max-video-preview":"max-video-preview:-1"},"canonical":"https:\/\/spxcooling.com\/es\/revit-files\/recold-jc-revit-file\/","og_locale":"es_MX","og_type":"article","og_title":"Recold JC Revit File","og_description":"The Revit product family for the Recold\u00a8 JC evaporative condenser (\u00d2JC\u00d3) provides the basic geometry and typical pipe connections for each unit size of the product line.\u00ca The product family is compatible with Revit version 2012 and later, and may be downloaded at\u00ca\/revit","og_url":"https:\/\/spxcooling.com\/es\/revit-files\/recold-jc-revit-file\/","og_site_name":"SPX Cooling Technologies","article_publisher":"https:\/\/www.facebook.com\/SPX-Cooling-Technologies-182738268785153","article_modified_time":"2023-10-04T20:25:33+00:00","og_image":[{"width":400,"height":251,"url":"https:\/\/spxcooling.com\/wp-content\/uploads\/cooling-tower-revit-file.jpg","type":"image\/jpeg"}],"twitter_card":"summary_large_image","twitter_misc":{"Tiempo de lectura":"6 minutos"},"schema":{"@context":"https:\/\/schema.org","@graph":[{"@type":"WebPage","@id":"https:\/\/spxcooling.com\/de\/revit-files\/recold-jc-revit-file\/","url":"https:\/\/spxcooling.com\/de\/revit-files\/recold-jc-revit-file\/","name":"Recold JC Revit File - SPX Cooling Towers","isPartOf":{"@id":"https:\/\/spxcooling.com\/#website"},"primaryImageOfPage":{"@id":"https:\/\/spxcooling.com\/de\/revit-files\/recold-jc-revit-file\/#primaryimage"},"image":{"@id":"https:\/\/spxcooling.com\/de\/revit-files\/recold-jc-revit-file\/#primaryimage"},"thumbnailUrl":"https:\/\/spxcooling.com\/wp-content\/uploads\/cooling-tower-revit-file.jpg","datePublished":"2019-11-15T16:47:11+00:00","dateModified":"2023-10-04T20:25:33+00:00","description":"The Revit product family for the Recold\u00a8 JC evaporative condenser (\u00d2JC\u00d3) provides the basic geometry and typical pipe connections for each unit size of the product line.\u00ca The product family is compatible with Revit version 2012 and later, and may be downloaded at\u00ca\/revit","breadcrumb":{"@id":"https:\/\/spxcooling.com\/de\/revit-files\/recold-jc-revit-file\/#breadcrumb"},"inLanguage":"es","potentialAction":[{"@type":"ReadAction","target":["https:\/\/spxcooling.com\/de\/revit-files\/recold-jc-revit-file\/"]}]},{"@type":"ImageObject","inLanguage":"es","@id":"https:\/\/spxcooling.com\/de\/revit-files\/recold-jc-revit-file\/#primaryimage","url":"https:\/\/spxcooling.com\/wp-content\/uploads\/cooling-tower-revit-file.jpg","contentUrl":"https:\/\/spxcooling.com\/wp-content\/uploads\/cooling-tower-revit-file.jpg","width":400,"height":251,"caption":"cooling tower revit file"},{"@type":"BreadcrumbList","@id":"https:\/\/spxcooling.com\/de\/revit-files\/recold-jc-revit-file\/#breadcrumb","itemListElement":[{"@type":"ListItem","position":1,"name":"Home","item":"https:\/\/spxcooling.com\/de\/"},{"@type":"ListItem","position":2,"name":"Revit Files","item":"https:\/\/spxcooling.com\/revit-files\/"},{"@type":"ListItem","position":3,"name":"Recold JC Revit File"}]},{"@type":"WebSite","@id":"https:\/\/spxcooling.com\/#website","url":"https:\/\/spxcooling.com\/","name":"Tecnolog\u00edas de refrigeraci\u00f3n SPX","description":"RENDIMIENTO DE TORRES DE ENFRIAMIENTO, PIEZAS DE TORRES DE ENFRIAMIENTO Y VENTAS DE TORRES DE ENFRIAMIENTO","publisher":{"@id":"https:\/\/spxcooling.com\/#organization"},"potentialAction":[{"@type":"SearchAction","target":{"@type":"EntryPoint","urlTemplate":"https:\/\/spxcooling.com\/?s={search_term_string}"},"query-input":{"@type":"PropertyValueSpecification","valueRequired":true,"valueName":"search_term_string"}}],"inLanguage":"es"},{"@type":"Organization","@id":"https:\/\/spxcooling.com\/#organization","name":"Tecnolog\u00edas de refrigeraci\u00f3n SPX, Inc.","url":"https:\/\/spxcooling.com\/","logo":{"@type":"ImageObject","inLanguage":"es","@id":"https:\/\/spxcooling.com\/#\/schema\/logo\/image\/","url":"\/wp-content\/uploads\/spxcoolingtowerslogos2023.png","contentUrl":"\/wp-content\/uploads\/spxcoolingtowerslogos2023.png","width":1477,"height":268,"caption":"SPX Cooling Technologies, Inc."},"image":{"@id":"https:\/\/spxcooling.com\/#\/schema\/logo\/image\/"},"sameAs":["https:\/\/www.facebook.com\/SPX-Cooling-Technologies-182738268785153","https:\/\/www.linkedin.com\/company\/spx-cooling-technologies\/mycompany\/?viewAsMember=true"]}]}},"_links":{"self":[{"href":"https:\/\/spxcooling.com\/es\/wp-json\/wp\/v2\/pages\/10163","targetHints":{"allow":["GET"]}}],"collection":[{"href":"https:\/\/spxcooling.com\/es\/wp-json\/wp\/v2\/pages"}],"about":[{"href":"https:\/\/spxcooling.com\/es\/wp-json\/wp\/v2\/types\/page"}],"author":[{"embeddable":true,"href":"https:\/\/spxcooling.com\/es\/wp-json\/wp\/v2\/users\/2"}],"replies":[{"embeddable":true,"href":"https:\/\/spxcooling.com\/es\/wp-json\/wp\/v2\/comments?post=10163"}],"version-history":[{"count":6,"href":"https:\/\/spxcooling.com\/es\/wp-json\/wp\/v2\/pages\/10163\/revisions"}],"predecessor-version":[{"id":25244,"href":"https:\/\/spxcooling.com\/es\/wp-json\/wp\/v2\/pages\/10163\/revisions\/25244"}],"up":[{"embeddable":true,"href":"https:\/\/spxcooling.com\/es\/wp-json\/wp\/v2\/pages\/10138"}],"wp:featuredmedia":[{"embeddable":true,"href":"https:\/\/spxcooling.com\/es\/wp-json\/wp\/v2\/media\/10852"}],"wp:attachment":[{"href":"https:\/\/spxcooling.com\/es\/wp-json\/wp\/v2\/media?parent=10163"}],"curies":[{"name":"gracias","href":"https:\/\/api.w.org\/{rel}","templated":true}]}}