{"id":10233,"date":"2019-11-15T15:03:00","date_gmt":"2019-11-15T21:03:00","guid":{"rendered":"\/?page_id=10233"},"modified":"2025-02-18T12:46:48","modified_gmt":"2025-02-18T18:46:48","slug":"contact","status":"publish","type":"page","link":"https:\/\/spxcooling.com\/es\/contact\/","title":{"rendered":"Contacto"},"content":{"rendered":"<p>[et_pb_section fb_built=&#8221;1&#8243; admin_label=&#8221;Featured Places&#8221; _builder_version=&#8221;4.16&#8243; background_color=&#8221;#ffffff&#8221; custom_padding=&#8221;12px|0px|100px|0px||&#8221; global_colors_info=&#8221;{}&#8221;][et_pb_row column_structure=&#8221;2_3,1_3&#8243; disabled_on=&#8221;on|off|off&#8221; _builder_version=&#8221;4.22.2&#8243; max_width=&#8221;2160px&#8221; custom_margin=&#8221;||0px||false|false&#8221; custom_padding=&#8221;||0px||false|false&#8221; global_colors_info=&#8221;{}&#8221;][et_pb_column type=&#8221;2_3&#8243; _builder_version=&#8221;4.16&#8243; global_colors_info=&#8221;{}&#8221;][et_pb_text _builder_version=&#8221;4.22.2&#8243; header_font=&#8221;Roboto|600|||||||&#8221; header_text_align=&#8221;left&#8221; header_font_size=&#8221;36px&#8221; global_colors_info=&#8221;{}&#8221;]<\/p>\n<h1><i class=\"far fa-address-card\"> <\/i> Contact SPX Cooling<\/h1>\n<p>[\/et_pb_text][\/et_pb_column][et_pb_column type=&#8221;1_3&#8243; _builder_version=&#8221;4.16&#8243; global_colors_info=&#8221;{}&#8221;][\/et_pb_column][\/et_pb_row][et_pb_row column_structure=&#8221;2_3,1_3&#8243; _builder_version=&#8221;4.22.2&#8243; max_width=&#8221;2160px&#8221; custom_margin=&#8221;10px||10px||true|false&#8221; custom_padding=&#8221;0px||||false|false&#8221; global_colors_info=&#8221;{}&#8221;][et_pb_column type=&#8221;2_3&#8243; _builder_version=&#8221;4.16&#8243; global_colors_info=&#8221;{}&#8221;][et_pb_text _builder_version=&#8221;4.22.2&#8243; header_font_size=&#8221;34px&#8221; header_2_font_size=&#8221;17px&#8221; header_3_font_size=&#8221;6px&#8221; custom_margin=&#8221;||||false|false&#8221; custom_margin_tablet=&#8221;&#8221; custom_margin_phone=&#8221;12px||||false|false&#8221; custom_margin_last_edited=&#8221;on|phone&#8221; custom_padding=&#8221;|2px||12px|false|false&#8221; border_radii=&#8221;on|4px|4px|4px|4px&#8221; border_width_all=&#8221;1px&#8221; border_color_all=&#8221;#d6d6d6&#8243; global_colors_info=&#8221;{}&#8221;]<script>\n  hbspt.forms.create({\n\tportalId: \"5920916\",\n\tformId: \"177d1d42-7f94-4664-8142-bd9d128b7ebf\"\n});\n<\/script>[\/et_pb_text][\/et_pb_column][et_pb_column type=&#8221;1_3&#8243; _builder_version=&#8221;4.16&#8243; global_colors_info=&#8221;{}&#8221;][et_pb_accordion icon_color=&#8221;#757575&#8243; disabled_on=&#8221;on|on|off&#8221; _builder_version=&#8221;4.27.4&#8243; custom_margin=&#8221;0px||0px||false|false&#8221; custom_padding=&#8221;0px||||false|false&#8221; hover_transition_duration=&#8221;10ms&#8221; hover_transition_speed_curve=&#8221;ease-in-out&#8221; hover_enabled=&#8221;0&#8243; custom_css_toggle=&#8221;margin-bottom: -1px !important;&#8221; global_colors_info=&#8221;{}&#8221; sticky_enabled=&#8221;0&#8243;][et_pb_accordion_item title=&#8221;invisible&#8221; open=&#8221;on&#8221; _builder_version=&#8221;4.20.4&#8243; height=&#8221;1px&#8221; custom_margin=&#8221;0px||0px||false|false&#8221; custom_padding=&#8221;0px||0px||false|false&#8221; custom_css_toggle_title=&#8221;display: none;&#8221; custom_css_toggle_content=&#8221;display: none;&#8221; border_width_all=&#8221;0px&#8221; global_colors_info=&#8221;{}&#8221;][\/et_pb_accordion_item][et_pb_accordion_item title=&#8221;North America&#8221; icon_color=&#8221;#757575&#8243; _builder_version=&#8221;4.20.4&#8243; text_orientation=&#8221;left&#8221; global_colors_info=&#8221;{}&#8221; toggle_level=&#8221;h4&#8243; toggle_font=&#8221;|700||on|||||&#8221; toggle_text_align=&#8221;left&#8221; toggle_font_size=&#8221;18px&#8221; toggle_line_height=&#8221;1.7em&#8221; closed_toggle_font=&#8221;|||on|||||&#8221; closed_toggle_font_size=&#8221;16px&#8221; open=&#8221;off&#8221;]<strong><i class=\"fas fa-globe-americas\"><\/i> United States<\/strong><br \/>\n<strong>World Headquarters<\/strong><br \/>\n<span><\/span><i>SPX Cooling Tech, LLC<\/i><br \/>\n7401 West 129 Street<br \/>\nOverland Park, Kansas 66213<br \/>\nTEL: 1-800-4Marley<br \/>\nTEL: 1-913-664-7400<br \/>\nFAX: 913 664 7439<br \/>\n[<span>\u00a0<\/span><a href=\"http:\/\/tinyurl.com\/l4hvq\" target=\"_blank\" rel=\"noopener noreferrer\">Google Map<\/a><span>\u00a0<\/span>]<\/p>\n<p><strong><i class=\"fas fa-globe-americas\"><\/i> Canada<\/strong><br \/>\n<strong>SPX Cooling Tech, LLC<\/strong><span><\/span><br \/>\n2425 Matheson Blvd. E., Suite 800<br \/>\nMississauga, ON L4W 5K4<br \/>\nTEL: 905 607 6446<br \/>\n[<span>\u00a0<\/span><a href=\"http:\/\/tinyurl.com\/j4z6k\" target=\"_blank\" rel=\"noopener noreferrer\">Google Map<\/a><span>\u00a0<\/span>]<\/p>\n<p><strong><i class=\"fas fa-globe-americas\"><\/i> Mexico<\/strong><br \/>\n<strong>Marley Mexicana S.A. de C.V.<\/strong><span><\/span><br \/>\nHaracio 124-1003 Col. Polanco<br \/>\nC.P. 11560 D.F.<br \/>\nTEL: 52 (55) 5250 7082<br \/>\nFAX: 52 (55) 5255 3031[\/et_pb_accordion_item][et_pb_accordion_item title=&#8221;South America&#8221; icon_color=&#8221;#757575&#8243; _builder_version=&#8221;4.20.4&#8243; global_colors_info=&#8221;{}&#8221; toggle_level=&#8221;h4&#8243; toggle_font=&#8221;|700||on|||||&#8221; toggle_line_height=&#8221;1.7em&#8221; open=&#8221;off&#8221;]<strong><i class=\"fas fa-globe-americas\"><\/i> Central and South America<\/strong><br \/>\n<strong>SPX Cooling Tech, LLC<\/strong><br \/>\n7401 West 129 Street<br \/>\nOverland Park, Kansas<br \/>\n66213<br \/>\nUnited States<br \/>\nTEL: 913 664 7400<br \/>\nFAX: 913 664 7753<br \/>\n[<span>\u00a0<\/span><a href=\"http:\/\/tinyurl.com\/l4hvq\" target=\"_blank\" rel=\"noopener noreferrer\">Google Map<\/a><span>\u00a0<\/span>][\/et_pb_accordion_item][et_pb_accordion_item title=&#8221;Europe&#8221; icon_color=&#8221;#757575&#8243; _builder_version=&#8221;4.27.4&#8243; text_orientation=&#8221;left&#8221; hover_enabled=&#8221;0&#8243; global_colors_info=&#8221;{}&#8221; toggle_level=&#8221;h4&#8243; toggle_font=&#8221;|700||on|||||&#8221; toggle_text_align=&#8221;left&#8221; toggle_font_size=&#8221;18px&#8221; toggle_line_height=&#8221;1.7em&#8221; closed_toggle_font=&#8221;||||||||&#8221; closed_toggle_font_size=&#8221;16px&#8221; open=&#8221;off&#8221; sticky_enabled=&#8221;0&#8243;]<b><i class=\"fas fa-globe-europe\"><\/i> SPX Cooling Technologies UK Ltd<\/b><br \/>\n<span>3 Knightsbridge Park<\/span><br \/>\n<span>Wainwright Road<\/span><br \/>\n<span>Worcester WR4 9FA,<\/span><br \/>\n<span>United Kingdom<\/span><br \/>\n<span>TEL: +44 1905 750 270<\/span><br \/>\n<a href=\"mailto:CT.FAP.EMEA@SPX.COM\"><i class=\"fa fa-envelope-o\"><\/i> CT.FAP.EMEA@SPX.COM<\/a>[\/et_pb_accordion_item][et_pb_accordion_item title=&#8221;Middle East&#8221; icon_color=&#8221;#757575&#8243; _builder_version=&#8221;4.27.4&#8243; text_orientation=&#8221;left&#8221; hover_enabled=&#8221;0&#8243; global_colors_info=&#8221;{}&#8221; toggle_level=&#8221;h4&#8243; toggle_font=&#8221;|700||on|||||&#8221; toggle_text_align=&#8221;left&#8221; toggle_font_size=&#8221;18px&#8221; toggle_line_height=&#8221;1.7em&#8221; closed_toggle_font=&#8221;||||||||&#8221; closed_toggle_font_size=&#8221;16px&#8221; open=&#8221;off&#8221; sticky_enabled=&#8221;0&#8243;]<\/p>\n<p><b><i class=\"fas fa-globe-europe\"><\/i> SPX Cooling Technologies Trading DMCC<\/b><br \/><span>Silver Tower (AG Tower)<\/span><br \/><span>14h Floor &#8211; Unit AG-14L<\/span><br \/><span>Cluster I, Jumeirah Lake Towers<\/span><br \/><span>Dubai, UAE<\/span><br \/><span>TEL: +971 505494892<\/span><br \/><span>FAX: +971 4 431 1055<\/span><br \/><i class=\"fa fa-envelope-o\"><\/i><span> <\/span><span data-eeencemail_zzmjwlarxm=\"1\"><a href=\"mailto:ct.sales.me@spx.com\">Email Sales<\/a><\/span><br \/><i class=\"fa fa-envelope-o\"><\/i><span> <\/span><span data-eeencemail_yqjuhbpswe=\"1\"><a href=\"mailto:ct.service.me@spx.com\">Email Service<\/a><\/span><\/p>\n<p>[\/et_pb_accordion_item][et_pb_accordion_item title=&#8221;Africa&#8221; icon_color=&#8221;#757575&#8243; _builder_version=&#8221;4.27.4&#8243; text_orientation=&#8221;left&#8221; hover_enabled=&#8221;0&#8243; global_colors_info=&#8221;{}&#8221; toggle_level=&#8221;h4&#8243; toggle_font=&#8221;|700||on|||||&#8221; toggle_text_align=&#8221;left&#8221; toggle_font_size=&#8221;18px&#8221; toggle_line_height=&#8221;1.7em&#8221; closed_toggle_font=&#8221;|||on|||||&#8221; closed_toggle_font_size=&#8221;16px&#8221; open=&#8221;off&#8221; sticky_enabled=&#8221;0&#8243;]<b><i class=\"fas fa-globe-europe\"><\/i> SPX Cooling Technologies Trading DMCC<\/b><br \/>\n<span>Silver Tower (AG Tower)<\/span><br \/>\n<span>14h Floor &#8211; Unit AG-14L<\/span><br \/>\n<span>Cluster I, Jumeirah Lake Towers<\/span><br \/>\n<span>Dubai, UAE<\/span><br \/>\n<span>TEL: +971 505494892<\/span><br \/>\n<span>FAX: +971 4 431 1055<\/span><br \/>\n<i class=\"fa fa-envelope-o\"><\/i><span> <\/span><span data-eeencemail_zzmjwlarxm=\"1\"><a href=\"mailto:ct.sales.me@spx.com\">Email Sales<\/a><\/span><br \/>\n<i class=\"fa fa-envelope-o\"><\/i><span> <\/span><span data-eeencemail_yqjuhbpswe=\"1\"><a href=\"mailto:ct.service.me@spx.com\">Email Service<\/a><\/span>[\/et_pb_accordion_item][et_pb_accordion_item title=&#8221;Asia&#8221; icon_color=&#8221;#757575&#8243; _builder_version=&#8221;4.23.1&#8243; text_orientation=&#8221;left&#8221; global_colors_info=&#8221;{}&#8221; toggle_level=&#8221;h4&#8243; toggle_font=&#8221;|700||on|||||&#8221; toggle_text_align=&#8221;left&#8221; toggle_font_size=&#8221;18px&#8221; toggle_line_height=&#8221;1.7em&#8221; closed_toggle_font=&#8221;|||on|||||&#8221; closed_toggle_font_size=&#8221;16px&#8221; open=&#8221;off&#8221;]<b><i class=\"fas fa-globe-asia\"><\/i> Shanghai, China<\/b><br \/>\n<b>SPX Cooling Technologies<\/b><br \/>\n3805 &amp; 3806, GUBEI SOHO, 188 HONGBAOSHI ROAD<br \/>\nSHANGHAI 201103, CHINA<br \/>\nTEL: +86 21 8026 3700<br \/>\nFAX: +86 21 8026 3710<br \/>\n<a href=\"mailto:spxcoolingchina@ct.spx.com\"><i class=\"fa fa-envelope-o\"><\/i> spxcoolingchina@ct.spx.com<\/a><\/p>\n<p><b><i class=\"fas fa-globe-asia\"><\/i> Foho Manufacturing Plant<\/b><br \/>\n<b>SPX Cooling Technologies (Su Zhou) Co. Ltd<\/b><br \/>\nNo.499 Laixiu Road, Foho New &amp; Hi-Tech Industrial Development Zone<br \/>\nSuzhou, Jiangsu China 215211<br \/>\nTEL: +86 512 6391 6361<\/p>\n<p><b><i class=\"fas fa-globe-asia\"><\/i> Malaysia\/Singapore<\/b><br \/>\n<b>SPX Cooling Technologies Malaysia Sdn Bhd<\/b><br \/>\nUnit 505, Block B, Phileo Damansara 2<br \/>\nNo. 15, Jalan 16\/11, Off Jalan Damansara<br \/>\n46350 Petaling Jaya, Selangor D. E., Malaysia<br \/>\nTEL: 603 &#8211; 7947 7800<br \/>\nFAX: 603 &#8211; 7947 7999<br \/>\n<a href=\"mailto:TH.MY.enquiry@spx.com\"><i class=\"fa fa-envelope-o\"><\/i> TH.MY.enquiry@spx.com<\/a><\/p>\n<p><b><i class=\"fas fa-globe-asia\"><\/i> South Korea<\/b><br \/>\n<b>SPX Cooling Technologies, Korea Branch<\/b><br \/>\nB-1026, Raemian Yongsan the Central tower<br \/>\nHanGang Dae-ro 95, Yongsan-Gu<br \/>\nSeoul, South Korea, 04378<br \/>\nTEL: +82-10-8748-5360<br \/>\n<a href=\"mailto:myungsoo.koo@spx.com\"><i class=\"fa fa-envelope-o\"><\/i> myungsoo.koo@spx.com<\/a>[\/et_pb_accordion_item][et_pb_accordion_item title=&#8221;Oceania&#8221; icon_color=&#8221;#757575&#8243; _builder_version=&#8221;4.20.4&#8243; text_orientation=&#8221;left&#8221; global_colors_info=&#8221;{}&#8221; toggle_level=&#8221;h4&#8243; toggle_font=&#8221;|700||on|||||&#8221; toggle_text_align=&#8221;left&#8221; toggle_font_size=&#8221;18px&#8221; toggle_line_height=&#8221;1.7em&#8221; closed_toggle_font=&#8221;|||on|||||&#8221; closed_toggle_font_size=&#8221;16px&#8221; open=&#8221;off&#8221;]<\/p>\n<p><b><i class=\"fas fa-globe-asia\"><\/i> SPX Cooling Technologies Singapore Pte Ltd<\/b><br \/><span>80 Marine Parade Road<\/span><br \/><span>#21-06 Parkway Parade<\/span><br \/><span>Singapore 449269<\/span><br \/><span>TEL: 65-6345 2850<\/span><br \/><span>FAX: 65-6345 0792<\/span><br \/><a href=\"mailto:TH.MY.enquiry@spx.com\"><i class=\"fa fa-envelope-o\"><\/i> TH.MY.enquiry@spx.com<\/a><\/p>\n<p>[\/et_pb_accordion_item][\/et_pb_accordion][et_pb_text _builder_version=&#8221;4.25.0&#8243; _module_preset=&#8221;default&#8221; text_font=&#8221;|700||on|||||&#8221; text_text_color=&#8221;#FFFFFF&#8221; background_color=&#8221;#1d66ab&#8221; text_orientation=&#8221;center&#8221; width=&#8221;180px&#8221; custom_margin=&#8221;12px||0px||false|false&#8221; custom_padding=&#8221;12px|12px|12px|12px|false|false&#8221; border_radii=&#8221;on|2px|2px|2px|2px&#8221; border_width_all=&#8221;1px&#8221; global_colors_info=&#8221;{}&#8221;]<a href=\"\/locations\" style=\"color: #fff !important;\">Local Addresses <i class=\"fas fa-caret-right\"><\/i><\/a>[\/et_pb_text][\/et_pb_column][\/et_pb_row][et_pb_row _builder_version=&#8221;4.16&#8243; global_colors_info=&#8221;{}&#8221;][et_pb_column type=&#8221;4_4&#8243; _builder_version=&#8221;4.16&#8243; global_colors_info=&#8221;{}&#8221;][\/et_pb_column][\/et_pb_row][\/et_pb_section]<\/p>\n","protected":false},"excerpt":{"rendered":"<p>Contact SPX Cooling United States World Headquarters SPX Cooling Tech, LLC 7401 West 129 Street Overland Park, Kansas 66213 TEL: 1-800-4Marley TEL: 1-913-664-7400 FAX: 913 664 7439 [\u00a0Google Map\u00a0] Canada SPX Cooling Tech, LLC 2425 Matheson Blvd. E., Suite 800 Mississauga, ON L4W 5K4 TEL: 905 607 6446 [\u00a0Google Map\u00a0] Mexico Marley Mexicana S.A. de [&hellip;]<\/p>\n","protected":false},"author":2,"featured_media":13062,"parent":0,"menu_order":0,"comment_status":"closed","ping_status":"closed","template":"","meta":{"_acf_changed":false,"_et_pb_use_builder":"on","_et_pb_old_content":"","_et_gb_content_width":"","content-type":"","_relevanssi_hide_post":"","_relevanssi_pin_for_all":"","_relevanssi_pin_keywords":"","_relevanssi_unpin_keywords":"","_relevanssi_related_keywords":"","_relevanssi_related_include_ids":"","_relevanssi_related_exclude_ids":"","_relevanssi_related_no_append":"","_relevanssi_related_not_related":"","_relevanssi_related_posts":"","_relevanssi_noindex_reason":"","footnotes":""},"class_list":["post-10233","page","type-page","status-publish","has-post-thumbnail","hentry"],"acf":[],"yoast_head":"<!-- This site is optimized with the Yoast SEO Premium plugin v21.2 (Yoast SEO v27.2) - https:\/\/yoast.com\/product\/yoast-seo-premium-wordpress\/ -->\n<title>Contact - SPX Cooling Towers<\/title>\n<meta name=\"description\" content=\"Use our contact form or cooling tower sales rep locator to find more information, or contact one of our Marley SPX offices directly here.\" \/>\n<meta name=\"robots\" content=\"index, follow, max-snippet:-1, max-image-preview:large, max-video-preview:-1\" \/>\n<link rel=\"canonical\" href=\"https:\/\/spxcooling.com\/es\/contact\/\" \/>\n<meta property=\"og:locale\" content=\"es_MX\" \/>\n<meta property=\"og:type\" content=\"article\" \/>\n<meta property=\"og:title\" content=\"Contact\" \/>\n<meta property=\"og:description\" content=\"Use our contact form or cooling tower sales rep locator to find more information, or contact one of our Marley SPX offices directly here.\" \/>\n<meta property=\"og:url\" content=\"https:\/\/spxcooling.com\/es\/contact\/\" \/>\n<meta property=\"og:site_name\" content=\"SPX Cooling Technologies\" \/>\n<meta property=\"article:publisher\" content=\"https:\/\/www.facebook.com\/SPX-Cooling-Technologies-182738268785153\" \/>\n<meta property=\"article:modified_time\" content=\"2025-02-18T18:46:48+00:00\" \/>\n<meta property=\"og:image\" content=\"https:\/\/spxcooling.com\/wp-content\/uploads\/contact_SPX.jpg\" \/>\n\t<meta property=\"og:image:width\" content=\"360\" \/>\n\t<meta property=\"og:image:height\" content=\"252\" \/>\n\t<meta property=\"og:image:type\" content=\"image\/jpeg\" \/>\n<meta name=\"twitter:card\" content=\"summary_large_image\" \/>\n<meta name=\"twitter:label1\" content=\"Tiempo de lectura\" \/>\n\t<meta name=\"twitter:data1\" content=\"5 minutos\" \/>\n<script type=\"application\/ld+json\" class=\"yoast-schema-graph\">{\"@context\":\"https:\/\/schema.org\",\"@graph\":[{\"@type\":\"WebPage\",\"@id\":\"https:\/\/spxcooling.com\/zh\/contact\/\",\"url\":\"https:\/\/spxcooling.com\/zh\/contact\/\",\"name\":\"Contact - SPX Cooling Towers\",\"isPartOf\":{\"@id\":\"https:\/\/spxcooling.com\/es\/#website\"},\"primaryImageOfPage\":{\"@id\":\"https:\/\/spxcooling.com\/zh\/contact\/#primaryimage\"},\"image\":{\"@id\":\"https:\/\/spxcooling.com\/zh\/contact\/#primaryimage\"},\"thumbnailUrl\":\"https:\/\/spxcooling.com\/wp-content\/uploads\/contact_SPX.jpg\",\"datePublished\":\"2019-11-15T21:03:00+00:00\",\"dateModified\":\"2025-02-18T18:46:48+00:00\",\"description\":\"Use our contact form or cooling tower sales rep locator to find more information, or contact one of our Marley SPX offices directly here.\",\"breadcrumb\":{\"@id\":\"https:\/\/spxcooling.com\/zh\/contact\/#breadcrumb\"},\"inLanguage\":\"es\",\"potentialAction\":[{\"@type\":\"ReadAction\",\"target\":[\"https:\/\/spxcooling.com\/zh\/contact\/\"]}]},{\"@type\":\"ImageObject\",\"inLanguage\":\"es\",\"@id\":\"https:\/\/spxcooling.com\/zh\/contact\/#primaryimage\",\"url\":\"https:\/\/spxcooling.com\/wp-content\/uploads\/contact_SPX.jpg\",\"contentUrl\":\"https:\/\/spxcooling.com\/wp-content\/uploads\/contact_SPX.jpg\",\"width\":360,\"height\":252,\"caption\":\"Contact SPX\"},{\"@type\":\"BreadcrumbList\",\"@id\":\"https:\/\/spxcooling.com\/zh\/contact\/#breadcrumb\",\"itemListElement\":[{\"@type\":\"ListItem\",\"position\":1,\"name\":\"Home\",\"item\":\"https:\/\/spxcooling.com\/es\/\"},{\"@type\":\"ListItem\",\"position\":2,\"name\":\"Contact\"}]},{\"@type\":\"WebSite\",\"@id\":\"https:\/\/spxcooling.com\/es\/#website\",\"url\":\"https:\/\/spxcooling.com\/es\/\",\"name\":\"SPX Cooling Technologies\",\"description\":\"COOLING TOWER PERFORMANCE, COOLING TOWER PARTS, AND COOLING TOWER SALES\",\"publisher\":{\"@id\":\"https:\/\/spxcooling.com\/es\/#organization\"},\"potentialAction\":[{\"@type\":\"SearchAction\",\"target\":{\"@type\":\"EntryPoint\",\"urlTemplate\":\"https:\/\/spxcooling.com\/es\/?s={search_term_string}\"},\"query-input\":{\"@type\":\"PropertyValueSpecification\",\"valueRequired\":true,\"valueName\":\"search_term_string\"}}],\"inLanguage\":\"es\"},{\"@type\":\"Organization\",\"@id\":\"https:\/\/spxcooling.com\/es\/#organization\",\"name\":\"SPX Cooling Technologies, Inc.\",\"url\":\"https:\/\/spxcooling.com\/es\/\",\"logo\":{\"@type\":\"ImageObject\",\"inLanguage\":\"es\",\"@id\":\"https:\/\/spxcooling.com\/es\/#\/schema\/logo\/image\/\",\"url\":\"\/wp-content\/uploads\/spxcoolingtowerslogos2023.png\",\"contentUrl\":\"\/wp-content\/uploads\/spxcoolingtowerslogos2023.png\",\"width\":1477,\"height\":268,\"caption\":\"SPX Cooling Technologies, Inc.\"},\"image\":{\"@id\":\"https:\/\/spxcooling.com\/es\/#\/schema\/logo\/image\/\"},\"sameAs\":[\"https:\/\/www.facebook.com\/SPX-Cooling-Technologies-182738268785153\",\"https:\/\/www.linkedin.com\/company\/spx-cooling-technologies\/mycompany\/?viewAsMember=true\"]}]}<\/script>\n<!-- \/ Yoast SEO Premium plugin. -->","yoast_head_json":{"title":"Contacto - Torres de enfriamiento SPX","description":"Utilice nuestro formulario de contacto o nuestro localizador de representantes de ventas de torres de enfriamiento para encontrar m\u00e1s informaci\u00f3n, o comun\u00edquese directamente con una de nuestras oficinas de Marley SPX aqu\u00ed.","robots":{"index":"index","follow":"follow","max-snippet":"max-snippet:-1","max-image-preview":"max-image-preview:large","max-video-preview":"max-video-preview:-1"},"canonical":"https:\/\/spxcooling.com\/es\/contact\/","og_locale":"es_MX","og_type":"article","og_title":"Contact","og_description":"Use our contact form or cooling tower sales rep locator to find more information, or contact one of our Marley SPX offices directly here.","og_url":"https:\/\/spxcooling.com\/es\/contact\/","og_site_name":"SPX Cooling Technologies","article_publisher":"https:\/\/www.facebook.com\/SPX-Cooling-Technologies-182738268785153","article_modified_time":"2025-02-18T18:46:48+00:00","og_image":[{"width":360,"height":252,"url":"https:\/\/spxcooling.com\/wp-content\/uploads\/contact_SPX.jpg","type":"image\/jpeg"}],"twitter_card":"summary_large_image","twitter_misc":{"Tiempo de lectura":"5 minutos"},"schema":{"@context":"https:\/\/schema.org","@graph":[{"@type":"WebPage","@id":"https:\/\/spxcooling.com\/zh\/contact\/","url":"https:\/\/spxcooling.com\/zh\/contact\/","name":"Contacto - Torres de enfriamiento SPX","isPartOf":{"@id":"https:\/\/spxcooling.com\/es\/#website"},"primaryImageOfPage":{"@id":"https:\/\/spxcooling.com\/zh\/contact\/#primaryimage"},"image":{"@id":"https:\/\/spxcooling.com\/zh\/contact\/#primaryimage"},"thumbnailUrl":"https:\/\/spxcooling.com\/wp-content\/uploads\/contact_SPX.jpg","datePublished":"2019-11-15T21:03:00+00:00","dateModified":"2025-02-18T18:46:48+00:00","description":"Utilice nuestro formulario de contacto o nuestro localizador de representantes de ventas de torres de enfriamiento para encontrar m\u00e1s informaci\u00f3n, o comun\u00edquese directamente con una de nuestras oficinas de Marley SPX aqu\u00ed.","breadcrumb":{"@id":"https:\/\/spxcooling.com\/zh\/contact\/#breadcrumb"},"inLanguage":"es","potentialAction":[{"@type":"ReadAction","target":["https:\/\/spxcooling.com\/zh\/contact\/"]}]},{"@type":"ImageObject","inLanguage":"es","@id":"https:\/\/spxcooling.com\/zh\/contact\/#primaryimage","url":"https:\/\/spxcooling.com\/wp-content\/uploads\/contact_SPX.jpg","contentUrl":"https:\/\/spxcooling.com\/wp-content\/uploads\/contact_SPX.jpg","width":360,"height":252,"caption":"Contact SPX"},{"@type":"BreadcrumbList","@id":"https:\/\/spxcooling.com\/zh\/contact\/#breadcrumb","itemListElement":[{"@type":"ListItem","position":1,"name":"Home","item":"https:\/\/spxcooling.com\/es\/"},{"@type":"ListItem","position":2,"name":"Contact"}]},{"@type":"WebSite","@id":"https:\/\/spxcooling.com\/es\/#website","url":"https:\/\/spxcooling.com\/es\/","name":"Tecnolog\u00edas de refrigeraci\u00f3n SPX","description":"RENDIMIENTO DE TORRES DE ENFRIAMIENTO, PIEZAS DE TORRES DE ENFRIAMIENTO Y VENTAS DE TORRES DE ENFRIAMIENTO","publisher":{"@id":"https:\/\/spxcooling.com\/es\/#organization"},"potentialAction":[{"@type":"SearchAction","target":{"@type":"EntryPoint","urlTemplate":"https:\/\/spxcooling.com\/es\/?s={search_term_string}"},"query-input":{"@type":"PropertyValueSpecification","valueRequired":true,"valueName":"search_term_string"}}],"inLanguage":"es"},{"@type":"Organization","@id":"https:\/\/spxcooling.com\/es\/#organization","name":"Tecnolog\u00edas de refrigeraci\u00f3n SPX, Inc.","url":"https:\/\/spxcooling.com\/es\/","logo":{"@type":"ImageObject","inLanguage":"es","@id":"https:\/\/spxcooling.com\/es\/#\/schema\/logo\/image\/","url":"\/wp-content\/uploads\/spxcoolingtowerslogos2023.png","contentUrl":"\/wp-content\/uploads\/spxcoolingtowerslogos2023.png","width":1477,"height":268,"caption":"SPX Cooling Technologies, Inc."},"image":{"@id":"https:\/\/spxcooling.com\/es\/#\/schema\/logo\/image\/"},"sameAs":["https:\/\/www.facebook.com\/SPX-Cooling-Technologies-182738268785153","https:\/\/www.linkedin.com\/company\/spx-cooling-technologies\/mycompany\/?viewAsMember=true"]}]}},"_links":{"self":[{"href":"https:\/\/spxcooling.com\/es\/wp-json\/wp\/v2\/pages\/10233","targetHints":{"allow":["GET"]}}],"collection":[{"href":"https:\/\/spxcooling.com\/es\/wp-json\/wp\/v2\/pages"}],"about":[{"href":"https:\/\/spxcooling.com\/es\/wp-json\/wp\/v2\/types\/page"}],"author":[{"embeddable":true,"href":"https:\/\/spxcooling.com\/es\/wp-json\/wp\/v2\/users\/2"}],"replies":[{"embeddable":true,"href":"https:\/\/spxcooling.com\/es\/wp-json\/wp\/v2\/comments?post=10233"}],"version-history":[{"count":124,"href":"https:\/\/spxcooling.com\/es\/wp-json\/wp\/v2\/pages\/10233\/revisions"}],"predecessor-version":[{"id":27649,"href":"https:\/\/spxcooling.com\/es\/wp-json\/wp\/v2\/pages\/10233\/revisions\/27649"}],"wp:featuredmedia":[{"embeddable":true,"href":"https:\/\/spxcooling.com\/es\/wp-json\/wp\/v2\/media\/13062"}],"wp:attachment":[{"href":"https:\/\/spxcooling.com\/es\/wp-json\/wp\/v2\/media?parent=10233"}],"curies":[{"name":"gracias","href":"https:\/\/api.w.org\/{rel}","templated":true}]}}