{"id":16061,"date":"2020-06-16T11:32:40","date_gmt":"2020-06-16T16:32:40","guid":{"rendered":"\/?page_id=16061"},"modified":"2026-04-02T13:14:04","modified_gmt":"2026-04-02T18:14:04","slug":"webinar-library-register","status":"publish","type":"page","link":"https:\/\/spxcooling.com\/es\/webinar-library-register\/","title":{"rendered":"Reg\u00edstrese para acceder a seminarios web bajo demanda."},"content":{"rendered":"<p>[et_pb_section fb_built=&#8221;1&#8243; custom_padding_last_edited=&#8221;on|phone&#8221; admin_label=&#8221;Featured Places&#8221; _builder_version=&#8221;4.16&#8243; background_color=&#8221;rgba(0,0,0,0)&#8221; use_background_color_gradient=&#8221;on&#8221; background_color_gradient_stops=&#8221;rgba(31,82,155,0.7) 0%|rgba(0,0,40,0.6) 100%&#8221; background_color_gradient_overlays_image=&#8221;on&#8221; background_color_gradient_start=&#8221;rgba(31,82,155,0.7)&#8221; background_color_gradient_end=&#8221;rgba(0,0,40,0.6)&#8221; background_image=&#8221;\/wp-content\/uploads\/soc_webinar_banner.jpg&#8221; custom_padding=&#8221;26px|0px|26px|0px|false|false&#8221; custom_padding_tablet=&#8221;&#8221; custom_padding_phone=&#8221;20px||20px||false|false&#8221; collapsed=&#8221;on&#8221; global_colors_info=&#8221;{}&#8221;][et_pb_row column_structure=&#8221;1_4,3_4&#8243; _builder_version=&#8221;4.16&#8243; custom_margin=&#8221;-6px|auto|-5px|auto||&#8221; custom_padding=&#8221;0px||0px||false|false&#8221; global_colors_info=&#8221;{}&#8221;][et_pb_column type=&#8221;1_4&#8243; _builder_version=&#8221;4.16&#8243; custom_padding=&#8221;|||&#8221; global_colors_info=&#8221;{}&#8221; custom_padding__hover=&#8221;|||&#8221;][et_pb_image src=&#8221;\/wp-content\/uploads\/SoC-Logo_2021_white2.png&#8221; alt=&#8221;School of Cool&#8221; align_tablet=&#8221;&#8221; align_phone=&#8221;center&#8221; align_last_edited=&#8221;on|phone&#8221; _builder_version=&#8221;4.16&#8243; _module_preset=&#8221;default&#8221; global_colors_info=&#8221;{}&#8221;][\/et_pb_image][\/et_pb_column][et_pb_column type=&#8221;3_4&#8243; _builder_version=&#8221;4.16&#8243; custom_padding=&#8221;|||&#8221; global_colors_info=&#8221;{}&#8221; custom_padding__hover=&#8221;|||&#8221;][et_pb_text _builder_version=&#8221;4.16&#8243; header_font=&#8221;|600|||||||&#8221; header_text_align=&#8221;center&#8221; header_line_height=&#8221;1.7em&#8221; header_2_font=&#8221;Teko|700|||||||&#8221; header_2_text_align=&#8221;center&#8221; header_2_text_color=&#8221;#ffffff&#8221; header_2_font_size=&#8221;69px&#8221; header_2_letter_spacing=&#8221;1px&#8221; custom_margin=&#8221;0px||0px||false|false&#8221; custom_padding=&#8221;15px||0px||false|false&#8221; header_2_text_shadow_style=&#8221;preset3&#8243; global_colors_info=&#8221;{}&#8221;]<\/p>\n<h2>ON-DEMAND WEBINARS<\/h2>\n<p>[\/et_pb_text][et_pb_text _builder_version=&#8221;4.16&#8243; header_font=&#8221;Teko|600|||||||&#8221; header_text_align=&#8221;center&#8221; header_text_color=&#8221;#ffffff&#8221; header_font_size=&#8221;31px&#8221; header_letter_spacing=&#8221;1px&#8221; custom_margin=&#8221;0px||0px||false|false&#8221; custom_padding=&#8221;5px||0px||false|false&#8221; header_line_height_tablet=&#8221;&#8221; header_line_height_phone=&#8221;1em&#8221; header_line_height_last_edited=&#8221;on|phone&#8221; header_text_shadow_style=&#8221;preset3&#8243; global_colors_info=&#8221;{}&#8221;]<\/p>\n<h1>Hospitals, Refineries, Power Plants, Process Cooling Facilities and Data Centers Rely on SPX Cooling Technologies<\/h1>\n<p>[\/et_pb_text][\/et_pb_column][\/et_pb_row][\/et_pb_section][et_pb_section fb_built=&#8221;1&#8243; admin_label=&#8221;Featured Places&#8221; _builder_version=&#8221;4.16&#8243; background_color=&#8221;#ffffff&#8221; custom_padding=&#8221;12px|0px|20px|0px|false|false&#8221; collapsed=&#8221;off&#8221; global_colors_info=&#8221;{}&#8221;][et_pb_row _builder_version=&#8221;4.16&#8243; custom_margin=&#8221;||8px||false|false&#8221; custom_padding=&#8221;0px||0px||false|false&#8221; global_colors_info=&#8221;{}&#8221;][et_pb_column type=&#8221;4_4&#8243; _builder_version=&#8221;4.16&#8243; global_colors_info=&#8221;{}&#8221;][et_pb_text _builder_version=&#8221;4.16&#8243; text_font_size=&#8221;20px&#8221; text_line_height=&#8221;1.4em&#8221; header_2_font=&#8221;|600|||||||&#8221; text_orientation=&#8221;center&#8221; custom_margin=&#8221;||0px||false|false&#8221; custom_padding=&#8221;12px||6px||false|false&#8221; global_colors_info=&#8221;{}&#8221;]<\/p>\n<p>Advance your evaporative cooling knowledge through recorded webinars presented by<br \/>SPX Marley technical experts.<\/p>\n<p>[\/et_pb_text][et_pb_button button_url=&#8221;\/webinars&#8221; url_new_window=&#8221;on&#8221; button_text=&#8221;Don&#8217;t Miss Our Live Webinars&#8221; button_alignment=&#8221;center&#8221; _builder_version=&#8221;4.16&#8243; _module_preset=&#8221;default&#8221; custom_button=&#8221;on&#8221; button_text_size=&#8221;16px&#8221; button_text_color=&#8221;#ffffff&#8221; button_bg_color=&#8221;#0c71c3&#8243; button_border_radius=&#8221;10px&#8221; global_colors_info=&#8221;{}&#8221;][\/et_pb_button][et_pb_text _builder_version=&#8221;4.24.2&#8243; text_font_size=&#8221;20px&#8221; text_line_height=&#8221;1.4em&#8221; header_2_font=&#8221;|600|||||||&#8221; custom_margin=&#8221;||0px||false|false&#8221; custom_padding=&#8221;12px||0px||false|false&#8221; global_colors_info=&#8221;{}&#8221;]<\/p>\n<p><b>Register now to view our on-demand webinar library:\u00a0<\/b><\/p>\n<p>[\/et_pb_text][\/et_pb_column][\/et_pb_row][et_pb_row _builder_version=&#8221;4.24.2&#8243; _module_preset=&#8221;default&#8221; custom_margin=&#8221;0px||||false|false&#8221; custom_padding=&#8221;0px||||false|false&#8221; global_colors_info=&#8221;{}&#8221;][et_pb_column type=&#8221;4_4&#8243; _builder_version=&#8221;4.24.2&#8243; _module_preset=&#8221;default&#8221; global_colors_info=&#8221;{}&#8221;][et_pb_tabs module_id=&#8221;webinar-registration&#8221; _builder_version=&#8221;4.27.4&#8243; _module_preset=&#8221;default&#8221; global_colors_info=&#8221;{}&#8221;][et_pb_tab title=&#8221;HVAC \/ Light Industrial&#8221; _builder_version=&#8221;4.27.4&#8243; _module_preset=&#8221;default&#8221; global_colors_info=&#8221;{}&#8221;]<\/p>\n<div class=\"webinarpageleft\">\n<p><img decoding=\"async\" src=\"\/wp-content\/uploads\/webinar10.jpg\" \/><\/p>\n<p class=\"howmanywebinars\">10 Webinars<\/p>\n<\/div>\n<div class=\"webinarpageright\">\n<h3>HVAC \/ Light Industrial On-Demand Webinars<\/h3>\n<ul>\n<li>Energy and Water Efficiency \u2013 Factory-Assembled Cooling Towers<\/li>\n<li>Fluid Coolers \u2013 Applications and Selection<\/li>\n<li>Factory-Assembled Towers for Process Cooling<\/li>\n<li>Factory-Assembled Cooling Tower Selection and Design<\/li>\n<li>Cooling Tower Fundamentals \u2013 HVAC Edition<\/li>\n<li>Factory-Assembled Cooling Tower Inspection &amp; Start-up After Unplanned Shutdown<\/li>\n<li>Cold Weather Operation of Cooling Towers<\/li>\n<li>Air Cooled vs. Water Cooled HVAC Systems<\/li>\n<li>Cooling Tower Sound<\/li>\n<li>Data Center Heat Rejection<\/li>\n<\/ul>\n<p><span class=\"webinarregisterbutton\"><a href=\"#webinar-registration|4\">Register NOW<\/a><\/span><\/p>\n<\/div>\n<div class=\"clear0\"><\/div>\n<p>[\/et_pb_tab][et_pb_tab title=&#8221;Heavy Industrial \/ Power&#8221; _builder_version=&#8221;4.24.2&#8243; _module_preset=&#8221;default&#8221; global_colors_info=&#8221;{}&#8221;]<\/p>\n<div class=\"webinarpageleft\">\n<p><img decoding=\"async\" src=\"\/wp-content\/uploads\/webinar3.jpg\" \/><\/p>\n<p class=\"howmanywebinars\">6 Webinars<\/p>\n<\/div>\n<div class=\"webinarpageright\">\n<h3>Heavy Industrial \/ Power On-Demand Webinars<\/h3>\n<ul>\n<li>Field-Erected Cooling Tower Inspection Tips<\/li>\n<li>Mechanical Equipment Maintenance on Field-Erected Towers<\/li>\n<li>Modularization of Field-Erected Cooling Towers<\/li>\n<li>Proof in Performance \u2013 Marley Power \/ Heavy Industrial<\/li>\n<li>Cooling Tower Fundamentals \u2013 Process Cooling Edition<\/li>\n<li>Thermal Dynamics and Field-Erected Cooling Tower Performance<\/li>\n<\/ul>\n<p><span class=\"webinarregisterbutton\"><a href=\"#webinar-registration|4\">Register NOW<\/a><\/span><\/p>\n<\/div>\n<div class=\"clear0\"><\/div>\n<p>[\/et_pb_tab][et_pb_tab title=&#8221;Refrigeration&#8221; _builder_version=&#8221;4.24.2&#8243; _module_preset=&#8221;default&#8221; global_colors_info=&#8221;{}&#8221;]<\/p>\n<div class=\"webinarpageleft\">\n<p><img decoding=\"async\" src=\"\/wp-content\/uploads\/recoldwebinar.jpg\" \/><\/p>\n<p class=\"howmanywebinars\">2 Webinars<\/p>\n<\/div>\n<div class=\"webinarpageright\">\n<h3>Refrigeration On-Demand Webinars<\/h3>\n<ul>\n<li>Recold Inspection and Maintenance: Focus on Fan Blower Bearings<\/li>\n<li>Adiabatic Cooling Systems<\/li>\n<\/ul>\n<p><span class=\"webinarregisterbutton\"><a href=\"#webinar-registration|4\">Register NOW<\/a><\/span><\/p>\n<\/div>\n<div class=\"clear0\"><\/div>\n<p>[\/et_pb_tab][et_pb_tab title=&#8221;Maintenance \/ Inspection&#8221; _builder_version=&#8221;4.24.2&#8243; _module_preset=&#8221;default&#8221; global_colors_info=&#8221;{}&#8221;]<\/p>\n<div class=\"webinarpageleft\">\n<p><img decoding=\"async\" src=\"\/wp-content\/uploads\/webinar2.jpg\" \/><\/p>\n<p class=\"howmanywebinars\">4 Webinars<\/p>\n<\/div>\n<div class=\"webinarpageright\">\n<h3>Maintenance and Inspection On-Demand Webinars<\/h3>\n<ul>\n<li>Mechanical Equipment Maintenance on Field-Erected Towers<\/li>\n<li>Factory-Assembled Cooling Tower Inspection &amp; Start-up After Unplanned Shutdown<\/li>\n<li>Recold Inspection and Maintenance: Focus on Fan Blower Bearings<\/li>\n<li>Cold Weather Operation of Cooling Towers<\/li>\n<\/ul>\n<p><span class=\"webinarregisterbutton\"><a href=\"#webinar-registration|4\">Register NOW<\/a><\/span><\/p>\n<\/div>\n<div class=\"clear0\"><\/div>\n<p>[\/et_pb_tab][et_pb_tab title=&#8221;Register&#8221; _builder_version=&#8221;4.24.2&#8243; _module_preset=&#8221;default&#8221; global_colors_info=&#8221;{}&#8221;]<script>\n  hbspt.forms.create({\n\tportalId: \"5920916\",\n\tformId: \"45d1b94c-2fcd-4855-9f3e-868517bffe9a\"\n});\n<\/script>[\/et_pb_tab][\/et_pb_tabs][\/et_pb_column][\/et_pb_row][\/et_pb_section]<\/p>\n","protected":false},"excerpt":{"rendered":"<p>ON-DEMAND WEBINARSHospitals, Refineries, Power Plants, Process Cooling Facilities and Data Centers Rely on SPX Cooling TechnologiesAdvance your evaporative cooling knowledge through recorded webinars presented bySPX Marley technical experts.Register now to view our on-demand webinar library:\u00a0 10 Webinars HVAC \/ Light Industrial On-Demand Webinars Energy and Water Efficiency \u2013 Factory-Assembled Cooling Towers Fluid Coolers \u2013 Applications [&hellip;]<\/p>\n","protected":false},"author":2,"featured_media":16056,"parent":0,"menu_order":0,"comment_status":"closed","ping_status":"closed","template":"","meta":{"_acf_changed":false,"_et_pb_use_builder":"on","_et_pb_old_content":"","_et_gb_content_width":"","content-type":"","_relevanssi_hide_post":"","_relevanssi_pin_for_all":"","_relevanssi_pin_keywords":"","_relevanssi_unpin_keywords":"","_relevanssi_related_keywords":"","_relevanssi_related_include_ids":"","_relevanssi_related_exclude_ids":"","_relevanssi_related_no_append":"","_relevanssi_related_not_related":"","_relevanssi_related_posts":"","_relevanssi_noindex_reason":"","footnotes":""},"class_list":["post-16061","page","type-page","status-publish","has-post-thumbnail","hentry"],"acf":[],"yoast_head":"<!-- This site is optimized with the Yoast SEO Premium plugin v21.2 (Yoast SEO v27.2) - https:\/\/yoast.com\/product\/yoast-seo-premium-wordpress\/ -->\n<title>Register For On-Demand Webinars - SPX Cooling Technologies<\/title>\n<meta name=\"description\" content=\"Hospitals, Refineries, Power Plants, Process Cooling Facilities and Data Centers Rely on SPX Cooling Technologies. Register Now For Live Webinars!\" \/>\n<meta name=\"robots\" content=\"index, follow, max-snippet:-1, max-image-preview:large, max-video-preview:-1\" \/>\n<link rel=\"canonical\" href=\"https:\/\/spxcooling.com\/es\/webinar-library-register\/\" \/>\n<meta property=\"og:locale\" content=\"es_MX\" \/>\n<meta property=\"og:type\" content=\"article\" \/>\n<meta property=\"og:title\" content=\"Register For On-Demand Webinars\" \/>\n<meta property=\"og:description\" content=\"Hospitals, Refineries, Power Plants, Process Cooling Facilities and Data Centers Rely on SPX Cooling Technologies. Register Now For Live Webinars!\" \/>\n<meta property=\"og:url\" content=\"https:\/\/spxcooling.com\/es\/webinar-library-register\/\" \/>\n<meta property=\"og:site_name\" content=\"SPX Cooling Technologies\" \/>\n<meta property=\"article:publisher\" content=\"https:\/\/www.facebook.com\/SPX-Cooling-Technologies-182738268785153\" \/>\n<meta property=\"article:modified_time\" content=\"2026-04-02T18:14:04+00:00\" \/>\n<meta property=\"og:image\" content=\"https:\/\/spxcooling.com\/wp-content\/uploads\/webinar3.jpg\" \/>\n\t<meta property=\"og:image:width\" content=\"1920\" \/>\n\t<meta property=\"og:image:height\" content=\"1080\" \/>\n\t<meta property=\"og:image:type\" content=\"image\/jpeg\" \/>\n<meta name=\"twitter:card\" content=\"summary_large_image\" \/>\n<meta name=\"twitter:label1\" content=\"Tiempo de lectura\" \/>\n\t<meta name=\"twitter:data1\" content=\"3 minutos\" \/>\n<script type=\"application\/ld+json\" class=\"yoast-schema-graph\">{\"@context\":\"https:\/\/schema.org\",\"@graph\":[{\"@type\":\"WebPage\",\"@id\":\"https:\/\/spxcooling.com\/webinar-library-register\/\",\"url\":\"https:\/\/spxcooling.com\/webinar-library-register\/\",\"name\":\"Register For On-Demand Webinars - SPX Cooling Technologies\",\"isPartOf\":{\"@id\":\"https:\/\/spxcooling.com\/it\/#website\"},\"primaryImageOfPage\":{\"@id\":\"https:\/\/spxcooling.com\/webinar-library-register\/#primaryimage\"},\"image\":{\"@id\":\"https:\/\/spxcooling.com\/webinar-library-register\/#primaryimage\"},\"thumbnailUrl\":\"https:\/\/spxcooling.com\/wp-content\/uploads\/webinar3.jpg\",\"datePublished\":\"2020-06-16T16:32:40+00:00\",\"dateModified\":\"2026-04-02T18:14:04+00:00\",\"description\":\"Hospitals, Refineries, Power Plants, Process Cooling Facilities and Data Centers Rely on SPX Cooling Technologies. Register Now For Live Webinars!\",\"breadcrumb\":{\"@id\":\"https:\/\/spxcooling.com\/webinar-library-register\/#breadcrumb\"},\"inLanguage\":\"es\",\"potentialAction\":[{\"@type\":\"ReadAction\",\"target\":[\"https:\/\/spxcooling.com\/webinar-library-register\/\"]}]},{\"@type\":\"ImageObject\",\"inLanguage\":\"es\",\"@id\":\"https:\/\/spxcooling.com\/webinar-library-register\/#primaryimage\",\"url\":\"https:\/\/spxcooling.com\/wp-content\/uploads\/webinar3.jpg\",\"contentUrl\":\"https:\/\/spxcooling.com\/wp-content\/uploads\/webinar3.jpg\",\"width\":1920,\"height\":1080,\"caption\":\"Webinar 3\"},{\"@type\":\"BreadcrumbList\",\"@id\":\"https:\/\/spxcooling.com\/webinar-library-register\/#breadcrumb\",\"itemListElement\":[{\"@type\":\"ListItem\",\"position\":1,\"name\":\"Home\",\"item\":\"https:\/\/spxcooling.com\/it\/\"},{\"@type\":\"ListItem\",\"position\":2,\"name\":\"Register For On-Demand Webinars\"}]},{\"@type\":\"WebSite\",\"@id\":\"https:\/\/spxcooling.com\/it\/#website\",\"url\":\"https:\/\/spxcooling.com\/it\/\",\"name\":\"SPX Cooling Technologies\",\"description\":\"COOLING TOWER PERFORMANCE, COOLING TOWER PARTS, AND COOLING TOWER SALES\",\"publisher\":{\"@id\":\"https:\/\/spxcooling.com\/it\/#organization\"},\"potentialAction\":[{\"@type\":\"SearchAction\",\"target\":{\"@type\":\"EntryPoint\",\"urlTemplate\":\"https:\/\/spxcooling.com\/it\/?s={search_term_string}\"},\"query-input\":{\"@type\":\"PropertyValueSpecification\",\"valueRequired\":true,\"valueName\":\"search_term_string\"}}],\"inLanguage\":\"es\"},{\"@type\":\"Organization\",\"@id\":\"https:\/\/spxcooling.com\/it\/#organization\",\"name\":\"SPX Cooling Technologies, Inc.\",\"url\":\"https:\/\/spxcooling.com\/it\/\",\"logo\":{\"@type\":\"ImageObject\",\"inLanguage\":\"es\",\"@id\":\"https:\/\/spxcooling.com\/it\/#\/schema\/logo\/image\/\",\"url\":\"\/wp-content\/uploads\/spxcoolingtowerslogos2023.png\",\"contentUrl\":\"\/wp-content\/uploads\/spxcoolingtowerslogos2023.png\",\"width\":1477,\"height\":268,\"caption\":\"SPX Cooling Technologies, Inc.\"},\"image\":{\"@id\":\"https:\/\/spxcooling.com\/it\/#\/schema\/logo\/image\/\"},\"sameAs\":[\"https:\/\/www.facebook.com\/SPX-Cooling-Technologies-182738268785153\",\"https:\/\/www.linkedin.com\/company\/spx-cooling-technologies\/mycompany\/?viewAsMember=true\"]}]}<\/script>\n<!-- \/ Yoast SEO Premium plugin. -->","yoast_head_json":{"title":"Reg\u00edstrese para los seminarios web bajo demanda - Tecnolog\u00edas de refrigeraci\u00f3n SPX","description":"Hospitales, refiner\u00edas, centrales el\u00e9ctricas, instalaciones de refrigeraci\u00f3n industrial y centros de datos conf\u00edan en las tecnolog\u00edas de refrigeraci\u00f3n de SPX. \u00a1Reg\u00edstrese ahora para participar en nuestros seminarios web en directo!","robots":{"index":"index","follow":"follow","max-snippet":"max-snippet:-1","max-image-preview":"max-image-preview:large","max-video-preview":"max-video-preview:-1"},"canonical":"https:\/\/spxcooling.com\/es\/webinar-library-register\/","og_locale":"es_MX","og_type":"article","og_title":"Register For On-Demand Webinars","og_description":"Hospitals, Refineries, Power Plants, Process Cooling Facilities and Data Centers Rely on SPX Cooling Technologies. Register Now For Live Webinars!","og_url":"https:\/\/spxcooling.com\/es\/webinar-library-register\/","og_site_name":"SPX Cooling Technologies","article_publisher":"https:\/\/www.facebook.com\/SPX-Cooling-Technologies-182738268785153","article_modified_time":"2026-04-02T18:14:04+00:00","og_image":[{"width":1920,"height":1080,"url":"https:\/\/spxcooling.com\/wp-content\/uploads\/webinar3.jpg","type":"image\/jpeg"}],"twitter_card":"summary_large_image","twitter_misc":{"Tiempo de lectura":"3 minutos"},"schema":{"@context":"https:\/\/schema.org","@graph":[{"@type":"WebPage","@id":"https:\/\/spxcooling.com\/webinar-library-register\/","url":"https:\/\/spxcooling.com\/webinar-library-register\/","name":"Reg\u00edstrese para los seminarios web bajo demanda - Tecnolog\u00edas de refrigeraci\u00f3n SPX","isPartOf":{"@id":"https:\/\/spxcooling.com\/it\/#website"},"primaryImageOfPage":{"@id":"https:\/\/spxcooling.com\/webinar-library-register\/#primaryimage"},"image":{"@id":"https:\/\/spxcooling.com\/webinar-library-register\/#primaryimage"},"thumbnailUrl":"https:\/\/spxcooling.com\/wp-content\/uploads\/webinar3.jpg","datePublished":"2020-06-16T16:32:40+00:00","dateModified":"2026-04-02T18:14:04+00:00","description":"Hospitales, refiner\u00edas, centrales el\u00e9ctricas, instalaciones de refrigeraci\u00f3n industrial y centros de datos conf\u00edan en las tecnolog\u00edas de refrigeraci\u00f3n de SPX. \u00a1Reg\u00edstrese ahora para participar en nuestros seminarios web en directo!","breadcrumb":{"@id":"https:\/\/spxcooling.com\/webinar-library-register\/#breadcrumb"},"inLanguage":"es","potentialAction":[{"@type":"ReadAction","target":["https:\/\/spxcooling.com\/webinar-library-register\/"]}]},{"@type":"ImageObject","inLanguage":"es","@id":"https:\/\/spxcooling.com\/webinar-library-register\/#primaryimage","url":"https:\/\/spxcooling.com\/wp-content\/uploads\/webinar3.jpg","contentUrl":"https:\/\/spxcooling.com\/wp-content\/uploads\/webinar3.jpg","width":1920,"height":1080,"caption":"Webinar 3"},{"@type":"BreadcrumbList","@id":"https:\/\/spxcooling.com\/webinar-library-register\/#breadcrumb","itemListElement":[{"@type":"ListItem","position":1,"name":"Home","item":"https:\/\/spxcooling.com\/it\/"},{"@type":"ListItem","position":2,"name":"Register For On-Demand Webinars"}]},{"@type":"WebSite","@id":"https:\/\/spxcooling.com\/it\/#website","url":"https:\/\/spxcooling.com\/it\/","name":"Tecnolog\u00edas de refrigeraci\u00f3n SPX","description":"RENDIMIENTO DE TORRES DE ENFRIAMIENTO, PIEZAS DE TORRES DE ENFRIAMIENTO Y VENTAS DE TORRES DE ENFRIAMIENTO","publisher":{"@id":"https:\/\/spxcooling.com\/it\/#organization"},"potentialAction":[{"@type":"SearchAction","target":{"@type":"EntryPoint","urlTemplate":"https:\/\/spxcooling.com\/it\/?s={search_term_string}"},"query-input":{"@type":"PropertyValueSpecification","valueRequired":true,"valueName":"search_term_string"}}],"inLanguage":"es"},{"@type":"Organization","@id":"https:\/\/spxcooling.com\/it\/#organization","name":"Tecnolog\u00edas de refrigeraci\u00f3n SPX, Inc.","url":"https:\/\/spxcooling.com\/it\/","logo":{"@type":"ImageObject","inLanguage":"es","@id":"https:\/\/spxcooling.com\/it\/#\/schema\/logo\/image\/","url":"\/wp-content\/uploads\/spxcoolingtowerslogos2023.png","contentUrl":"\/wp-content\/uploads\/spxcoolingtowerslogos2023.png","width":1477,"height":268,"caption":"SPX Cooling Technologies, Inc."},"image":{"@id":"https:\/\/spxcooling.com\/it\/#\/schema\/logo\/image\/"},"sameAs":["https:\/\/www.facebook.com\/SPX-Cooling-Technologies-182738268785153","https:\/\/www.linkedin.com\/company\/spx-cooling-technologies\/mycompany\/?viewAsMember=true"]}]}},"_links":{"self":[{"href":"https:\/\/spxcooling.com\/es\/wp-json\/wp\/v2\/pages\/16061","targetHints":{"allow":["GET"]}}],"collection":[{"href":"https:\/\/spxcooling.com\/es\/wp-json\/wp\/v2\/pages"}],"about":[{"href":"https:\/\/spxcooling.com\/es\/wp-json\/wp\/v2\/types\/page"}],"author":[{"embeddable":true,"href":"https:\/\/spxcooling.com\/es\/wp-json\/wp\/v2\/users\/2"}],"replies":[{"embeddable":true,"href":"https:\/\/spxcooling.com\/es\/wp-json\/wp\/v2\/comments?post=16061"}],"version-history":[{"count":37,"href":"https:\/\/spxcooling.com\/es\/wp-json\/wp\/v2\/pages\/16061\/revisions"}],"predecessor-version":[{"id":30125,"href":"https:\/\/spxcooling.com\/es\/wp-json\/wp\/v2\/pages\/16061\/revisions\/30125"}],"wp:featuredmedia":[{"embeddable":true,"href":"https:\/\/spxcooling.com\/es\/wp-json\/wp\/v2\/media\/16056"}],"wp:attachment":[{"href":"https:\/\/spxcooling.com\/es\/wp-json\/wp\/v2\/media?parent=16061"}],"curies":[{"name":"gracias","href":"https:\/\/api.w.org\/{rel}","templated":true}]}}