{"id":9487,"date":"2019-10-22T15:03:35","date_gmt":"2019-10-22T20:03:35","guid":{"rendered":"\/?page_id=9487"},"modified":"2024-04-12T16:23:04","modified_gmt":"2024-04-12T21:23:04","slug":"extend","status":"publish","type":"page","link":"https:\/\/spxcooling.com\/es\/extend\/","title":{"rendered":"Ampliar el programa de servicio"},"content":{"rendered":"<p>[et_pb_section fb_built=&#8221;1&#8243; admin_label=&#8221;Featured Places&#8221; _builder_version=&#8221;4.16&#8243; background_color=&#8221;#ffffff&#8221; custom_padding=&#8221;12px|0px|2px|0px||&#8221; global_colors_info=&#8221;{}&#8221;][et_pb_row _builder_version=&#8221;4.16&#8243; custom_margin=&#8221;-6px|auto|-5px|auto||&#8221; custom_padding=&#8221;||0px||false|false&#8221; global_colors_info=&#8221;{}&#8221;][et_pb_column type=&#8221;4_4&#8243; _builder_version=&#8221;4.16&#8243; custom_padding=&#8221;|||&#8221; global_colors_info=&#8221;{}&#8221; custom_padding__hover=&#8221;|||&#8221;][et_pb_text _builder_version=&#8221;4.24.3&#8243; header_font=&#8221;Roboto||||||||&#8221; header_text_align=&#8221;left&#8221; header_font_size=&#8221;38px&#8221; custom_margin=&#8221;||0px||false|false&#8221; custom_padding=&#8221;||0px||false|false&#8221; hover_enabled=&#8221;0&#8243; header_text_align_tablet=&#8221;&#8221; header_text_align_phone=&#8221;center&#8221; header_text_align_last_edited=&#8221;on|phone&#8221; global_colors_info=&#8221;{}&#8221; sticky_enabled=&#8221;0&#8243;]<\/p>\n<h1>Extend Service Program<\/h1>\n<p>[\/et_pb_text][\/et_pb_column][\/et_pb_row][\/et_pb_section][et_pb_section fb_built=&#8221;1&#8243; admin_label=&#8221;Featured Places&#8221; _builder_version=&#8221;4.16&#8243; background_color=&#8221;#ffffff&#8221; custom_padding=&#8221;12px|0px|100px|0px||&#8221; global_colors_info=&#8221;{}&#8221;][et_pb_row column_structure=&#8221;3_5,2_5&#8243; use_custom_gutter=&#8221;on&#8221; gutter_width=&#8221;2&#8243; _builder_version=&#8221;4.16&#8243; custom_margin=&#8221;-6px|auto|-5px|auto||&#8221; custom_padding=&#8221;2px|||||&#8221; global_colors_info=&#8221;{}&#8221;][et_pb_column type=&#8221;3_5&#8243; _builder_version=&#8221;4.16&#8243; custom_padding=&#8221;|0px||0px|false|false&#8221; global_colors_info=&#8221;{}&#8221; custom_padding__hover=&#8221;|||&#8221;][et_pb_image src=&#8221;\/wp-content\/uploads\/Extend-Service-Program.jpg&#8221; alt=&#8221;Extend Service Program&#8221; _builder_version=&#8221;4.16&#8243; box_shadow_style=&#8221;preset3&#8243; global_colors_info=&#8221;{}&#8221;][\/et_pb_image][\/et_pb_column][et_pb_column type=&#8221;2_5&#8243; _builder_version=&#8221;4.16&#8243; custom_padding=&#8221;|0px||0px|false|false&#8221; global_colors_info=&#8221;{}&#8221; custom_padding__hover=&#8221;|||&#8221;][et_pb_text _builder_version=&#8221;4.24.3&#8243; custom_margin=&#8221;||-24px||false|false&#8221; custom_padding=&#8221;||0px||false|false&#8221; hover_enabled=&#8221;0&#8243; border_color_bottom=&#8221;#d6d6d6&#8243; global_colors_info=&#8221;{}&#8221; header_2_font=&#8221;Roboto||||||||&#8221; sticky_enabled=&#8221;0&#8243;]<\/p>\n<h2>Downloads<\/h2>\n<p>[\/et_pb_text][et_pb_divider color=&#8221;#d6d6d6&#8243; divider_position=&#8221;bottom&#8221; _builder_version=&#8221;4.16&#8243; width=&#8221;65%&#8221; custom_margin=&#8221;0px||10px||false|false&#8221; custom_padding=&#8221;0px||0px||false|false&#8221; hover_enabled=&#8221;0&#8243; global_colors_info=&#8221;{}&#8221; sticky_enabled=&#8221;0&#8243;][\/et_pb_divider][et_pb_text _builder_version=&#8221;4.16&#8243; header_2_font=&#8221;Lato|700|||||||&#8221; header_2_font_size=&#8221;18px&#8221; custom_margin=&#8221;0px||||false|false&#8221; custom_padding=&#8221;0px||||false|false&#8221; border_color_bottom=&#8221;#d6d6d6&#8243; global_colors_info=&#8221;{}&#8221;]\n<!-- NOTE: If you need to make changes to this file, copy it to your current theme's main\n\tdirectory so your changes won't be overwritten when the plugin is upgraded. -->\n\n<!-- Post Wrap Start-->\n<div class=\"post hentry ivycat-post\">\n \n<div class=\"lib_library_thumb\"><a href=\"https:\/\/spxcooling.com\/es\/library\/extend-service-plans\/\" target=\"_blank\">\n    \n    <!-- <i class=\"fas fa-file-download fa-3x\"><\/i> -->\n    <img decoding=\"async\" src=\"\/wp-content\/uploads\/Extend-13A-pdf-232x300.jpg\" class=\"lib_library_thumbpic\" alt=\"Extend Service Plans\"\/>\n   \n    <\/a><\/div>\n  \n\n    <div class=\"lib_library_excerpt\">\n\t<!-- \tThis outputs the post TITLE -->\n\t<span class=\"entry-title-assposts\"><a href=\"https:\/\/spxcooling.com\/es\/library\/extend-service-plans\/\" target=\"_blank\">Extend Service Plans<\/a><\/span>\n\n\t<!-- \tThis outputs the post EXCERPT.  To display full content including images and html,\n\t\treplace the_excerpt(); with the_content();  below. -->\n\t<div class=\"entry-summary\">\n\t\t\t<\/div>\n\n\t<!--\tThis outputs the post META information -->\n\t<div class=\"entry-utility\">\n\t\t\t\t\t<span class=\"cat-links\">\n\t\t\t\t<span class=\"entry-utility-prep entry-utility-prep-cat-links\">Posted in<\/span> <a href=\"https:\/\/spxcooling.com\/es\/category\/library\/brochures\/\" rel=\"category tag\">Brochures<\/a>, <a href=\"https:\/\/spxcooling.com\/es\/category\/library\/\" rel=\"category tag\">Library<\/a>\t\t\t<\/span>\n\t\t\t<span class=\"meta-sep\">|<\/span>\n\t\t\t\t\t\t\t<span class=\"tag-links\">\n\t\t\t\t<span class=\"entry-utility-prep entry-utility-prep-tag-links\">Tagged<\/span> <a href=\"https:\/\/spxcooling.com\/es\/tag\/brochure\/\" rel=\"tag\">Brochure<\/a>, <a href=\"https:\/\/spxcooling.com\/es\/tag\/extend\/\" rel=\"tag\">extend<\/a>\t\t\t<\/span>\n\t\t\t<span class=\"meta-sep\">|<\/span>\n\t\t\n\t\t\t<\/div>\n<\/div>\n      \n    <\/div>\n<div class=\"clear20\"><\/div>\n<!-- \/\/ Post Wrap End -->\n\n<!-- NOTE: If you need to make changes to this file, copy it to your current theme's main\n\tdirectory so your changes won't be overwritten when the plugin is upgraded. -->\n\n<!-- Post Wrap Start-->\n<div class=\"post hentry ivycat-post\">\n \n<div class=\"lib_library_thumb\"><a href=\"https:\/\/spxcooling.com\/es\/library\/cooling-tower-longevity-solutions\/\" target=\"_blank\">\n    \n    <!-- <i class=\"fas fa-file-download fa-3x\"><\/i> -->\n    <img decoding=\"async\" src=\"\/wp-content\/uploads\/AFT-13-pdf-image.jpg\" class=\"lib_library_thumbpic\" alt=\"Cooling Tower Longevity Solutions\"\/>\n   \n    <\/a><\/div>\n  \n\n    <div class=\"lib_library_excerpt\">\n\t<!-- \tThis outputs the post TITLE -->\n\t<span class=\"entry-title-assposts\"><a href=\"https:\/\/spxcooling.com\/es\/library\/cooling-tower-longevity-solutions\/\" target=\"_blank\">Cooling Tower Longevity Solutions<\/a><\/span>\n\n\t<!-- \tThis outputs the post EXCERPT.  To display full content including images and html,\n\t\treplace the_excerpt(); with the_content();  below. -->\n\t<div class=\"entry-summary\">\n\t\t\t<\/div>\n\n\t<!--\tThis outputs the post META information -->\n\t<div class=\"entry-utility\">\n\t\t\t\t\t<span class=\"cat-links\">\n\t\t\t\t<span class=\"entry-utility-prep entry-utility-prep-cat-links\">Posted in<\/span> <a href=\"https:\/\/spxcooling.com\/es\/category\/library\/brochures\/\" rel=\"category tag\">Brochures<\/a>, <a href=\"https:\/\/spxcooling.com\/es\/category\/library\/\" rel=\"category tag\">Library<\/a>\t\t\t<\/span>\n\t\t\t<span class=\"meta-sep\">|<\/span>\n\t\t\t\t\t\t\t<span class=\"tag-links\">\n\t\t\t\t<span class=\"entry-utility-prep entry-utility-prep-tag-links\">Tagged<\/span> <a href=\"https:\/\/spxcooling.com\/es\/tag\/brochure\/\" rel=\"tag\">Brochure<\/a>, <a href=\"https:\/\/spxcooling.com\/es\/tag\/extend\/\" rel=\"tag\">extend<\/a>, <a href=\"https:\/\/spxcooling.com\/es\/tag\/fillfouling\/\" rel=\"tag\">fillfouling<\/a>, <a href=\"https:\/\/spxcooling.com\/es\/tag\/reconstruction\/\" rel=\"tag\">reconstruction<\/a>\t\t\t<\/span>\n\t\t\t<span class=\"meta-sep\">|<\/span>\n\t\t\n\t\t\t<\/div>\n<\/div>\n      \n    <\/div>\n<div class=\"clear20\"><\/div>\n<!-- \/\/ Post Wrap End -->\n[\/et_pb_text][\/et_pb_column][\/et_pb_row][et_pb_row _builder_version=&#8221;4.16&#8243; custom_margin=&#8221;6px||||false|false&#8221; custom_padding=&#8221;0px||||false|false&#8221; global_colors_info=&#8221;{}&#8221;][et_pb_column type=&#8221;4_4&#8243; _builder_version=&#8221;4.16&#8243; global_colors_info=&#8221;{}&#8221;][et_pb_text _builder_version=&#8221;4.24.3&#8243; header_2_font=&#8221;Roboto|700||on|||||&#8221; header_2_font_size=&#8221;20px&#8221; hover_enabled=&#8221;0&#8243; global_colors_info=&#8221;{}&#8221; sticky_enabled=&#8221;0&#8243;]<\/p>\n<h2>Overview<\/h2>\n<p>The performance and longevity of your cooling tower is directly correlated to the care and attention it receives. With the EXTEND\u2122 program, Marley\u00ae can provide the services required to care of your towers, no matter the age, model or manufacturer. With decades of experience, Marley has dedicated construction teams that can perform professional inspections and preventive maintenance on every aspect of your cooling tower.<\/p>\n<p>[\/et_pb_text][et_pb_divider color=&#8221;#d6d6d6&#8243; _builder_version=&#8221;4.16&#8243; custom_margin=&#8221;||6px||false|false&#8221; global_colors_info=&#8221;{}&#8221;][\/et_pb_divider][et_pb_text _builder_version=&#8221;4.24.3&#8243; header_2_font=&#8221;Roboto|700||on|||||&#8221; header_2_font_size=&#8221;20px&#8221; hover_enabled=&#8221;0&#8243; global_colors_info=&#8221;{}&#8221; sticky_enabled=&#8221;0&#8243;]<\/p>\n<h2>Details<\/h2>\n<p><strong>Inspections<\/strong><br \/>EXTEND service starts with a thorough professional inspection. Area of focus include: Structural integrity \u2022 Mechanical components \u2022 Water distribution \u2022 Heat transfer media \u2022 Safety<\/p>\n<p>A professional inspection report will follow every inspection to summarize findings and communicate any immediate recommendations for improved performance or reliability, as well as provide a long-term plan to protect your asset going forward, with the goal of maximizing life and minimizing life cycle costs.<\/p>\n<p><strong>Preventive Maintenance<\/strong><br \/>Proactive care will pay dividends down the road in terms of reduced downtime, lower risk of emergencies and unplanned outages, and extended life of components such as gearboxes, motors, driveshafts, and fans. Marley specializes in all the basic preventive maintenance activities including:<\/p>\n<p><span>Fan blade adjustments \u2022 Gearbox oil changes \u2022 Driveshaft alignment \u2022 Replacing normal wear items<\/span><\/p>\n<p><strong>Marley Expertise<\/strong><br \/>The Marley EXTEND program provides many advantages including:<\/p>\n<ul>\n<li>OEM knowledge and experience &#8211; over a century of innovation<\/li>\n<li>Professional inspection reports<\/li>\n<li>Cooling tower service specialists perform all the work<\/li>\n<li>Award-winning safety<\/li>\n<li>Long term solutions to minimize downtime and repairs<\/li>\n<li>Focus on thermal performance as the ultimate goal<\/li>\n<\/ul>\n<p><strong>Extend Premium Service &#8211; The Asset Management Program<\/strong><br \/>Marley offers services that allow easy tracking of all the maintenance and repair work performed on your towers. By creating a custom database, we can house important information for your towers such as age and condition of specific components, inspection records, repair history, and performance. This service results in transparent asset management, where Marley can help in forecasting future budget needs to maintain performance and extend the life of your towers.<\/p>\n<p><strong>Professional Services<\/strong><br \/>Marley can provide services that supplement our inspection and maintenance capabilities, including:<\/p>\n<ul>\n<li>Gearbox Repair<\/li>\n<li>Thermal Performance Testing<\/li>\n<li>Structural Testing (Wood\/Fiberglass)<\/li>\n<li>Fill fouling analysis<\/li>\n<\/ul>\n<p><strong>With this strong suite of capabilities, Marley can be your provider of turnkey solutions.<\/strong><\/p>\n<p>[\/et_pb_text][\/et_pb_column][\/et_pb_row][\/et_pb_section]<\/p>\n","protected":false},"excerpt":{"rendered":"<p>[et_pb_section fb_built=&#8221;1&#8243; admin_label=&#8221;Featured Places&#8221; _builder_version=&#8221;4.16&#8243; background_color=&#8221;#ffffff&#8221; custom_padding=&#8221;12px|0px|2px|0px||&#8221; global_colors_info=&#8221;{}&#8221;][et_pb_row _builder_version=&#8221;4.16&#8243; custom_margin=&#8221;-6px|auto|-5px|auto||&#8221; custom_padding=&#8221;||0px||false|false&#8221; global_colors_info=&#8221;{}&#8221;][et_pb_column type=&#8221;4_4&#8243; _builder_version=&#8221;4.16&#8243; custom_padding=&#8221;|||&#8221; global_colors_info=&#8221;{}&#8221; custom_padding__hover=&#8221;|||&#8221;][et_pb_text _builder_version=&#8221;4.24.3&#8243; header_font=&#8221;Roboto||||||||&#8221; header_text_align=&#8221;left&#8221; header_font_size=&#8221;38px&#8221; custom_margin=&#8221;||0px||false|false&#8221; custom_padding=&#8221;||0px||false|false&#8221; hover_enabled=&#8221;0&#8243; header_text_align_tablet=&#8221;&#8221; header_text_align_phone=&#8221;center&#8221; header_text_align_last_edited=&#8221;on|phone&#8221; global_colors_info=&#8221;{}&#8221; sticky_enabled=&#8221;0&#8243;] Extend Service Program [\/et_pb_text][\/et_pb_column][\/et_pb_row][\/et_pb_section][et_pb_section fb_built=&#8221;1&#8243; admin_label=&#8221;Featured Places&#8221; _builder_version=&#8221;4.16&#8243; background_color=&#8221;#ffffff&#8221; custom_padding=&#8221;12px|0px|100px|0px||&#8221; global_colors_info=&#8221;{}&#8221;][et_pb_row column_structure=&#8221;3_5,2_5&#8243; use_custom_gutter=&#8221;on&#8221; gutter_width=&#8221;2&#8243; _builder_version=&#8221;4.16&#8243; custom_margin=&#8221;-6px|auto|-5px|auto||&#8221; custom_padding=&#8221;2px|||||&#8221; global_colors_info=&#8221;{}&#8221;][et_pb_column type=&#8221;3_5&#8243; _builder_version=&#8221;4.16&#8243; custom_padding=&#8221;|0px||0px|false|false&#8221; global_colors_info=&#8221;{}&#8221; custom_padding__hover=&#8221;|||&#8221;][et_pb_image src=&#8221;\/wp-content\/uploads\/Extend-Service-Program.jpg&#8221; alt=&#8221;Extend Service [&hellip;]<\/p>\n","protected":false},"author":2,"featured_media":11077,"parent":0,"menu_order":0,"comment_status":"closed","ping_status":"closed","template":"","meta":{"_acf_changed":false,"_et_pb_use_builder":"on","_et_pb_old_content":"","_et_gb_content_width":"","content-type":"","_relevanssi_hide_post":"","_relevanssi_pin_for_all":"","_relevanssi_pin_keywords":"","_relevanssi_unpin_keywords":"","_relevanssi_related_keywords":"","_relevanssi_related_include_ids":"","_relevanssi_related_exclude_ids":"","_relevanssi_related_no_append":"","_relevanssi_related_not_related":"","_relevanssi_related_posts":"","_relevanssi_noindex_reason":"","footnotes":""},"class_list":["post-9487","page","type-page","status-publish","has-post-thumbnail","hentry"],"acf":[],"yoast_head":"<!-- This site is optimized with the Yoast SEO Premium plugin v21.2 (Yoast SEO v27.2) - https:\/\/yoast.com\/product\/yoast-seo-premium-wordpress\/ -->\n<title>Extend Service Program - SPX Cooling Towers<\/title>\n<meta name=\"description\" content=\"EXTEND cooling tower service starts with a thorough professional inspection. Area of focus include: Structural integrity \u00a5 Mechanical components \u00a5 Water distribution \u00a5 Heat transfer media \u00a5 Safety\" \/>\n<meta name=\"robots\" content=\"index, follow, max-snippet:-1, max-image-preview:large, max-video-preview:-1\" \/>\n<link rel=\"canonical\" href=\"https:\/\/spxcooling.com\/es\/extend\/\" \/>\n<meta property=\"og:locale\" content=\"es_MX\" \/>\n<meta property=\"og:type\" content=\"article\" \/>\n<meta property=\"og:title\" content=\"Extend Service Program\" \/>\n<meta property=\"og:description\" content=\"EXTEND cooling tower service starts with a thorough professional inspection. Area of focus include: Structural integrity \u00a5 Mechanical components \u00a5 Water distribution \u00a5 Heat transfer media \u00a5 Safety\" \/>\n<meta property=\"og:url\" content=\"https:\/\/spxcooling.com\/es\/extend\/\" \/>\n<meta property=\"og:site_name\" content=\"SPX Cooling Technologies\" \/>\n<meta property=\"article:publisher\" content=\"https:\/\/www.facebook.com\/SPX-Cooling-Technologies-182738268785153\" \/>\n<meta property=\"article:modified_time\" content=\"2024-04-12T21:23:04+00:00\" \/>\n<meta property=\"og:image\" content=\"https:\/\/spxcooling.com\/wp-content\/uploads\/extendservice.jpg\" \/>\n\t<meta property=\"og:image:width\" content=\"360\" \/>\n\t<meta property=\"og:image:height\" content=\"252\" \/>\n\t<meta property=\"og:image:type\" content=\"image\/jpeg\" \/>\n<meta name=\"twitter:card\" content=\"summary_large_image\" \/>\n<meta name=\"twitter:label1\" content=\"Tiempo de lectura\" \/>\n\t<meta name=\"twitter:data1\" content=\"4 minutos\" \/>\n<script type=\"application\/ld+json\" class=\"yoast-schema-graph\">{\"@context\":\"https:\/\/schema.org\",\"@graph\":[{\"@type\":\"WebPage\",\"@id\":\"https:\/\/spxcooling.com\/zh\/extend\/\",\"url\":\"https:\/\/spxcooling.com\/zh\/extend\/\",\"name\":\"Extend Service Program - SPX Cooling Towers\",\"isPartOf\":{\"@id\":\"https:\/\/spxcooling.com\/it\/#website\"},\"primaryImageOfPage\":{\"@id\":\"https:\/\/spxcooling.com\/zh\/extend\/#primaryimage\"},\"image\":{\"@id\":\"https:\/\/spxcooling.com\/zh\/extend\/#primaryimage\"},\"thumbnailUrl\":\"https:\/\/spxcooling.com\/wp-content\/uploads\/extendservice.jpg\",\"datePublished\":\"2019-10-22T20:03:35+00:00\",\"dateModified\":\"2024-04-12T21:23:04+00:00\",\"description\":\"EXTEND cooling tower service starts with a thorough professional inspection. Area of focus include: Structural integrity \u00a5 Mechanical components \u00a5 Water distribution \u00a5 Heat transfer media \u00a5 Safety\",\"breadcrumb\":{\"@id\":\"https:\/\/spxcooling.com\/zh\/extend\/#breadcrumb\"},\"inLanguage\":\"es\",\"potentialAction\":[{\"@type\":\"ReadAction\",\"target\":[\"https:\/\/spxcooling.com\/zh\/extend\/\"]}]},{\"@type\":\"ImageObject\",\"inLanguage\":\"es\",\"@id\":\"https:\/\/spxcooling.com\/zh\/extend\/#primaryimage\",\"url\":\"https:\/\/spxcooling.com\/wp-content\/uploads\/extendservice.jpg\",\"contentUrl\":\"https:\/\/spxcooling.com\/wp-content\/uploads\/extendservice.jpg\",\"width\":360,\"height\":252,\"caption\":\"Extend Service\"},{\"@type\":\"BreadcrumbList\",\"@id\":\"https:\/\/spxcooling.com\/zh\/extend\/#breadcrumb\",\"itemListElement\":[{\"@type\":\"ListItem\",\"position\":1,\"name\":\"Home\",\"item\":\"https:\/\/spxcooling.com\/it\/\"},{\"@type\":\"ListItem\",\"position\":2,\"name\":\"Extend Service Program\"}]},{\"@type\":\"WebSite\",\"@id\":\"https:\/\/spxcooling.com\/it\/#website\",\"url\":\"https:\/\/spxcooling.com\/it\/\",\"name\":\"SPX Cooling Technologies\",\"description\":\"COOLING TOWER PERFORMANCE, COOLING TOWER PARTS, AND COOLING TOWER SALES\",\"publisher\":{\"@id\":\"https:\/\/spxcooling.com\/it\/#organization\"},\"potentialAction\":[{\"@type\":\"SearchAction\",\"target\":{\"@type\":\"EntryPoint\",\"urlTemplate\":\"https:\/\/spxcooling.com\/it\/?s={search_term_string}\"},\"query-input\":{\"@type\":\"PropertyValueSpecification\",\"valueRequired\":true,\"valueName\":\"search_term_string\"}}],\"inLanguage\":\"es\"},{\"@type\":\"Organization\",\"@id\":\"https:\/\/spxcooling.com\/it\/#organization\",\"name\":\"SPX Cooling Technologies, Inc.\",\"url\":\"https:\/\/spxcooling.com\/it\/\",\"logo\":{\"@type\":\"ImageObject\",\"inLanguage\":\"es\",\"@id\":\"https:\/\/spxcooling.com\/it\/#\/schema\/logo\/image\/\",\"url\":\"\/wp-content\/uploads\/spxcoolingtowerslogos2023.png\",\"contentUrl\":\"\/wp-content\/uploads\/spxcoolingtowerslogos2023.png\",\"width\":1477,\"height\":268,\"caption\":\"SPX Cooling Technologies, Inc.\"},\"image\":{\"@id\":\"https:\/\/spxcooling.com\/it\/#\/schema\/logo\/image\/\"},\"sameAs\":[\"https:\/\/www.facebook.com\/SPX-Cooling-Technologies-182738268785153\",\"https:\/\/www.linkedin.com\/company\/spx-cooling-technologies\/mycompany\/?viewAsMember=true\"]}]}<\/script>\n<!-- \/ Yoast SEO Premium plugin. -->","yoast_head_json":{"title":"Programa de extensi\u00f3n de servicio - Torres de refrigeraci\u00f3n SPX","description":"El servicio de torres de refrigeraci\u00f3n EXTEND comienza con una inspecci\u00f3n profesional exhaustiva. Las \u00e1reas de enfoque incluyen: Integridad estructural \u00a5 Componentes mec\u00e1nicos \u00a5 Distribuci\u00f3n de agua \u00a5 Medios de transferencia de calor \u00a5 Seguridad","robots":{"index":"index","follow":"follow","max-snippet":"max-snippet:-1","max-image-preview":"max-image-preview:large","max-video-preview":"max-video-preview:-1"},"canonical":"https:\/\/spxcooling.com\/es\/extend\/","og_locale":"es_MX","og_type":"article","og_title":"Extend Service Program","og_description":"EXTEND cooling tower service starts with a thorough professional inspection. Area of focus include: Structural integrity \u00a5 Mechanical components \u00a5 Water distribution \u00a5 Heat transfer media \u00a5 Safety","og_url":"https:\/\/spxcooling.com\/es\/extend\/","og_site_name":"SPX Cooling Technologies","article_publisher":"https:\/\/www.facebook.com\/SPX-Cooling-Technologies-182738268785153","article_modified_time":"2024-04-12T21:23:04+00:00","og_image":[{"width":360,"height":252,"url":"https:\/\/spxcooling.com\/wp-content\/uploads\/extendservice.jpg","type":"image\/jpeg"}],"twitter_card":"summary_large_image","twitter_misc":{"Tiempo de lectura":"4 minutos"},"schema":{"@context":"https:\/\/schema.org","@graph":[{"@type":"WebPage","@id":"https:\/\/spxcooling.com\/zh\/extend\/","url":"https:\/\/spxcooling.com\/zh\/extend\/","name":"Programa de extensi\u00f3n de servicio - Torres de refrigeraci\u00f3n SPX","isPartOf":{"@id":"https:\/\/spxcooling.com\/it\/#website"},"primaryImageOfPage":{"@id":"https:\/\/spxcooling.com\/zh\/extend\/#primaryimage"},"image":{"@id":"https:\/\/spxcooling.com\/zh\/extend\/#primaryimage"},"thumbnailUrl":"https:\/\/spxcooling.com\/wp-content\/uploads\/extendservice.jpg","datePublished":"2019-10-22T20:03:35+00:00","dateModified":"2024-04-12T21:23:04+00:00","description":"El servicio de torres de refrigeraci\u00f3n EXTEND comienza con una inspecci\u00f3n profesional exhaustiva. Las \u00e1reas de enfoque incluyen: Integridad estructural \u00a5 Componentes mec\u00e1nicos \u00a5 Distribuci\u00f3n de agua \u00a5 Medios de transferencia de calor \u00a5 Seguridad","breadcrumb":{"@id":"https:\/\/spxcooling.com\/zh\/extend\/#breadcrumb"},"inLanguage":"es","potentialAction":[{"@type":"ReadAction","target":["https:\/\/spxcooling.com\/zh\/extend\/"]}]},{"@type":"ImageObject","inLanguage":"es","@id":"https:\/\/spxcooling.com\/zh\/extend\/#primaryimage","url":"https:\/\/spxcooling.com\/wp-content\/uploads\/extendservice.jpg","contentUrl":"https:\/\/spxcooling.com\/wp-content\/uploads\/extendservice.jpg","width":360,"height":252,"caption":"Extend Service"},{"@type":"BreadcrumbList","@id":"https:\/\/spxcooling.com\/zh\/extend\/#breadcrumb","itemListElement":[{"@type":"ListItem","position":1,"name":"Home","item":"https:\/\/spxcooling.com\/it\/"},{"@type":"ListItem","position":2,"name":"Extend Service Program"}]},{"@type":"WebSite","@id":"https:\/\/spxcooling.com\/it\/#website","url":"https:\/\/spxcooling.com\/it\/","name":"Tecnolog\u00edas de refrigeraci\u00f3n SPX","description":"RENDIMIENTO DE TORRES DE ENFRIAMIENTO, PIEZAS DE TORRES DE ENFRIAMIENTO Y VENTAS DE TORRES DE ENFRIAMIENTO","publisher":{"@id":"https:\/\/spxcooling.com\/it\/#organization"},"potentialAction":[{"@type":"SearchAction","target":{"@type":"EntryPoint","urlTemplate":"https:\/\/spxcooling.com\/it\/?s={search_term_string}"},"query-input":{"@type":"PropertyValueSpecification","valueRequired":true,"valueName":"search_term_string"}}],"inLanguage":"es"},{"@type":"Organization","@id":"https:\/\/spxcooling.com\/it\/#organization","name":"Tecnolog\u00edas de refrigeraci\u00f3n SPX, Inc.","url":"https:\/\/spxcooling.com\/it\/","logo":{"@type":"ImageObject","inLanguage":"es","@id":"https:\/\/spxcooling.com\/it\/#\/schema\/logo\/image\/","url":"\/wp-content\/uploads\/spxcoolingtowerslogos2023.png","contentUrl":"\/wp-content\/uploads\/spxcoolingtowerslogos2023.png","width":1477,"height":268,"caption":"SPX Cooling Technologies, Inc."},"image":{"@id":"https:\/\/spxcooling.com\/it\/#\/schema\/logo\/image\/"},"sameAs":["https:\/\/www.facebook.com\/SPX-Cooling-Technologies-182738268785153","https:\/\/www.linkedin.com\/company\/spx-cooling-technologies\/mycompany\/?viewAsMember=true"]}]}},"_links":{"self":[{"href":"https:\/\/spxcooling.com\/es\/wp-json\/wp\/v2\/pages\/9487","targetHints":{"allow":["GET"]}}],"collection":[{"href":"https:\/\/spxcooling.com\/es\/wp-json\/wp\/v2\/pages"}],"about":[{"href":"https:\/\/spxcooling.com\/es\/wp-json\/wp\/v2\/types\/page"}],"author":[{"embeddable":true,"href":"https:\/\/spxcooling.com\/es\/wp-json\/wp\/v2\/users\/2"}],"replies":[{"embeddable":true,"href":"https:\/\/spxcooling.com\/es\/wp-json\/wp\/v2\/comments?post=9487"}],"version-history":[{"count":12,"href":"https:\/\/spxcooling.com\/es\/wp-json\/wp\/v2\/pages\/9487\/revisions"}],"predecessor-version":[{"id":26604,"href":"https:\/\/spxcooling.com\/es\/wp-json\/wp\/v2\/pages\/9487\/revisions\/26604"}],"wp:featuredmedia":[{"embeddable":true,"href":"https:\/\/spxcooling.com\/es\/wp-json\/wp\/v2\/media\/11077"}],"wp:attachment":[{"href":"https:\/\/spxcooling.com\/es\/wp-json\/wp\/v2\/media?parent=9487"}],"curies":[{"name":"gracias","href":"https:\/\/api.w.org\/{rel}","templated":true}]}}