{"id":9559,"date":"2019-10-23T11:42:48","date_gmt":"2019-10-23T16:42:48","guid":{"rendered":"\/?page_id=9559"},"modified":"2023-04-18T10:53:15","modified_gmt":"2023-04-18T15:53:15","slug":"materials-testing","status":"publish","type":"page","link":"https:\/\/spxcooling.com\/es\/materials-testing\/","title":{"rendered":"Pruebas de materiales"},"content":{"rendered":"<p>[et_pb_section fb_built=&#8221;1&#8243; admin_label=&#8221;Featured Places&#8221; _builder_version=&#8221;4.16&#8243; background_color=&#8221;#ffffff&#8221; custom_padding=&#8221;12px|0px|2px|0px||&#8221; global_colors_info=&#8221;{}&#8221;][et_pb_row _builder_version=&#8221;4.16&#8243; custom_margin=&#8221;-6px|auto|-5px|auto||&#8221; custom_padding=&#8221;||0px||false|false&#8221; global_colors_info=&#8221;{}&#8221;][et_pb_column type=&#8221;4_4&#8243; _builder_version=&#8221;4.16&#8243; custom_padding=&#8221;|||&#8221; global_colors_info=&#8221;{}&#8221; custom_padding__hover=&#8221;|||&#8221;][\/et_pb_column][\/et_pb_row][\/et_pb_section][et_pb_section fb_built=&#8221;1&#8243; admin_label=&#8221;Featured Places&#8221; _builder_version=&#8221;4.16&#8243; background_color=&#8221;#ffffff&#8221; custom_padding=&#8221;12px|0px|100px|0px||&#8221; global_colors_info=&#8221;{}&#8221;][et_pb_row column_structure=&#8221;3_5,2_5&#8243; _builder_version=&#8221;4.16&#8243; custom_margin=&#8221;-6px|auto|0px|auto|false|false&#8221; custom_padding=&#8221;2px||0px||false|false&#8221; global_colors_info=&#8221;{}&#8221;][et_pb_column type=&#8221;3_5&#8243; _builder_version=&#8221;4.16&#8243; custom_padding=&#8221;|||&#8221; global_colors_info=&#8221;{}&#8221; custom_padding__hover=&#8221;|||&#8221;][et_pb_text _builder_version=&#8221;4.16&#8243; header_font=&#8221;|600||on|||||&#8221; header_text_align=&#8221;left&#8221; custom_margin=&#8221;||0px||false|false&#8221; header_text_align_tablet=&#8221;&#8221; header_text_align_phone=&#8221;center&#8221; header_text_align_last_edited=&#8221;on|phone&#8221; global_colors_info=&#8221;{}&#8221;]<\/p>\n<h1>Materials Testing<\/h1>\n<p>[\/et_pb_text][et_pb_image src=&#8221;\/wp-content\/uploads\/Material-Testing.jpg&#8221; alt=&#8221;Material Testing&#8221; _builder_version=&#8221;4.16&#8243; box_shadow_style=&#8221;preset3&#8243; global_colors_info=&#8221;{}&#8221;][\/et_pb_image][\/et_pb_column][et_pb_column type=&#8221;2_5&#8243; _builder_version=&#8221;4.16&#8243; custom_padding=&#8221;|||&#8221; global_colors_info=&#8221;{}&#8221; custom_padding__hover=&#8221;|||&#8221;][et_pb_text _builder_version=&#8221;4.16&#8243; header_2_font=&#8221;|600|||||||&#8221; header_2_font_size=&#8221;18px&#8221; custom_margin=&#8221;30px||-24px||false|false&#8221; custom_padding=&#8221;||0px||false|false&#8221; border_color_bottom=&#8221;#d6d6d6&#8243; global_colors_info=&#8221;{}&#8221;]<\/p>\n<h2>Downloads<\/h2>\n<p>[\/et_pb_text][et_pb_divider color=&#8221;#d6d6d6&#8243; divider_position=&#8221;bottom&#8221; _builder_version=&#8221;4.16&#8243; width=&#8221;85%&#8221; custom_margin=&#8221;0px||10px||false|false&#8221; custom_padding=&#8221;0px||0px||false|false&#8221; global_colors_info=&#8221;{}&#8221;][\/et_pb_divider][et_pb_text _builder_version=&#8221;4.16&#8243; header_2_font=&#8221;Lato|700|||||||&#8221; header_2_font_size=&#8221;18px&#8221; custom_margin=&#8221;0px||0px||false|false&#8221; custom_padding=&#8221;0px||0px||false|false&#8221; border_color_bottom=&#8221;#d6d6d6&#8243; global_colors_info=&#8221;{}&#8221;]\n<!-- NOTE: If you need to make changes to this file, copy it to your current theme's main\n\tdirectory so your changes won't be overwritten when the plugin is upgraded. -->\n\n<!-- Post Wrap Start-->\n<div class=\"post hentry ivycat-post\">\n \n<div class=\"lib_library_thumb\"><a href=\"https:\/\/spxcooling.com\/es\/library\/material-testing-service-overview\/\" target=\"_blank\">\n    \n    <!-- <i class=\"fas fa-file-download fa-3x\"><\/i> -->\n    <img decoding=\"async\" src=\"\/wp-content\/uploads\/CTS-04-pdf-image.jpg\" class=\"lib_library_thumbpic\" alt=\"Material Testing Service Overview\"\/>\n   \n    <\/a><\/div>\n  \n\n    <div class=\"lib_library_excerpt\">\n\t<!-- \tThis outputs the post TITLE -->\n\t<span class=\"entry-title-assposts\"><a href=\"https:\/\/spxcooling.com\/es\/library\/material-testing-service-overview\/\" target=\"_blank\">Material Testing Service Overview<\/a><\/span>\n\n\t<!-- \tThis outputs the post EXCERPT.  To display full content including images and html,\n\t\treplace the_excerpt(); with the_content();  below. -->\n\t<div class=\"entry-summary\">\n\t\t\t<\/div>\n\n\t<!--\tThis outputs the post META information -->\n\t<div class=\"entry-utility\">\n\t\t\t\t\t<span class=\"cat-links\">\n\t\t\t\t<span class=\"entry-utility-prep entry-utility-prep-cat-links\">Posted in<\/span> <a href=\"https:\/\/spxcooling.com\/es\/category\/library\/brochures\/\" rel=\"category tag\">Brochures<\/a>, <a href=\"https:\/\/spxcooling.com\/es\/category\/library\/\" rel=\"category tag\">Library<\/a>\t\t\t<\/span>\n\t\t\t<span class=\"meta-sep\">|<\/span>\n\t\t\t\t\t\t\t<span class=\"tag-links\">\n\t\t\t\t<span class=\"entry-utility-prep entry-utility-prep-tag-links\">Tagged<\/span> <a href=\"https:\/\/spxcooling.com\/es\/tag\/brochure\/\" rel=\"tag\">Brochure<\/a>, <a href=\"https:\/\/spxcooling.com\/es\/tag\/materialtesting\/\" rel=\"tag\">materialtesting<\/a>\t\t\t<\/span>\n\t\t\t<span class=\"meta-sep\">|<\/span>\n\t\t\n\t\t\t<\/div>\n<\/div>\n      \n    <\/div>\n<div class=\"clear20\"><\/div>\n<!-- \/\/ Post Wrap End -->\n\n<!-- NOTE: If you need to make changes to this file, copy it to your current theme's main\n\tdirectory so your changes won't be overwritten when the plugin is upgraded. -->\n\n<!-- Post Wrap Start-->\n<div class=\"post hentry ivycat-post\">\n \n<div class=\"lib_library_thumb\"><a href=\"https:\/\/spxcooling.com\/es\/library\/spx-cooling-research-and-development-center\/\" target=\"_blank\">\n    \n    <!-- <i class=\"fas fa-file-download fa-3x\"><\/i> -->\n    <img decoding=\"async\" src=\"\/wp-content\/uploads\/RD-12-pdf-232x300.jpg\" class=\"lib_library_thumbpic\" alt=\"SPX Cooling Research and Development Center\"\/>\n   \n    <\/a><\/div>\n  \n\n    <div class=\"lib_library_excerpt\">\n\t<!-- \tThis outputs the post TITLE -->\n\t<span class=\"entry-title-assposts\"><a href=\"https:\/\/spxcooling.com\/es\/library\/spx-cooling-research-and-development-center\/\" target=\"_blank\">SPX Cooling Research and Development Center<\/a><\/span>\n\n\t<!-- \tThis outputs the post EXCERPT.  To display full content including images and html,\n\t\treplace the_excerpt(); with the_content();  below. -->\n\t<div class=\"entry-summary\">\n\t\t\t<\/div>\n\n\t<!--\tThis outputs the post META information -->\n\t<div class=\"entry-utility\">\n\t\t\t\t\t<span class=\"cat-links\">\n\t\t\t\t<span class=\"entry-utility-prep entry-utility-prep-cat-links\">Posted in<\/span> <a href=\"https:\/\/spxcooling.com\/es\/category\/library\/corporate-publications\/\" rel=\"category tag\">Corporate Publications<\/a>, <a href=\"https:\/\/spxcooling.com\/es\/category\/library\/\" rel=\"category tag\">Library<\/a>\t\t\t<\/span>\n\t\t\t<span class=\"meta-sep\">|<\/span>\n\t\t\t\t\t\t\t<span class=\"tag-links\">\n\t\t\t\t<span class=\"entry-utility-prep entry-utility-prep-tag-links\">Tagged<\/span> <a href=\"https:\/\/spxcooling.com\/es\/tag\/corporate-publications\/\" rel=\"tag\">Corporate Publications<\/a>, <a href=\"https:\/\/spxcooling.com\/es\/tag\/materialtesting\/\" rel=\"tag\">materialtesting<\/a>\t\t\t<\/span>\n\t\t\t<span class=\"meta-sep\">|<\/span>\n\t\t\n\t\t\t<\/div>\n<\/div>\n      \n    <\/div>\n<div class=\"clear20\"><\/div>\n<!-- \/\/ Post Wrap End -->\n[\/et_pb_text][\/et_pb_column][\/et_pb_row][et_pb_row _builder_version=&#8221;4.16&#8243; global_colors_info=&#8221;{}&#8221;][et_pb_column type=&#8221;4_4&#8243; _builder_version=&#8221;4.16&#8243; global_colors_info=&#8221;{}&#8221;][et_pb_text _builder_version=&#8221;4.20.4&#8243; header_2_font=&#8221;Lato|700||on|||||&#8221; header_2_font_size=&#8221;20px&#8221; custom_margin=&#8221;0px||||false|false&#8221; custom_padding=&#8221;0px||||false|false&#8221; hover_enabled=&#8221;0&#8243; global_colors_info=&#8221;{}&#8221; sticky_enabled=&#8221;0&#8243;]<\/p>\n<h2>Overview<\/h2>\n<p><b>Strength of individual structural members in a cooling tower decrease over time.<\/b> Years of service and continuous exposure to water are among the primary contributors. Other factors accelerating the decline in strength include excessive vibration, high wind load, biological attack and water chemistry. Maintaining the structural integrity of a cooling tower well above design values for strength is paramount in preventing catastrophic collapse. SPX Cooling Tech has the equipment and expertise to determine how the strength of structural members in a tower compare to their required design properties for a structurally safe cooling tower.<\/p>\n<p>Before making decisions on costly repairs, it makes sense to obtain quantitative data to understand the condition and structural integrity. The capabilities at the SPX Cooling Technologies research center provide testing and analysis by professional engineers to help you make more informed decisions when it comes to budgeting cooling tower repair and maintenance work. Let our expertise help you extend the life of your cooling towers.[\/et_pb_text][et_pb_divider color=&#8221;#d6d6d6&#8243; _builder_version=&#8221;4.16&#8243; custom_margin=&#8221;||6px||false|false&#8221; global_colors_info=&#8221;{}&#8221;][\/et_pb_divider][et_pb_text _builder_version=&#8221;4.16&#8243; header_2_font=&#8221;Lato|700||on|||||&#8221; header_2_font_size=&#8221;20px&#8221; global_colors_info=&#8221;{}&#8221;]<\/p>\n<h2>SPX MATERIAL TESTING SERVICES<\/h2>\n<p><i class=\"fas fa-tachometer-alt\"> <\/i> Destructive Testing<\/p>\n<p><i class=\"fas fa-tachometer-alt\"> <\/i> Testing performed to identify the characteristics of materials, verify material properties, and understand how materials fail. Test capabilities include tensile, compression, bending, impact, heat deflection and corrosion.<\/p>\n<p><i class=\"fas fa-tachometer-alt\"> <\/i> Translation of test measurements (by professional engineers) to compare current condition to tower design specifications.[\/et_pb_text][et_pb_divider color=&#8221;#d6d6d6&#8243; _builder_version=&#8221;4.16&#8243; custom_margin=&#8221;||6px||false|false&#8221; global_colors_info=&#8221;{}&#8221;][\/et_pb_divider][et_pb_text _builder_version=&#8221;4.20.4&#8243; header_2_font=&#8221;Lato|700||on|||||&#8221; header_2_font_size=&#8221;20px&#8221; hover_enabled=&#8221;0&#8243; global_colors_info=&#8221;{}&#8221; sticky_enabled=&#8221;0&#8243;]<\/p>\n<h2>SPX ADVANTAGE<\/h2>\n<p>As a cooling tower designer, SPX Cooling Tech is able to provide a deeper analysis by comparing test results to the engineering design standards. Many test labs can perform similar structural testing, but SPX can translate results into meaningful conclusions on the state of your cooling tower. Extending the life of your cooling tower is our underlying goal.<\/p>\n<p>[\/et_pb_text][et_pb_divider color=&#8221;#d6d6d6&#8243; _builder_version=&#8221;4.16&#8243; custom_margin=&#8221;||6px||false|false&#8221; global_colors_info=&#8221;{}&#8221;][\/et_pb_divider][et_pb_text _builder_version=&#8221;4.20.4&#8243; header_2_font=&#8221;Lato|700||on|||||&#8221; header_2_font_size=&#8221;20px&#8221; hover_enabled=&#8221;0&#8243; global_colors_info=&#8221;{}&#8221; sticky_enabled=&#8221;0&#8243;]<\/p>\n<h2>A TOTAL SOLUTION<\/h2>\n<p>You\u2019ll find a full suite of technical services available to help ensure your operation is efficient, optimized and compliant. Where applicable, our technicians and methodology abide by CTI and ASME guidelines; and regardless of process or procedure, our staff is dedicated to delivering the highest standards of quality and accuracy.<\/p>\n<p>Ultimately, what SPX Cooling Tech offers is the peace of mind that over a century of cooling tower experience can bring. Because we design, engineer, manufacture, and service world class cooling tower brands, it only stands to reason we understand them better, inside and out.<\/p>\n<p>When you need consultative technical services for your cooling towers\u2014whether it\u2019s to diagnose or upgrade individual units or entire systems\u2014you need to remember only one name: SPX.<\/p>\n<p>[\/et_pb_text][et_pb_video src=&#8221;https:\/\/www.youtube.com\/watch?v=chvbAOruW2A&#8221; _builder_version=&#8221;4.16&#8243; global_colors_info=&#8221;{}&#8221;][\/et_pb_video][\/et_pb_column][\/et_pb_row][\/et_pb_section]<\/p>\n","protected":false},"excerpt":{"rendered":"<p>[et_pb_section fb_built=&#8221;1&#8243; admin_label=&#8221;Featured Places&#8221; _builder_version=&#8221;4.16&#8243; background_color=&#8221;#ffffff&#8221; custom_padding=&#8221;12px|0px|2px|0px||&#8221; global_colors_info=&#8221;{}&#8221;][et_pb_row _builder_version=&#8221;4.16&#8243; custom_margin=&#8221;-6px|auto|-5px|auto||&#8221; custom_padding=&#8221;||0px||false|false&#8221; global_colors_info=&#8221;{}&#8221;][et_pb_column type=&#8221;4_4&#8243; _builder_version=&#8221;4.16&#8243; custom_padding=&#8221;|||&#8221; global_colors_info=&#8221;{}&#8221; custom_padding__hover=&#8221;|||&#8221;][\/et_pb_column][\/et_pb_row][\/et_pb_section][et_pb_section fb_built=&#8221;1&#8243; admin_label=&#8221;Featured Places&#8221; _builder_version=&#8221;4.16&#8243; background_color=&#8221;#ffffff&#8221; custom_padding=&#8221;12px|0px|100px|0px||&#8221; global_colors_info=&#8221;{}&#8221;][et_pb_row column_structure=&#8221;3_5,2_5&#8243; _builder_version=&#8221;4.16&#8243; custom_margin=&#8221;-6px|auto|0px|auto|false|false&#8221; custom_padding=&#8221;2px||0px||false|false&#8221; global_colors_info=&#8221;{}&#8221;][et_pb_column type=&#8221;3_5&#8243; _builder_version=&#8221;4.16&#8243; custom_padding=&#8221;|||&#8221; global_colors_info=&#8221;{}&#8221; custom_padding__hover=&#8221;|||&#8221;][et_pb_text _builder_version=&#8221;4.16&#8243; header_font=&#8221;|600||on|||||&#8221; header_text_align=&#8221;left&#8221; custom_margin=&#8221;||0px||false|false&#8221; header_text_align_tablet=&#8221;&#8221; header_text_align_phone=&#8221;center&#8221; header_text_align_last_edited=&#8221;on|phone&#8221; global_colors_info=&#8221;{}&#8221;] Materials Testing [\/et_pb_text][et_pb_image src=&#8221;\/wp-content\/uploads\/Material-Testing.jpg&#8221; alt=&#8221;Material Testing&#8221; _builder_version=&#8221;4.16&#8243; box_shadow_style=&#8221;preset3&#8243; global_colors_info=&#8221;{}&#8221;][\/et_pb_image][\/et_pb_column][et_pb_column type=&#8221;2_5&#8243; _builder_version=&#8221;4.16&#8243; custom_padding=&#8221;|||&#8221; global_colors_info=&#8221;{}&#8221; [&hellip;]<\/p>\n","protected":false},"author":2,"featured_media":11103,"parent":0,"menu_order":0,"comment_status":"closed","ping_status":"closed","template":"","meta":{"_acf_changed":false,"_et_pb_use_builder":"on","_et_pb_old_content":"","_et_gb_content_width":"","content-type":"","_relevanssi_hide_post":"","_relevanssi_pin_for_all":"","_relevanssi_pin_keywords":"","_relevanssi_unpin_keywords":"","_relevanssi_related_keywords":"","_relevanssi_related_include_ids":"","_relevanssi_related_exclude_ids":"","_relevanssi_related_no_append":"","_relevanssi_related_not_related":"","_relevanssi_related_posts":"","_relevanssi_noindex_reason":"","footnotes":""},"class_list":["post-9559","page","type-page","status-publish","has-post-thumbnail","hentry"],"acf":[],"yoast_head":"<!-- This site is optimized with the Yoast SEO Premium plugin v21.2 (Yoast SEO v27.2) - https:\/\/yoast.com\/product\/yoast-seo-premium-wordpress\/ -->\n<title>Materials Testing - SPX Cooling Towers<\/title>\n<meta name=\"description\" content=\"Strength of individual structural members in a cooling tower decrease over time. Years of service and continuous exposure to water are among the primary contributors. Other factors accelerating the decline in strength include excessive vibration, high wind load, biological attack and water chemistry.\" \/>\n<meta name=\"robots\" content=\"index, follow, max-snippet:-1, max-image-preview:large, max-video-preview:-1\" \/>\n<link rel=\"canonical\" href=\"https:\/\/spxcooling.com\/es\/materials-testing\/\" \/>\n<meta property=\"og:locale\" content=\"es_MX\" \/>\n<meta property=\"og:type\" content=\"article\" \/>\n<meta property=\"og:title\" content=\"Materials Testing\" \/>\n<meta property=\"og:description\" content=\"Strength of individual structural members in a cooling tower decrease over time. Years of service and continuous exposure to water are among the primary contributors. Other factors accelerating the decline in strength include excessive vibration, high wind load, biological attack and water chemistry.\" \/>\n<meta property=\"og:url\" content=\"https:\/\/spxcooling.com\/es\/materials-testing\/\" \/>\n<meta property=\"og:site_name\" content=\"SPX Cooling Technologies\" \/>\n<meta property=\"article:publisher\" content=\"https:\/\/www.facebook.com\/SPX-Cooling-Technologies-182738268785153\" \/>\n<meta property=\"article:modified_time\" content=\"2023-04-18T15:53:15+00:00\" \/>\n<meta property=\"og:image\" content=\"https:\/\/spxcooling.com\/wp-content\/uploads\/materialstesting.jpg\" \/>\n\t<meta property=\"og:image:width\" content=\"360\" \/>\n\t<meta property=\"og:image:height\" content=\"252\" \/>\n\t<meta property=\"og:image:type\" content=\"image\/jpeg\" \/>\n<meta name=\"twitter:card\" content=\"summary_large_image\" \/>\n<meta name=\"twitter:label1\" content=\"Tiempo de lectura\" \/>\n\t<meta name=\"twitter:data1\" content=\"5 minutos\" \/>\n<script type=\"application\/ld+json\" class=\"yoast-schema-graph\">{\"@context\":\"https:\/\/schema.org\",\"@graph\":[{\"@type\":\"WebPage\",\"@id\":\"https:\/\/spxcooling.com\/es\/materials-testing\/\",\"url\":\"https:\/\/spxcooling.com\/es\/materials-testing\/\",\"name\":\"Materials Testing - SPX Cooling Towers\",\"isPartOf\":{\"@id\":\"https:\/\/spxcooling.com\/#website\"},\"primaryImageOfPage\":{\"@id\":\"https:\/\/spxcooling.com\/es\/materials-testing\/#primaryimage\"},\"image\":{\"@id\":\"https:\/\/spxcooling.com\/es\/materials-testing\/#primaryimage\"},\"thumbnailUrl\":\"https:\/\/spxcooling.com\/wp-content\/uploads\/materialstesting.jpg\",\"datePublished\":\"2019-10-23T16:42:48+00:00\",\"dateModified\":\"2023-04-18T15:53:15+00:00\",\"description\":\"Strength of individual structural members in a cooling tower decrease over time. Years of service and continuous exposure to water are among the primary contributors. Other factors accelerating the decline in strength include excessive vibration, high wind load, biological attack and water chemistry.\",\"breadcrumb\":{\"@id\":\"https:\/\/spxcooling.com\/es\/materials-testing\/#breadcrumb\"},\"inLanguage\":\"es\",\"potentialAction\":[{\"@type\":\"ReadAction\",\"target\":[\"https:\/\/spxcooling.com\/es\/materials-testing\/\"]}]},{\"@type\":\"ImageObject\",\"inLanguage\":\"es\",\"@id\":\"https:\/\/spxcooling.com\/es\/materials-testing\/#primaryimage\",\"url\":\"https:\/\/spxcooling.com\/wp-content\/uploads\/materialstesting.jpg\",\"contentUrl\":\"https:\/\/spxcooling.com\/wp-content\/uploads\/materialstesting.jpg\",\"width\":360,\"height\":252,\"caption\":\"Cooling Tower Materials Testing\"},{\"@type\":\"BreadcrumbList\",\"@id\":\"https:\/\/spxcooling.com\/es\/materials-testing\/#breadcrumb\",\"itemListElement\":[{\"@type\":\"ListItem\",\"position\":1,\"name\":\"Home\",\"item\":\"https:\/\/spxcooling.com\/\"},{\"@type\":\"ListItem\",\"position\":2,\"name\":\"Materials Testing\"}]},{\"@type\":\"WebSite\",\"@id\":\"https:\/\/spxcooling.com\/#website\",\"url\":\"https:\/\/spxcooling.com\/\",\"name\":\"SPX Cooling Technologies\",\"description\":\"COOLING TOWER PERFORMANCE, COOLING TOWER PARTS, AND COOLING TOWER SALES\",\"publisher\":{\"@id\":\"https:\/\/spxcooling.com\/#organization\"},\"potentialAction\":[{\"@type\":\"SearchAction\",\"target\":{\"@type\":\"EntryPoint\",\"urlTemplate\":\"https:\/\/spxcooling.com\/?s={search_term_string}\"},\"query-input\":{\"@type\":\"PropertyValueSpecification\",\"valueRequired\":true,\"valueName\":\"search_term_string\"}}],\"inLanguage\":\"es\"},{\"@type\":\"Organization\",\"@id\":\"https:\/\/spxcooling.com\/#organization\",\"name\":\"SPX Cooling Technologies, Inc.\",\"url\":\"https:\/\/spxcooling.com\/\",\"logo\":{\"@type\":\"ImageObject\",\"inLanguage\":\"es\",\"@id\":\"https:\/\/spxcooling.com\/#\/schema\/logo\/image\/\",\"url\":\"\/wp-content\/uploads\/spxcoolingtowerslogos2023.png\",\"contentUrl\":\"\/wp-content\/uploads\/spxcoolingtowerslogos2023.png\",\"width\":1477,\"height\":268,\"caption\":\"SPX Cooling Technologies, Inc.\"},\"image\":{\"@id\":\"https:\/\/spxcooling.com\/#\/schema\/logo\/image\/\"},\"sameAs\":[\"https:\/\/www.facebook.com\/SPX-Cooling-Technologies-182738268785153\",\"https:\/\/www.linkedin.com\/company\/spx-cooling-technologies\/mycompany\/?viewAsMember=true\"]}]}<\/script>\n<!-- \/ Yoast SEO Premium plugin. -->","yoast_head_json":{"title":"Pruebas de materiales - Torres de enfriamiento SPX","description":"La resistencia de los elementos estructurales individuales de una torre de refrigeraci\u00f3n disminuye con el tiempo. Los a\u00f1os de servicio y la exposici\u00f3n continua al agua son algunos de los principales factores que contribuyen a esta p\u00e9rdida de resistencia. Otros factores que aceleran esta p\u00e9rdida de resistencia incluyen la vibraci\u00f3n excesiva, las altas cargas de viento, los ataques biol\u00f3gicos y la composici\u00f3n qu\u00edmica del agua.","robots":{"index":"index","follow":"follow","max-snippet":"max-snippet:-1","max-image-preview":"max-image-preview:large","max-video-preview":"max-video-preview:-1"},"canonical":"https:\/\/spxcooling.com\/es\/materials-testing\/","og_locale":"es_MX","og_type":"article","og_title":"Materials Testing","og_description":"Strength of individual structural members in a cooling tower decrease over time. Years of service and continuous exposure to water are among the primary contributors. Other factors accelerating the decline in strength include excessive vibration, high wind load, biological attack and water chemistry.","og_url":"https:\/\/spxcooling.com\/es\/materials-testing\/","og_site_name":"SPX Cooling Technologies","article_publisher":"https:\/\/www.facebook.com\/SPX-Cooling-Technologies-182738268785153","article_modified_time":"2023-04-18T15:53:15+00:00","og_image":[{"width":360,"height":252,"url":"https:\/\/spxcooling.com\/wp-content\/uploads\/materialstesting.jpg","type":"image\/jpeg"}],"twitter_card":"summary_large_image","twitter_misc":{"Tiempo de lectura":"5 minutos"},"schema":{"@context":"https:\/\/schema.org","@graph":[{"@type":"WebPage","@id":"https:\/\/spxcooling.com\/es\/materials-testing\/","url":"https:\/\/spxcooling.com\/es\/materials-testing\/","name":"Pruebas de materiales - Torres de enfriamiento SPX","isPartOf":{"@id":"https:\/\/spxcooling.com\/#website"},"primaryImageOfPage":{"@id":"https:\/\/spxcooling.com\/es\/materials-testing\/#primaryimage"},"image":{"@id":"https:\/\/spxcooling.com\/es\/materials-testing\/#primaryimage"},"thumbnailUrl":"https:\/\/spxcooling.com\/wp-content\/uploads\/materialstesting.jpg","datePublished":"2019-10-23T16:42:48+00:00","dateModified":"2023-04-18T15:53:15+00:00","description":"La resistencia de los elementos estructurales individuales de una torre de refrigeraci\u00f3n disminuye con el tiempo. Los a\u00f1os de servicio y la exposici\u00f3n continua al agua son algunos de los principales factores que contribuyen a esta p\u00e9rdida de resistencia. Otros factores que aceleran esta p\u00e9rdida de resistencia incluyen la vibraci\u00f3n excesiva, las altas cargas de viento, los ataques biol\u00f3gicos y la composici\u00f3n qu\u00edmica del agua.","breadcrumb":{"@id":"https:\/\/spxcooling.com\/es\/materials-testing\/#breadcrumb"},"inLanguage":"es","potentialAction":[{"@type":"ReadAction","target":["https:\/\/spxcooling.com\/es\/materials-testing\/"]}]},{"@type":"ImageObject","inLanguage":"es","@id":"https:\/\/spxcooling.com\/es\/materials-testing\/#primaryimage","url":"https:\/\/spxcooling.com\/wp-content\/uploads\/materialstesting.jpg","contentUrl":"https:\/\/spxcooling.com\/wp-content\/uploads\/materialstesting.jpg","width":360,"height":252,"caption":"Cooling Tower Materials Testing"},{"@type":"BreadcrumbList","@id":"https:\/\/spxcooling.com\/es\/materials-testing\/#breadcrumb","itemListElement":[{"@type":"ListItem","position":1,"name":"Home","item":"https:\/\/spxcooling.com\/"},{"@type":"ListItem","position":2,"name":"Materials Testing"}]},{"@type":"WebSite","@id":"https:\/\/spxcooling.com\/#website","url":"https:\/\/spxcooling.com\/","name":"Tecnolog\u00edas de refrigeraci\u00f3n SPX","description":"RENDIMIENTO DE TORRES DE ENFRIAMIENTO, PIEZAS DE TORRES DE ENFRIAMIENTO Y VENTAS DE TORRES DE ENFRIAMIENTO","publisher":{"@id":"https:\/\/spxcooling.com\/#organization"},"potentialAction":[{"@type":"SearchAction","target":{"@type":"EntryPoint","urlTemplate":"https:\/\/spxcooling.com\/?s={search_term_string}"},"query-input":{"@type":"PropertyValueSpecification","valueRequired":true,"valueName":"search_term_string"}}],"inLanguage":"es"},{"@type":"Organization","@id":"https:\/\/spxcooling.com\/#organization","name":"Tecnolog\u00edas de refrigeraci\u00f3n SPX, Inc.","url":"https:\/\/spxcooling.com\/","logo":{"@type":"ImageObject","inLanguage":"es","@id":"https:\/\/spxcooling.com\/#\/schema\/logo\/image\/","url":"\/wp-content\/uploads\/spxcoolingtowerslogos2023.png","contentUrl":"\/wp-content\/uploads\/spxcoolingtowerslogos2023.png","width":1477,"height":268,"caption":"SPX Cooling Technologies, Inc."},"image":{"@id":"https:\/\/spxcooling.com\/#\/schema\/logo\/image\/"},"sameAs":["https:\/\/www.facebook.com\/SPX-Cooling-Technologies-182738268785153","https:\/\/www.linkedin.com\/company\/spx-cooling-technologies\/mycompany\/?viewAsMember=true"]}]}},"_links":{"self":[{"href":"https:\/\/spxcooling.com\/es\/wp-json\/wp\/v2\/pages\/9559","targetHints":{"allow":["GET"]}}],"collection":[{"href":"https:\/\/spxcooling.com\/es\/wp-json\/wp\/v2\/pages"}],"about":[{"href":"https:\/\/spxcooling.com\/es\/wp-json\/wp\/v2\/types\/page"}],"author":[{"embeddable":true,"href":"https:\/\/spxcooling.com\/es\/wp-json\/wp\/v2\/users\/2"}],"replies":[{"embeddable":true,"href":"https:\/\/spxcooling.com\/es\/wp-json\/wp\/v2\/comments?post=9559"}],"version-history":[{"count":13,"href":"https:\/\/spxcooling.com\/es\/wp-json\/wp\/v2\/pages\/9559\/revisions"}],"predecessor-version":[{"id":23667,"href":"https:\/\/spxcooling.com\/es\/wp-json\/wp\/v2\/pages\/9559\/revisions\/23667"}],"wp:featuredmedia":[{"embeddable":true,"href":"https:\/\/spxcooling.com\/es\/wp-json\/wp\/v2\/media\/11103"}],"wp:attachment":[{"href":"https:\/\/spxcooling.com\/es\/wp-json\/wp\/v2\/media?parent=9559"}],"curies":[{"name":"gracias","href":"https:\/\/api.w.org\/{rel}","templated":true}]}}