{"id":9571,"date":"2019-10-23T11:58:39","date_gmt":"2019-10-23T16:58:39","guid":{"rendered":"\/?page_id=9571"},"modified":"2019-12-20T12:48:08","modified_gmt":"2019-12-20T18:48:08","slug":"fill-fouling-evaluation","status":"publish","type":"page","link":"https:\/\/spxcooling.com\/es\/fill-fouling-evaluation\/","title":{"rendered":"An\u00e1lisis de evaluaci\u00f3n de incrustaciones de relleno"},"content":{"rendered":"<p>[et_pb_section fb_built=&#8221;1&#8243; admin_label=&#8221;Featured Places&#8221; _builder_version=&#8221;3.25.2&#8243; background_color=&#8221;#ffffff&#8221; custom_padding=&#8221;12px|0px|2px|0px||&#8221; fb_built=&#8221;1&#8243; _i=&#8221;0&#8243; _address=&#8221;0&#8243;][et_pb_row _builder_version=&#8221;3.29.3&#8243; custom_margin=&#8221;-6px|auto|-5px|auto||&#8221; custom_padding=&#8221;||0px||false|false&#8221; _i=&#8221;0&#8243; _address=&#8221;0.0&#8243;][et_pb_column type=&#8221;4_4&#8243; _builder_version=&#8221;3.25&#8243; custom_padding=&#8221;|||&#8221; custom_padding__hover=&#8221;|||&#8221; _i=&#8221;0&#8243; _address=&#8221;0.0.0&#8243;][\/et_pb_column][\/et_pb_row][\/et_pb_section][et_pb_section fb_built=&#8221;1&#8243; admin_label=&#8221;Featured Places&#8221; _builder_version=&#8221;3.25.2&#8243; background_color=&#8221;#ffffff&#8221; custom_padding=&#8221;12px|0px|100px|0px||&#8221; fb_built=&#8221;1&#8243; _i=&#8221;1&#8243; _address=&#8221;1&#8243;][et_pb_row column_structure=&#8221;3_5,2_5&#8243; _builder_version=&#8221;3.29.3&#8243; custom_margin=&#8221;-6px|auto|0px|auto|false|false&#8221; custom_padding=&#8221;2px||0px||false|false&#8221; _i=&#8221;0&#8243; _address=&#8221;1.0&#8243;][et_pb_column type=&#8221;3_5&#8243; _builder_version=&#8221;3.25&#8243; custom_padding=&#8221;|||&#8221; custom_padding__hover=&#8221;|||&#8221; _i=&#8221;0&#8243; _address=&#8221;1.0.0&#8243;][et_pb_text _builder_version=&#8221;3.29.3&#8243; header_font=&#8221;|600||on|||||&#8221; custom_margin=&#8221;||0px||false|false&#8221; hover_enabled=&#8221;0&#8243; _i=&#8221;0&#8243; _address=&#8221;1.0.0.0&#8243; header_text_align_last_edited=&#8221;on|phone&#8221; header_text_align=&#8221;left&#8221; header_text_align_phone=&#8221;center&#8221;]<\/p>\n<h1>Fill Fouling Evaluation Analysis<\/h1>\n<p>[\/et_pb_text][et_pb_image src=&#8221;\/wp-content\/uploads\/Fill-Fouling-Evaluation-Analysis.jpg&#8221; alt=&#8221;Fill Fouling Evaluation Analysis&#8221; _builder_version=&#8221;3.29.3&#8243; box_shadow_style=&#8221;preset3&#8243; _i=&#8221;1&#8243; _address=&#8221;1.0.0.1&#8243;][\/et_pb_image][\/et_pb_column][et_pb_column type=&#8221;2_5&#8243; _builder_version=&#8221;3.25&#8243; custom_padding=&#8221;|||&#8221; custom_padding__hover=&#8221;|||&#8221; _i=&#8221;1&#8243; _address=&#8221;1.0.1&#8243;][et_pb_text _builder_version=&#8221;3.29.3&#8243; header_2_font=&#8221;|600|||||||&#8221; header_2_font_size=&#8221;18px&#8221; custom_margin=&#8221;30px||-24px||false|false&#8221; custom_padding=&#8221;||0px||false|false&#8221; border_color_bottom=&#8221;#d6d6d6&#8243; _i=&#8221;0&#8243; _address=&#8221;1.0.1.0&#8243;]<\/p>\n<h2>Downloads<\/h2>\n<p>[\/et_pb_text][et_pb_divider color=&#8221;#d6d6d6&#8243; divider_position=&#8221;bottom&#8221; _builder_version=&#8221;3.29.3&#8243; width=&#8221;85%&#8221; custom_margin=&#8221;0px||10px||false|false&#8221; custom_padding=&#8221;0px||0px||false|false&#8221; _i=&#8221;1&#8243; _address=&#8221;1.0.1.1&#8243;][\/et_pb_divider][et_pb_text _builder_version=&#8221;3.29.3&#8243; header_2_font=&#8221;Lato|700|||||||&#8221; header_2_font_size=&#8221;18px&#8221; custom_margin=&#8221;0px||0px||false|false&#8221; custom_padding=&#8221;0px||0px||false|false&#8221; border_color_bottom=&#8221;#d6d6d6&#8243; _i=&#8221;2&#8243; _address=&#8221;1.0.1.2&#8243;]\n<!-- NOTE: If you need to make changes to this file, copy it to your current theme's main\n\tdirectory so your changes won't be overwritten when the plugin is upgraded. -->\n\n<!-- Post Wrap Start-->\n<div class=\"post hentry ivycat-post\">\n \n<div class=\"lib_library_thumb\"><a href=\"https:\/\/spxcooling.com\/es\/library\/fill-fouling-evaluation-analysis-service-overview\/\" target=\"_blank\">\n    \n    <!-- <i class=\"fas fa-file-download fa-3x\"><\/i> -->\n    <img decoding=\"async\" src=\"\/wp-content\/uploads\/CTS-01-pdf-image.jpg\" class=\"lib_library_thumbpic\" alt=\"Fill Fouling Evaluation Analysis Service Overview\"\/>\n   \n    <\/a><\/div>\n  \n\n    <div class=\"lib_library_excerpt\">\n\t<!-- \tThis outputs the post TITLE -->\n\t<span class=\"entry-title-assposts\"><a href=\"https:\/\/spxcooling.com\/es\/library\/fill-fouling-evaluation-analysis-service-overview\/\" target=\"_blank\">Fill Fouling Evaluation Analysis Service Overview<\/a><\/span>\n\n\t<!-- \tThis outputs the post EXCERPT.  To display full content including images and html,\n\t\treplace the_excerpt(); with the_content();  below. -->\n\t<div class=\"entry-summary\">\n\t\t\t<\/div>\n\n\t<!--\tThis outputs the post META information -->\n\t<div class=\"entry-utility\">\n\t\t\t\t\t<span class=\"cat-links\">\n\t\t\t\t<span class=\"entry-utility-prep entry-utility-prep-cat-links\">Posted in<\/span> <a href=\"https:\/\/spxcooling.com\/es\/category\/library\/brochures\/\" rel=\"category tag\">Brochures<\/a>, <a href=\"https:\/\/spxcooling.com\/es\/category\/library\/\" rel=\"category tag\">Library<\/a>\t\t\t<\/span>\n\t\t\t<span class=\"meta-sep\">|<\/span>\n\t\t\t\t\t\t\t<span class=\"tag-links\">\n\t\t\t\t<span class=\"entry-utility-prep entry-utility-prep-tag-links\">Tagged<\/span> <a href=\"https:\/\/spxcooling.com\/es\/tag\/brochure\/\" rel=\"tag\">Brochure<\/a>, <a href=\"https:\/\/spxcooling.com\/es\/tag\/fillfouling\/\" rel=\"tag\">fillfouling<\/a>\t\t\t<\/span>\n\t\t\t<span class=\"meta-sep\">|<\/span>\n\t\t\n\t\t\t<\/div>\n<\/div>\n      \n    <\/div>\n<div class=\"clear20\"><\/div>\n<!-- \/\/ Post Wrap End -->\n\n<!-- NOTE: If you need to make changes to this file, copy it to your current theme's main\n\tdirectory so your changes won't be overwritten when the plugin is upgraded. -->\n\n<!-- Post Wrap Start-->\n<div class=\"post hentry ivycat-post\">\n \n<div class=\"lib_library_thumb\"><a href=\"https:\/\/spxcooling.com\/es\/library\/cooling-tower-longevity-solutions\/\" target=\"_blank\">\n    \n    <!-- <i class=\"fas fa-file-download fa-3x\"><\/i> -->\n    <img decoding=\"async\" src=\"\/wp-content\/uploads\/AFT-13-pdf-image.jpg\" class=\"lib_library_thumbpic\" alt=\"Cooling Tower Longevity Solutions\"\/>\n   \n    <\/a><\/div>\n  \n\n    <div class=\"lib_library_excerpt\">\n\t<!-- \tThis outputs the post TITLE -->\n\t<span class=\"entry-title-assposts\"><a href=\"https:\/\/spxcooling.com\/es\/library\/cooling-tower-longevity-solutions\/\" target=\"_blank\">Cooling Tower Longevity Solutions<\/a><\/span>\n\n\t<!-- \tThis outputs the post EXCERPT.  To display full content including images and html,\n\t\treplace the_excerpt(); with the_content();  below. -->\n\t<div class=\"entry-summary\">\n\t\t\t<\/div>\n\n\t<!--\tThis outputs the post META information -->\n\t<div class=\"entry-utility\">\n\t\t\t\t\t<span class=\"cat-links\">\n\t\t\t\t<span class=\"entry-utility-prep entry-utility-prep-cat-links\">Posted in<\/span> <a href=\"https:\/\/spxcooling.com\/es\/category\/library\/brochures\/\" rel=\"category tag\">Brochures<\/a>, <a href=\"https:\/\/spxcooling.com\/es\/category\/library\/\" rel=\"category tag\">Library<\/a>\t\t\t<\/span>\n\t\t\t<span class=\"meta-sep\">|<\/span>\n\t\t\t\t\t\t\t<span class=\"tag-links\">\n\t\t\t\t<span class=\"entry-utility-prep entry-utility-prep-tag-links\">Tagged<\/span> <a href=\"https:\/\/spxcooling.com\/es\/tag\/brochure\/\" rel=\"tag\">Brochure<\/a>, <a href=\"https:\/\/spxcooling.com\/es\/tag\/extend\/\" rel=\"tag\">extend<\/a>, <a href=\"https:\/\/spxcooling.com\/es\/tag\/fillfouling\/\" rel=\"tag\">fillfouling<\/a>, <a href=\"https:\/\/spxcooling.com\/es\/tag\/reconstruction\/\" rel=\"tag\">reconstruction<\/a>\t\t\t<\/span>\n\t\t\t<span class=\"meta-sep\">|<\/span>\n\t\t\n\t\t\t<\/div>\n<\/div>\n      \n    <\/div>\n<div class=\"clear20\"><\/div>\n<!-- \/\/ Post Wrap End -->\n\n<!-- NOTE: If you need to make changes to this file, copy it to your current theme's main\n\tdirectory so your changes won't be overwritten when the plugin is upgraded. -->\n\n<!-- Post Wrap Start-->\n<div class=\"post hentry ivycat-post\">\n  \n\n  \n    <\/div>\n<div class=\"clear20\"><\/div>\n<!-- \/\/ Post Wrap End -->\n[\/et_pb_text][\/et_pb_column][\/et_pb_row][et_pb_row _builder_version=&#8221;3.29.3&#8243; _i=&#8221;1&#8243; _address=&#8221;1.1&#8243;][et_pb_column type=&#8221;4_4&#8243; _builder_version=&#8221;3.29.3&#8243; _i=&#8221;0&#8243; _address=&#8221;1.1.0&#8243;][et_pb_text _builder_version=&#8221;3.29.3&#8243; header_2_font=&#8221;Lato|700||on|||||&#8221; header_2_font_size=&#8221;20px&#8221; custom_margin=&#8221;0px||||false|false&#8221; custom_padding=&#8221;0px||||false|false&#8221; _i=&#8221;0&#8243; _address=&#8221;1.1.0.0&#8243;]<\/p>\n<h2>Overview<\/h2>\n<p>Years of service can result in the accumulation of foreign matter on the surface of cooling tower fill, also referred to as \u201cfill fouling.\u201d Fouling can result in a reduction in the cooling efficiency of the tower, as the deposits interfere with air and\/or water flow through the fill. Structural integrity of the tower can also be compromised in severe cases of material accumulation.<\/p>\n<p>The solution is \u2013 monitoring the weight of fill media over time to track fouling, seeking opportunities to reduce fouling, and translating the data to help customers make decisions on budgeting future capital expenditures (fill replacement).[\/et_pb_text][et_pb_divider color=&#8221;#d6d6d6&#8243; _builder_version=&#8221;3.29.3&#8243; custom_margin=&#8221;||6px||false|false&#8221; _i=&#8221;1&#8243; _address=&#8221;1.1.0.1&#8243;][\/et_pb_divider][et_pb_text _builder_version=&#8221;3.29.3&#8243; header_2_font=&#8221;Lato|700||on|||||&#8221; header_2_font_size=&#8221;20px&#8221; _i=&#8221;2&#8243; _address=&#8221;1.1.0.2&#8243;]<\/p>\n<h2>SPX SERVICES<\/h2>\n<p><b>Two levels of service:<\/b><\/p>\n<p><b>Level 1<\/b> &#8211; Field testing\/analysis on a one-time basis.<br \/>\n<b>Level 2 <\/b>&#8211; Longer term fill testing \u201cprogram\u201d where the customer would have weigh racks on-site for long-term tracking of fill condition. Performance curves are developed showing actual weight versus predictive weight for a given fill type.<br \/>\nAssisting the customer to find sources of fouling.<\/p>\n<p>Communicate any risks such as excessive weight and stress on structural components.<\/p>\n<p>Determining fill life cycle and replacement timeline for budgeting purposes.[\/et_pb_text][et_pb_divider color=&#8221;#d6d6d6&#8243; _builder_version=&#8221;3.29.3&#8243; custom_margin=&#8221;||6px||false|false&#8221; _i=&#8221;3&#8243; _address=&#8221;1.1.0.3&#8243;][\/et_pb_divider][et_pb_text _builder_version=&#8221;3.29.3&#8243; header_2_font=&#8221;Lato|700||on|||||&#8221; header_2_font_size=&#8221;20px&#8221; _i=&#8221;4&#8243; _address=&#8221;1.1.0.4&#8243;]<\/p>\n<h2>SPX ADVANTAGE<\/h2>\n<p>Formal test procedures \u2013 We have the experience from years of field testing to know how, and when to test (e.g. the weighing must be completed within 24 hours or else the results cannot be used).<\/p>\n<p>We have a proprietary weigh rack design used at the customer\u2019s site or reliable lab testing of fill samples.<\/p>\n<p>Our R&amp;D capabilities have allowed us to perform pilot-scale studies to produce standards to compare your field measurements.<\/p>\n<p>As cooling tower designers, we understand the impact of excessive weight on tower structural safety.<\/p>\n<p>Bottom line: Anyone may be able to weigh fill packs. The real value is the interpretation of results in terms of performance and lifecycle. Our service allows the customer to develop a long-term budget for fill replacement. Just as with material testing, we are providing customers with data to use when making budgeting decisions. Currently customers have to make decisions based on visual inspection.[\/et_pb_text][et_pb_divider color=&#8221;#d6d6d6&#8243; _builder_version=&#8221;3.29.3&#8243; custom_margin=&#8221;||6px||false|false&#8221; _i=&#8221;5&#8243; _address=&#8221;1.1.0.5&#8243;][\/et_pb_divider][et_pb_text _builder_version=&#8221;3.29.3&#8243; header_2_font=&#8221;Lato|700||on|||||&#8221; header_2_font_size=&#8221;20px&#8221; _i=&#8221;6&#8243; _address=&#8221;1.1.0.6&#8243;]<\/p>\n<h2>A TOTAL SOLUTION<\/h2>\n<p>You\u2019ll find a full suite of technical services available to help ensure your operation is efficient, optimized and compliant. Where applicable, our technicians and methodology abide by CTI and ASME guidelines; and regardless of process or procedure, our staff is dedicated to delivering the highest standards of quality and accuracy.<\/p>\n<p>Ultimately, what SPX Cooling Technologies offers is the peace of mind that over a century of cooling tower experience can bring. Because we design, engineer, manufacture, and service world class cooling tower brands, it only stands to reason we understand them better, inside and out.<\/p>\n<p>When you need consultative technical services for your cooling towers\u2014whether it\u2019s to diagnose or upgrade individual units or entire systems\u2014you need to remember only one name: SPX.[\/et_pb_text][et_pb_video src=&#8221;https:\/\/www.youtube.com\/watch?v=xtubYu7v4Tw&#8221; _builder_version=&#8221;3.29.3&#8243; _i=&#8221;7&#8243; _address=&#8221;1.1.0.7&#8243;][\/et_pb_video][\/et_pb_column][\/et_pb_row][\/et_pb_section]<\/p>\n","protected":false},"excerpt":{"rendered":"<p>[et_pb_section fb_built=&#8221;1&#8243; admin_label=&#8221;Featured Places&#8221; _builder_version=&#8221;3.25.2&#8243; background_color=&#8221;#ffffff&#8221; custom_padding=&#8221;12px|0px|2px|0px||&#8221; fb_built=&#8221;1&#8243; _i=&#8221;0&#8243; _address=&#8221;0&#8243;][et_pb_row _builder_version=&#8221;3.29.3&#8243; custom_margin=&#8221;-6px|auto|-5px|auto||&#8221; custom_padding=&#8221;||0px||false|false&#8221; _i=&#8221;0&#8243; _address=&#8221;0.0&#8243;][et_pb_column type=&#8221;4_4&#8243; _builder_version=&#8221;3.25&#8243; custom_padding=&#8221;|||&#8221; custom_padding__hover=&#8221;|||&#8221; _i=&#8221;0&#8243; _address=&#8221;0.0.0&#8243;][\/et_pb_column][\/et_pb_row][\/et_pb_section][et_pb_section fb_built=&#8221;1&#8243; admin_label=&#8221;Featured Places&#8221; _builder_version=&#8221;3.25.2&#8243; background_color=&#8221;#ffffff&#8221; custom_padding=&#8221;12px|0px|100px|0px||&#8221; fb_built=&#8221;1&#8243; _i=&#8221;1&#8243; _address=&#8221;1&#8243;][et_pb_row column_structure=&#8221;3_5,2_5&#8243; _builder_version=&#8221;3.29.3&#8243; custom_margin=&#8221;-6px|auto|0px|auto|false|false&#8221; custom_padding=&#8221;2px||0px||false|false&#8221; _i=&#8221;0&#8243; _address=&#8221;1.0&#8243;][et_pb_column type=&#8221;3_5&#8243; _builder_version=&#8221;3.25&#8243; custom_padding=&#8221;|||&#8221; custom_padding__hover=&#8221;|||&#8221; _i=&#8221;0&#8243; _address=&#8221;1.0.0&#8243;][et_pb_text _builder_version=&#8221;3.29.3&#8243; header_font=&#8221;|600||on|||||&#8221; custom_margin=&#8221;||0px||false|false&#8221; hover_enabled=&#8221;0&#8243; _i=&#8221;0&#8243; _address=&#8221;1.0.0.0&#8243; header_text_align_last_edited=&#8221;on|phone&#8221; header_text_align=&#8221;left&#8221; header_text_align_phone=&#8221;center&#8221;] Fill Fouling Evaluation Analysis [&hellip;]<\/p>\n","protected":false},"author":2,"featured_media":11875,"parent":0,"menu_order":0,"comment_status":"closed","ping_status":"closed","template":"","meta":{"_acf_changed":false,"_et_pb_use_builder":"on","_et_pb_old_content":"","_et_gb_content_width":"","content-type":"","_relevanssi_hide_post":"","_relevanssi_pin_for_all":"","_relevanssi_pin_keywords":"","_relevanssi_unpin_keywords":"","_relevanssi_related_keywords":"","_relevanssi_related_include_ids":"","_relevanssi_related_exclude_ids":"","_relevanssi_related_no_append":"","_relevanssi_related_not_related":"","_relevanssi_related_posts":"9820,5773,9716,9819,6149,5887","_relevanssi_noindex_reason":"","footnotes":""},"class_list":["post-9571","page","type-page","status-publish","has-post-thumbnail","hentry"],"acf":[],"yoast_head":"<!-- This site is optimized with the Yoast SEO Premium plugin v21.2 (Yoast SEO v27.2) - https:\/\/yoast.com\/product\/yoast-seo-premium-wordpress\/ -->\n<title>Fill Fouling Evaluation Analysis - SPX Cooling Towers<\/title>\n<meta name=\"description\" content=\"Years of service can result in the accumulation of foreign matter on the surface of cooling tower fill, also referred to as \u00d2fill fouling.\u00d3 Fouling can result in a reduction in the cooling efficiency of the tower, as the deposits interfere with air and\/or water flow through the fill.\u00ca\" \/>\n<meta name=\"robots\" content=\"index, follow, max-snippet:-1, max-image-preview:large, max-video-preview:-1\" \/>\n<link rel=\"canonical\" href=\"https:\/\/spxcooling.com\/es\/fill-fouling-evaluation\/\" \/>\n<meta property=\"og:locale\" content=\"es_MX\" \/>\n<meta property=\"og:type\" content=\"article\" \/>\n<meta property=\"og:title\" content=\"Fill Fouling Evaluation Analysis\" \/>\n<meta property=\"og:description\" content=\"Years of service can result in the accumulation of foreign matter on the surface of cooling tower fill, also referred to as \u00d2fill fouling.\u00d3 Fouling can result in a reduction in the cooling efficiency of the tower, as the deposits interfere with air and\/or water flow through the fill.\u00ca\" \/>\n<meta property=\"og:url\" content=\"https:\/\/spxcooling.com\/es\/fill-fouling-evaluation\/\" \/>\n<meta property=\"og:site_name\" content=\"SPX Cooling Technologies\" \/>\n<meta property=\"article:publisher\" content=\"https:\/\/www.facebook.com\/SPX-Cooling-Technologies-182738268785153\" \/>\n<meta property=\"article:modified_time\" content=\"2019-12-20T18:48:08+00:00\" \/>\n<meta property=\"og:image\" content=\"https:\/\/spxcooling.com\/wp-content\/uploads\/fillfouling.jpg\" \/>\n\t<meta property=\"og:image:width\" content=\"360\" \/>\n\t<meta property=\"og:image:height\" content=\"252\" \/>\n\t<meta property=\"og:image:type\" content=\"image\/jpeg\" \/>\n<meta name=\"twitter:card\" content=\"summary_large_image\" \/>\n<meta name=\"twitter:label1\" content=\"Tiempo de lectura\" \/>\n\t<meta name=\"twitter:data1\" content=\"5 minutos\" \/>\n<script type=\"application\/ld+json\" class=\"yoast-schema-graph\">{\"@context\":\"https:\/\/schema.org\",\"@graph\":[{\"@type\":\"WebPage\",\"@id\":\"https:\/\/spxcooling.com\/it\/fill-fouling-evaluation\/\",\"url\":\"https:\/\/spxcooling.com\/it\/fill-fouling-evaluation\/\",\"name\":\"Fill Fouling Evaluation Analysis - SPX Cooling Towers\",\"isPartOf\":{\"@id\":\"https:\/\/spxcooling.com\/it\/#website\"},\"primaryImageOfPage\":{\"@id\":\"https:\/\/spxcooling.com\/it\/fill-fouling-evaluation\/#primaryimage\"},\"image\":{\"@id\":\"https:\/\/spxcooling.com\/it\/fill-fouling-evaluation\/#primaryimage\"},\"thumbnailUrl\":\"https:\/\/spxcooling.com\/wp-content\/uploads\/fillfouling.jpg\",\"datePublished\":\"2019-10-23T16:58:39+00:00\",\"dateModified\":\"2019-12-20T18:48:08+00:00\",\"description\":\"Years of service can result in the accumulation of foreign matter on the surface of cooling tower fill, also referred to as \u00d2fill fouling.\u00d3 Fouling can result in a reduction in the cooling efficiency of the tower, as the deposits interfere with air and\/or water flow through the fill.\u00ca\",\"breadcrumb\":{\"@id\":\"https:\/\/spxcooling.com\/it\/fill-fouling-evaluation\/#breadcrumb\"},\"inLanguage\":\"es\",\"potentialAction\":[{\"@type\":\"ReadAction\",\"target\":[\"https:\/\/spxcooling.com\/it\/fill-fouling-evaluation\/\"]}]},{\"@type\":\"ImageObject\",\"inLanguage\":\"es\",\"@id\":\"https:\/\/spxcooling.com\/it\/fill-fouling-evaluation\/#primaryimage\",\"url\":\"https:\/\/spxcooling.com\/wp-content\/uploads\/fillfouling.jpg\",\"contentUrl\":\"https:\/\/spxcooling.com\/wp-content\/uploads\/fillfouling.jpg\",\"width\":360,\"height\":252,\"caption\":\"Dirty cooling tower fill\"},{\"@type\":\"BreadcrumbList\",\"@id\":\"https:\/\/spxcooling.com\/it\/fill-fouling-evaluation\/#breadcrumb\",\"itemListElement\":[{\"@type\":\"ListItem\",\"position\":1,\"name\":\"Home\",\"item\":\"https:\/\/spxcooling.com\/it\/\"},{\"@type\":\"ListItem\",\"position\":2,\"name\":\"Fill Fouling Evaluation Analysis\"}]},{\"@type\":\"WebSite\",\"@id\":\"https:\/\/spxcooling.com\/it\/#website\",\"url\":\"https:\/\/spxcooling.com\/it\/\",\"name\":\"SPX Cooling Technologies\",\"description\":\"COOLING TOWER PERFORMANCE, COOLING TOWER PARTS, AND COOLING TOWER SALES\",\"publisher\":{\"@id\":\"https:\/\/spxcooling.com\/it\/#organization\"},\"potentialAction\":[{\"@type\":\"SearchAction\",\"target\":{\"@type\":\"EntryPoint\",\"urlTemplate\":\"https:\/\/spxcooling.com\/it\/?s={search_term_string}\"},\"query-input\":{\"@type\":\"PropertyValueSpecification\",\"valueRequired\":true,\"valueName\":\"search_term_string\"}}],\"inLanguage\":\"es\"},{\"@type\":\"Organization\",\"@id\":\"https:\/\/spxcooling.com\/it\/#organization\",\"name\":\"SPX Cooling Technologies, Inc.\",\"url\":\"https:\/\/spxcooling.com\/it\/\",\"logo\":{\"@type\":\"ImageObject\",\"inLanguage\":\"es\",\"@id\":\"https:\/\/spxcooling.com\/it\/#\/schema\/logo\/image\/\",\"url\":\"\/wp-content\/uploads\/spxcoolingtowerslogos2023.png\",\"contentUrl\":\"\/wp-content\/uploads\/spxcoolingtowerslogos2023.png\",\"width\":1477,\"height\":268,\"caption\":\"SPX Cooling Technologies, Inc.\"},\"image\":{\"@id\":\"https:\/\/spxcooling.com\/it\/#\/schema\/logo\/image\/\"},\"sameAs\":[\"https:\/\/www.facebook.com\/SPX-Cooling-Technologies-182738268785153\",\"https:\/\/www.linkedin.com\/company\/spx-cooling-technologies\/mycompany\/?viewAsMember=true\"]}]}<\/script>\n<!-- \/ Yoast SEO Premium plugin. -->","yoast_head_json":{"title":"An\u00e1lisis de la incrustaci\u00f3n en el relleno - Torres de refrigeraci\u00f3n SPX","description":"Los a\u00f1os de servicio pueden provocar la acumulaci\u00f3n de materia extra\u00f1a en la superficie del relleno de la torre de refrigeraci\u00f3n, tambi\u00e9n conocida como &quot;incrustaci\u00f3n del relleno&quot;. Esta incrustaci\u00f3n puede reducir la eficiencia de refrigeraci\u00f3n de la torre, ya que los dep\u00f3sitos interfieren con el flujo de aire y\/o agua a trav\u00e9s del relleno.","robots":{"index":"index","follow":"follow","max-snippet":"max-snippet:-1","max-image-preview":"max-image-preview:large","max-video-preview":"max-video-preview:-1"},"canonical":"https:\/\/spxcooling.com\/es\/fill-fouling-evaluation\/","og_locale":"es_MX","og_type":"article","og_title":"Fill Fouling Evaluation Analysis","og_description":"Years of service can result in the accumulation of foreign matter on the surface of cooling tower fill, also referred to as \u00d2fill fouling.\u00d3 Fouling can result in a reduction in the cooling efficiency of the tower, as the deposits interfere with air and\/or water flow through the fill.\u00ca","og_url":"https:\/\/spxcooling.com\/es\/fill-fouling-evaluation\/","og_site_name":"SPX Cooling Technologies","article_publisher":"https:\/\/www.facebook.com\/SPX-Cooling-Technologies-182738268785153","article_modified_time":"2019-12-20T18:48:08+00:00","og_image":[{"width":360,"height":252,"url":"https:\/\/spxcooling.com\/wp-content\/uploads\/fillfouling.jpg","type":"image\/jpeg"}],"twitter_card":"summary_large_image","twitter_misc":{"Tiempo de lectura":"5 minutos"},"schema":{"@context":"https:\/\/schema.org","@graph":[{"@type":"WebPage","@id":"https:\/\/spxcooling.com\/it\/fill-fouling-evaluation\/","url":"https:\/\/spxcooling.com\/it\/fill-fouling-evaluation\/","name":"An\u00e1lisis de la incrustaci\u00f3n en el relleno - Torres de refrigeraci\u00f3n SPX","isPartOf":{"@id":"https:\/\/spxcooling.com\/it\/#website"},"primaryImageOfPage":{"@id":"https:\/\/spxcooling.com\/it\/fill-fouling-evaluation\/#primaryimage"},"image":{"@id":"https:\/\/spxcooling.com\/it\/fill-fouling-evaluation\/#primaryimage"},"thumbnailUrl":"https:\/\/spxcooling.com\/wp-content\/uploads\/fillfouling.jpg","datePublished":"2019-10-23T16:58:39+00:00","dateModified":"2019-12-20T18:48:08+00:00","description":"Los a\u00f1os de servicio pueden provocar la acumulaci\u00f3n de materia extra\u00f1a en la superficie del relleno de la torre de refrigeraci\u00f3n, tambi\u00e9n conocida como &quot;incrustaci\u00f3n del relleno&quot;. Esta incrustaci\u00f3n puede reducir la eficiencia de refrigeraci\u00f3n de la torre, ya que los dep\u00f3sitos interfieren con el flujo de aire y\/o agua a trav\u00e9s del relleno.","breadcrumb":{"@id":"https:\/\/spxcooling.com\/it\/fill-fouling-evaluation\/#breadcrumb"},"inLanguage":"es","potentialAction":[{"@type":"ReadAction","target":["https:\/\/spxcooling.com\/it\/fill-fouling-evaluation\/"]}]},{"@type":"ImageObject","inLanguage":"es","@id":"https:\/\/spxcooling.com\/it\/fill-fouling-evaluation\/#primaryimage","url":"https:\/\/spxcooling.com\/wp-content\/uploads\/fillfouling.jpg","contentUrl":"https:\/\/spxcooling.com\/wp-content\/uploads\/fillfouling.jpg","width":360,"height":252,"caption":"Dirty cooling tower fill"},{"@type":"BreadcrumbList","@id":"https:\/\/spxcooling.com\/it\/fill-fouling-evaluation\/#breadcrumb","itemListElement":[{"@type":"ListItem","position":1,"name":"Home","item":"https:\/\/spxcooling.com\/it\/"},{"@type":"ListItem","position":2,"name":"Fill Fouling Evaluation Analysis"}]},{"@type":"WebSite","@id":"https:\/\/spxcooling.com\/it\/#website","url":"https:\/\/spxcooling.com\/it\/","name":"Tecnolog\u00edas de refrigeraci\u00f3n SPX","description":"RENDIMIENTO DE TORRES DE ENFRIAMIENTO, PIEZAS DE TORRES DE ENFRIAMIENTO Y VENTAS DE TORRES DE ENFRIAMIENTO","publisher":{"@id":"https:\/\/spxcooling.com\/it\/#organization"},"potentialAction":[{"@type":"SearchAction","target":{"@type":"EntryPoint","urlTemplate":"https:\/\/spxcooling.com\/it\/?s={search_term_string}"},"query-input":{"@type":"PropertyValueSpecification","valueRequired":true,"valueName":"search_term_string"}}],"inLanguage":"es"},{"@type":"Organization","@id":"https:\/\/spxcooling.com\/it\/#organization","name":"Tecnolog\u00edas de refrigeraci\u00f3n SPX, Inc.","url":"https:\/\/spxcooling.com\/it\/","logo":{"@type":"ImageObject","inLanguage":"es","@id":"https:\/\/spxcooling.com\/it\/#\/schema\/logo\/image\/","url":"\/wp-content\/uploads\/spxcoolingtowerslogos2023.png","contentUrl":"\/wp-content\/uploads\/spxcoolingtowerslogos2023.png","width":1477,"height":268,"caption":"SPX Cooling Technologies, Inc."},"image":{"@id":"https:\/\/spxcooling.com\/it\/#\/schema\/logo\/image\/"},"sameAs":["https:\/\/www.facebook.com\/SPX-Cooling-Technologies-182738268785153","https:\/\/www.linkedin.com\/company\/spx-cooling-technologies\/mycompany\/?viewAsMember=true"]}]}},"_links":{"self":[{"href":"https:\/\/spxcooling.com\/es\/wp-json\/wp\/v2\/pages\/9571","targetHints":{"allow":["GET"]}}],"collection":[{"href":"https:\/\/spxcooling.com\/es\/wp-json\/wp\/v2\/pages"}],"about":[{"href":"https:\/\/spxcooling.com\/es\/wp-json\/wp\/v2\/types\/page"}],"author":[{"embeddable":true,"href":"https:\/\/spxcooling.com\/es\/wp-json\/wp\/v2\/users\/2"}],"replies":[{"embeddable":true,"href":"https:\/\/spxcooling.com\/es\/wp-json\/wp\/v2\/comments?post=9571"}],"version-history":[{"count":8,"href":"https:\/\/spxcooling.com\/es\/wp-json\/wp\/v2\/pages\/9571\/revisions"}],"predecessor-version":[{"id":12706,"href":"https:\/\/spxcooling.com\/es\/wp-json\/wp\/v2\/pages\/9571\/revisions\/12706"}],"wp:featuredmedia":[{"embeddable":true,"href":"https:\/\/spxcooling.com\/es\/wp-json\/wp\/v2\/media\/11875"}],"wp:attachment":[{"href":"https:\/\/spxcooling.com\/es\/wp-json\/wp\/v2\/media?parent=9571"}],"curies":[{"name":"gracias","href":"https:\/\/api.w.org\/{rel}","templated":true}]}}