{"id":10206,"date":"2019-11-15T11:34:35","date_gmt":"2019-11-15T17:34:35","guid":{"rendered":"\/?page_id=10206"},"modified":"2022-10-17T10:23:14","modified_gmt":"2022-10-17T15:23:14","slug":"quadraflow-revit-files","status":"publish","type":"page","link":"https:\/\/spxcooling.com\/zh\/revit-files\/quadraflow-revit-files\/","title":{"rendered":"Quadraflow Revit \u6587\u4ef6"},"content":{"rendered":"<p>[et_pb_section fb_built=&#8221;1&#8243; admin_label=&#8221;Featured Places&#8221; _builder_version=&#8221;4.16&#8243; background_color=&#8221;#ffffff&#8221; custom_padding=&#8221;12px|0px|100px|0px||&#8221; global_colors_info=&#8221;{}&#8221;][et_pb_row _builder_version=&#8221;4.16&#8243; custom_margin=&#8221;-6px|auto|-5px|auto||&#8221; custom_padding=&#8221;15px|||||&#8221; global_colors_info=&#8221;{}&#8221;][et_pb_column type=&#8221;4_4&#8243; _builder_version=&#8221;4.16&#8243; custom_padding=&#8221;|||&#8221; global_colors_info=&#8221;{}&#8221; custom_padding__hover=&#8221;|||&#8221;][et_pb_text _builder_version=&#8221;4.16&#8243; text_font=&#8221;Lato||||||||&#8221; text_text_color=&#8221;#898f99&#8243; text_font_size=&#8221;19px&#8221; header_font=&#8221;||||||||&#8221; header_2_font=&#8221;Lato|700|||||||&#8221; header_2_font_size=&#8221;42px&#8221; header_2_line_height=&#8221;1.5em&#8221; header_3_font=&#8221;||||||||&#8221; max_width=&#8221;1180px&#8221; module_alignment=&#8221;center&#8221; custom_margin=&#8221;||0px||false|false&#8221; custom_padding=&#8221;0px|0px|0px|0px|false|false&#8221; text_text_align=&#8221;center&#8221; global_colors_info=&#8221;{}&#8221;]<\/p>\n<h2>\nQuadraflow Revit Files<\/h2>\n<p>[\/et_pb_text][\/et_pb_column][\/et_pb_row][et_pb_row _builder_version=&#8221;4.16&#8243; max_width=&#8221;1440px&#8221; custom_margin=&#8221;4px|auto|20px|auto|false|false&#8221; custom_padding=&#8221;0px|0px|10px|0px||&#8221; use_custom_width=&#8221;on&#8221; custom_width_px=&#8221;1440px&#8221; global_colors_info=&#8221;{}&#8221;][et_pb_column type=&#8221;4_4&#8243; _builder_version=&#8221;4.16&#8243; background_color=&#8221;#ffffff&#8221; custom_padding=&#8221;|||&#8221; global_colors_info=&#8221;{}&#8221; custom_padding__hover=&#8221;|||&#8221;][et_pb_text _builder_version=&#8221;4.16&#8243; text_font_size=&#8221;12px&#8221; width=&#8221;80%&#8221; module_alignment=&#8221;center&#8221; custom_margin=&#8221;0px||||false|false&#8221; custom_padding=&#8221;0px||||false|false&#8221; global_colors_info=&#8221;{}&#8221;]The Revit product family for the Marley\u00ae Quadraflow\u00ae cooling tower (\u201cQF\u201d) provides the basic geometry and typical pipe connections for each unit size of the product line.\u00a0 The product family is compatible with Revit version 2012 and later, and may be downloaded at<span>\u00a0<\/span><a href=\"\/revit\">\/revit<\/a>.<\/p>\n<p><strong>Inlet Connections<\/strong><br \/>\nThe inlet connection(s) for all Quadraflow models is a hole and grommet in the top deck sized to accept insertion of an appropriately sized inlet pipe.\u00a0 The quantity and size of inlet connections varies depending on model size.\u00a0 21000 and 22000 models have one 8\u201d inlet per cell, located on any of the four corners.\u00a0 23000 models whose design flow is 2025 gpm per cell or less may use a single 10\u201d inlet.\u00a0 Above 2025 gpm per cell, two 8\u201d inlets are required, located 180 degrees apart.\u00a0 24000 models use two 10\u201d inlets per cell, located 180 degrees apart.\u00a0 Locating an inlet riser directly behind the motor is allowed, but not recommended due to restrictions placed on motor access and removal.<\/p>\n<p><span>\u00a0<\/span><strong>Outlet Connections<\/strong><br \/>\n21000, 22000 and 23000 models use a bottom sump outlet.\u00a0 24000 models use a side sump outlet.\u00a0 Outlet connection size defaults to a commonly used pipe diameter for the unit size selected. \u00a0Actual outlet size may vary depending on the design flow rate and outlet location, and should be confirmed in the quotation.<\/p>\n<p><strong>Multiple Cells<\/strong><br \/>\nMultiple instances of the Quadraflow product family may be inserted into the Revit project for installations having multiple cells.\u00a0 Two cell installations may be installed using either a square pattern or a diamond pattern.\u00a0 Multi-cell installations of more than two cells are typically installed using a diamond pattern \u2013 if a square pattern is used for more than two cells, the cell spacing required is greater than the spacing shown below.<\/p>\n<p>Standard center-to-center cell spacings are listed by model size in the table below.<\/p>\n<p><span>\u00a0 \u00a0 \u00a0<\/span><\/p>\n<table border=\"1\" cellspacing=\"0\" cellpadding=\"0\">\n<tbody>\n<tr>\n<td width=\"333\" colspan=\"3\">\n<p align=\"center\">Center-to-Center Cell Spacing<\/p>\n<\/td>\n<\/tr>\n<tr>\n<td width=\"72\">\n<p align=\"center\">Unit Size<\/p>\n<\/td>\n<td width=\"131\">\n<p align=\"center\">Square Layout<\/p>\n<\/td>\n<td width=\"131\" valign=\"top\">\n<p align=\"center\">Diamond Layout<\/p>\n<\/td>\n<\/tr>\n<tr>\n<td width=\"72\" valign=\"top\">\n<p align=\"center\">21120<\/p>\n<\/td>\n<td width=\"131\" valign=\"top\">\n<p align=\"center\">192.125\u201d (4880mm)<\/p>\n<\/td>\n<td width=\"131\" valign=\"top\">\n<p align=\"center\">181.750\u201d (4616mm)<\/p>\n<\/td>\n<\/tr>\n<tr>\n<td width=\"72\" valign=\"top\">\n<p align=\"center\">21220<\/p>\n<\/td>\n<td width=\"131\" valign=\"top\">\n<p align=\"center\">198.125&#8243; (5032mm)<\/p>\n<\/td>\n<td width=\"131\" valign=\"top\">\n<p align=\"center\">181.750\u201d (4616mm)<\/p>\n<\/td>\n<\/tr>\n<tr>\n<td width=\"72\" valign=\"top\">\n<p align=\"center\">21320<\/p>\n<\/td>\n<td width=\"131\" valign=\"top\">\n<p align=\"center\">203.125\u201d (5159mm)<\/p>\n<\/td>\n<td width=\"131\" valign=\"top\">\n<p align=\"center\">181.750\u201d (4616mm)<\/p>\n<\/td>\n<\/tr>\n<tr>\n<td width=\"72\" valign=\"top\">\n<p align=\"center\">22120<\/p>\n<\/td>\n<td width=\"131\" valign=\"top\">\n<p align=\"center\">219.625\u201d (5578mm)<\/p>\n<\/td>\n<td width=\"131\" valign=\"top\">\n<p align=\"center\">205.125\u201d (5210mm)<\/p>\n<\/td>\n<\/tr>\n<tr>\n<td width=\"72\" valign=\"top\">\n<p align=\"center\">22220<\/p>\n<\/td>\n<td width=\"131\" valign=\"top\">\n<p align=\"center\">225.625&#8243; (5731mm)<\/p>\n<\/td>\n<td width=\"131\" valign=\"top\">\n<p align=\"center\">205.125\u201d (5210mm)<\/p>\n<\/td>\n<\/tr>\n<tr>\n<td width=\"72\" valign=\"top\">\n<p align=\"center\">23120<\/p>\n<\/td>\n<td width=\"131\" valign=\"top\">\n<p align=\"center\">258.125&#8243; (6556mm)<\/p>\n<\/td>\n<td width=\"131\" valign=\"top\">\n<p align=\"center\">230.875\u201d (5864mm)<\/p>\n<\/td>\n<\/tr>\n<tr>\n<td width=\"72\" valign=\"top\">\n<p align=\"center\">23220<\/p>\n<\/td>\n<td width=\"131\" valign=\"top\">\n<p align=\"center\">263.125&#8243; (6683mm)<\/p>\n<\/td>\n<td width=\"131\" valign=\"top\">\n<p align=\"center\">230.875\u201d (5864mm)<\/p>\n<\/td>\n<\/tr>\n<tr>\n<td width=\"72\" valign=\"top\">\n<p align=\"center\">24120<\/p>\n<\/td>\n<td width=\"131\" valign=\"top\">\n<p align=\"center\">345.000\u201d (8763mm)<\/p>\n<\/td>\n<td width=\"131\" valign=\"top\">\n<p align=\"center\">341.625\u201d (8677mm)<\/p>\n<\/td>\n<\/tr>\n<tr>\n<td width=\"72\" valign=\"top\">\n<p align=\"center\">24220<\/p>\n<\/td>\n<td width=\"131\" valign=\"top\">\n<p align=\"center\">362.000\u201d (9195mm)<\/p>\n<\/td>\n<td width=\"131\" valign=\"top\">\n<p align=\"center\">341.625\u201d (8677mm)<\/p>\n<\/td>\n<\/tr>\n<\/tbody>\n<\/table>\n<p><strong>Clearances<\/strong><br \/>\nSufficient clearance should be provided to allow safe access to the tower and its components.\u00a0 Additionally, clearance must be provided at the air inlets and air discharge for adequate air flow.\u00a0 The clearance requirements vary by application, but the air inlet clearance can be approximated as 6 ft., and the air discharge clearance should be at least three fan diameters.\u00a0 Also note that vertical enclosures around the cooling tower should not rise above the fan discharge, otherwise air recirculation may impact performance.<strong><\/strong>[\/et_pb_text][\/et_pb_column][\/et_pb_row][et_pb_row _builder_version=&#8221;4.16&#8243; global_colors_info=&#8221;{}&#8221;][et_pb_column type=&#8221;4_4&#8243; _builder_version=&#8221;4.16&#8243; global_colors_info=&#8221;{}&#8221;][et_pb_text _builder_version=&#8221;4.16&#8243; text_orientation=&#8221;center&#8221; global_colors_info=&#8221;{}&#8221;]<\/p>\n<h2 class=\"section-heading\">By clicking &#8220;Agree&#8221;, you are accepting our Terms &amp; Conditions:<\/h2>\n<p>[\/et_pb_text][\/et_pb_column][\/et_pb_row][et_pb_row _builder_version=&#8221;4.16&#8243; global_colors_info=&#8221;{}&#8221;][et_pb_column type=&#8221;4_4&#8243; _builder_version=&#8221;4.16&#8243; global_colors_info=&#8221;{}&#8221;][et_pb_tabs _builder_version=&#8221;4.18.0&#8243; global_colors_info=&#8221;{}&#8221;][et_pb_tab title=&#8221;Terms of Use&#8221; _builder_version=&#8221;4.16&#8243; global_colors_info=&#8221;{}&#8221;]The SPX Cooling Technologies, Inc. (\u201dSPX Cooling\u201d) product information content provided in this data file (including its design and dimensions) (\u201cInformation\u201d) are furnished for information only and are not a replacement for a professional engineering review and evaluation of the situation. A professional engineer, licensed in the appropriate field of engineering, should always conduct the final evaluation of the application; and that individual, not SPX Cooling or its employees and representatives, is responsible for the final engineering design and performance of the application at hand.<\/p>\n<p>By making this Information available, SPX Cooling is not rendering professional services, and assumes no duty, responsibility or liability with respect to any person making use of such Information, including any modifications made by the user, for the design of buildings and related systems made using such Information, or for the accuracy of such Information or any data resulting from the use thereof. This Information is supplied &#8220;as is,&#8221; and SPX Cooling shall not be liable for any claim, demand, injury, loss, expense, or liability of any kind whatsoever, including but not limited to, direct, indirect, incidental or consequential damages, which in any way arises out of or is connected with the use of the Information, whether or not such claim demand, loss, expense, or liability results directly or indirectly from any action or omission of SPX Cooling or its employees and representatives resulting from the use of this information.<\/p>\n<p>SPX Cooling does not make any warranty or guarantee whatsoever, whether express or implied, and including but not limited to, any warranty of merchantability or fitness for a particular purpose, or make any representations regarding the use, or the results of use, of the Information in terms of its accuracy, validity, completeness, applicability, or compliance with any regulatory code or governmental laws and regulations. Use of the Information involves some risks, and the entire risk as to the results and performance of the Information is the user&#8217;s responsibility and liability.<\/p>\n<p>SPX Cooling retains title to and ownership of all Information and all copies thereof and all other rights and interest, including, without limitation, patents, copyrights, trademarks, trade secrets, and other intellectual property rights, in and to the Information and any copies thereof. By accepting or using this Information, the user agrees to not use this Information except as expressly set forth herein and user agrees to not use this Information to represent the products of any manufacturers other than SPX Cooling, its parent companies or subsidiaries.<\/p>\n<p>Except as expressly provided in these Terms of Use, no part of the Information may be copied, reproduced, republished, uploaded, posted, publicly displayed, encoded, translated, transmitted or distributed in any way to any other computer, server, Web site or other medium for publication or distribution or for any commercial enterprise, without SPX Cooling\u2019s express prior written consent.<\/p>\n<p>You may use the Information purposely made available by SPX Cooling for downloading, provided that you (1) not remove any proprietary notice language in all copies of such documents, (2) use such information only for your internal business use, and (3) not make any additional representations or warranties relating to such Information.<\/p>\n<p>This Agreement and any disputes arising out of or in connection with this Agreement shall be governed by the laws of the State of Kansas, U.S.A., without any reference to conflict-of-laws principles.<\/p>\n<p>SPX Cooling\u2019s products are subject to continuous improvements. SPX Cooling reserves the right to modify product design, specifications and data without notice and without incurring any obligations.[\/et_pb_tab][et_pb_tab title=&#8221;Agree&#8221; _builder_version=&#8221;4.18.0&#8243; global_colors_info=&#8221;{}&#8221;]<a href=\"\/wp-content\/uploads\/Marley-Quadraflow-Revit-Family-v2.zip\"><b>Click Here To Download: <\/b><br \/>\n<img decoding=\"async\" src=\"\/wp-content\/uploads\/reviticon12.jpg\"><\/a>[\/et_pb_tab][\/et_pb_tabs][\/et_pb_column][\/et_pb_row][\/et_pb_section]<\/p>\n","protected":false},"excerpt":{"rendered":"<p>Quadraflow Revit FilesThe Revit product family for the Marley\u00ae Quadraflow\u00ae cooling tower (\u201cQF\u201d) provides the basic geometry and typical pipe connections for each unit size of the product line.\u00a0 The product family is compatible with Revit version 2012 and later, and may be downloaded at\u00a0\/revit. Inlet Connections The inlet connection(s) for all Quadraflow models is [&hellip;]<\/p>\n","protected":false},"author":2,"featured_media":10852,"parent":10138,"menu_order":0,"comment_status":"closed","ping_status":"closed","template":"","meta":{"_acf_changed":false,"_et_pb_use_builder":"on","_et_pb_old_content":"","_et_gb_content_width":"","content-type":"","_relevanssi_hide_post":"","_relevanssi_pin_for_all":"","_relevanssi_pin_keywords":"","_relevanssi_unpin_keywords":"","_relevanssi_related_keywords":"","_relevanssi_related_include_ids":"","_relevanssi_related_exclude_ids":"","_relevanssi_related_no_append":"","_relevanssi_related_not_related":"","_relevanssi_related_posts":"","_relevanssi_noindex_reason":"","footnotes":""},"class_list":["post-10206","page","type-page","status-publish","has-post-thumbnail","hentry"],"acf":[],"yoast_head":"<!-- This site is optimized with the Yoast SEO Premium plugin v21.2 (Yoast SEO v27.2) - https:\/\/yoast.com\/product\/yoast-seo-premium-wordpress\/ -->\n<title>Quadraflow Revit Files - SPX Cooling Towers<\/title>\n<meta name=\"description\" content=\"The Revit product family for the Marley\u00a8 Quadraflow\u00a8 cooling tower (\u00d2QF\u00d3) provides the basic geometry and typical pipe connections for each unit size of the product line.\u00ca The product family is compatible\" \/>\n<meta name=\"robots\" content=\"index, follow, max-snippet:-1, max-image-preview:large, max-video-preview:-1\" \/>\n<link rel=\"canonical\" href=\"https:\/\/spxcooling.com\/zh\/revit-files\/quadraflow-revit-files\/\" \/>\n<meta property=\"og:locale\" content=\"zh_CN\" \/>\n<meta property=\"og:type\" content=\"article\" \/>\n<meta property=\"og:title\" content=\"Quadraflow Revit Files\" \/>\n<meta property=\"og:description\" content=\"The Revit product family for the Marley\u00a8 Quadraflow\u00a8 cooling tower (\u00d2QF\u00d3) provides the basic geometry and typical pipe connections for each unit size of the product line.\u00ca The product family is compatible\" \/>\n<meta property=\"og:url\" content=\"https:\/\/spxcooling.com\/zh\/revit-files\/quadraflow-revit-files\/\" \/>\n<meta property=\"og:site_name\" content=\"SPX Cooling Technologies\" \/>\n<meta property=\"article:publisher\" content=\"https:\/\/www.facebook.com\/SPX-Cooling-Technologies-182738268785153\" \/>\n<meta property=\"article:modified_time\" content=\"2022-10-17T15:23:14+00:00\" \/>\n<meta property=\"og:image\" content=\"https:\/\/spxcooling.com\/wp-content\/uploads\/cooling-tower-revit-file.jpg\" \/>\n\t<meta property=\"og:image:width\" content=\"400\" \/>\n\t<meta property=\"og:image:height\" content=\"251\" \/>\n\t<meta property=\"og:image:type\" content=\"image\/jpeg\" \/>\n<meta name=\"twitter:card\" content=\"summary_large_image\" \/>\n<meta name=\"twitter:label1\" content=\"\u9884\u8ba1\u9605\u8bfb\u65f6\u95f4\" \/>\n\t<meta name=\"twitter:data1\" content=\"7 \u5206\" \/>\n<script type=\"application\/ld+json\" class=\"yoast-schema-graph\">{\"@context\":\"https:\/\/schema.org\",\"@graph\":[{\"@type\":\"WebPage\",\"@id\":\"https:\/\/spxcooling.com\/revit-files\/quadraflow-revit-files\/\",\"url\":\"https:\/\/spxcooling.com\/revit-files\/quadraflow-revit-files\/\",\"name\":\"Quadraflow Revit Files - SPX Cooling Towers\",\"isPartOf\":{\"@id\":\"https:\/\/spxcooling.com\/#website\"},\"primaryImageOfPage\":{\"@id\":\"https:\/\/spxcooling.com\/revit-files\/quadraflow-revit-files\/#primaryimage\"},\"image\":{\"@id\":\"https:\/\/spxcooling.com\/revit-files\/quadraflow-revit-files\/#primaryimage\"},\"thumbnailUrl\":\"https:\/\/spxcooling.com\/wp-content\/uploads\/cooling-tower-revit-file.jpg\",\"datePublished\":\"2019-11-15T17:34:35+00:00\",\"dateModified\":\"2022-10-17T15:23:14+00:00\",\"description\":\"The Revit product family for the Marley\u00a8 Quadraflow\u00a8 cooling tower (\u00d2QF\u00d3) provides the basic geometry and typical pipe connections for each unit size of the product line.\u00ca The product family is compatible\",\"breadcrumb\":{\"@id\":\"https:\/\/spxcooling.com\/revit-files\/quadraflow-revit-files\/#breadcrumb\"},\"inLanguage\":\"zh-Hans\",\"potentialAction\":[{\"@type\":\"ReadAction\",\"target\":[\"https:\/\/spxcooling.com\/revit-files\/quadraflow-revit-files\/\"]}]},{\"@type\":\"ImageObject\",\"inLanguage\":\"zh-Hans\",\"@id\":\"https:\/\/spxcooling.com\/revit-files\/quadraflow-revit-files\/#primaryimage\",\"url\":\"https:\/\/spxcooling.com\/wp-content\/uploads\/cooling-tower-revit-file.jpg\",\"contentUrl\":\"https:\/\/spxcooling.com\/wp-content\/uploads\/cooling-tower-revit-file.jpg\",\"width\":400,\"height\":251,\"caption\":\"cooling tower revit file\"},{\"@type\":\"BreadcrumbList\",\"@id\":\"https:\/\/spxcooling.com\/revit-files\/quadraflow-revit-files\/#breadcrumb\",\"itemListElement\":[{\"@type\":\"ListItem\",\"position\":1,\"name\":\"Home\",\"item\":\"https:\/\/spxcooling.com\/de\/\"},{\"@type\":\"ListItem\",\"position\":2,\"name\":\"Revit Files\",\"item\":\"https:\/\/spxcooling.com\/revit-files\/\"},{\"@type\":\"ListItem\",\"position\":3,\"name\":\"Quadraflow Revit Files\"}]},{\"@type\":\"WebSite\",\"@id\":\"https:\/\/spxcooling.com\/#website\",\"url\":\"https:\/\/spxcooling.com\/\",\"name\":\"SPX Cooling Technologies\",\"description\":\"COOLING TOWER PERFORMANCE, COOLING TOWER PARTS, AND COOLING TOWER SALES\",\"publisher\":{\"@id\":\"https:\/\/spxcooling.com\/#organization\"},\"potentialAction\":[{\"@type\":\"SearchAction\",\"target\":{\"@type\":\"EntryPoint\",\"urlTemplate\":\"https:\/\/spxcooling.com\/?s={search_term_string}\"},\"query-input\":{\"@type\":\"PropertyValueSpecification\",\"valueRequired\":true,\"valueName\":\"search_term_string\"}}],\"inLanguage\":\"zh-Hans\"},{\"@type\":\"Organization\",\"@id\":\"https:\/\/spxcooling.com\/#organization\",\"name\":\"SPX Cooling Technologies, Inc.\",\"url\":\"https:\/\/spxcooling.com\/\",\"logo\":{\"@type\":\"ImageObject\",\"inLanguage\":\"zh-Hans\",\"@id\":\"https:\/\/spxcooling.com\/#\/schema\/logo\/image\/\",\"url\":\"\/wp-content\/uploads\/spxcoolingtowerslogos2023.png\",\"contentUrl\":\"\/wp-content\/uploads\/spxcoolingtowerslogos2023.png\",\"width\":1477,\"height\":268,\"caption\":\"SPX Cooling Technologies, Inc.\"},\"image\":{\"@id\":\"https:\/\/spxcooling.com\/#\/schema\/logo\/image\/\"},\"sameAs\":[\"https:\/\/www.facebook.com\/SPX-Cooling-Technologies-182738268785153\",\"https:\/\/www.linkedin.com\/company\/spx-cooling-technologies\/mycompany\/?viewAsMember=true\"]}]}<\/script>\n<!-- \/ Yoast SEO Premium plugin. -->","yoast_head_json":{"title":"Quadraflow Revit \u6587\u4ef6 - SPX \u51b7\u5374\u5854","description":"Marley\u00ae Quadraflow\u00ae \u51b7\u5374\u5854 (\u00d2QF\u00d3) \u7684 Revit \u4ea7\u54c1\u7cfb\u5217\u63d0\u4f9b\u4e86\u8be5\u4ea7\u54c1\u7cfb\u5217\u4e2d\u6bcf\u79cd\u5c3a\u5bf8\u5355\u5143\u7684\u57fa\u672c\u51e0\u4f55\u5f62\u72b6\u548c\u5178\u578b\u7ba1\u9053\u8fde\u63a5\u3002\u8be5\u4ea7\u54c1\u7cfb\u5217\u517c\u5bb9","robots":{"index":"index","follow":"follow","max-snippet":"max-snippet:-1","max-image-preview":"max-image-preview:large","max-video-preview":"max-video-preview:-1"},"canonical":"https:\/\/spxcooling.com\/zh\/revit-files\/quadraflow-revit-files\/","og_locale":"zh_CN","og_type":"article","og_title":"Quadraflow Revit Files","og_description":"The Revit product family for the Marley\u00a8 Quadraflow\u00a8 cooling tower (\u00d2QF\u00d3) provides the basic geometry and typical pipe connections for each unit size of the product line.\u00ca The product family is compatible","og_url":"https:\/\/spxcooling.com\/zh\/revit-files\/quadraflow-revit-files\/","og_site_name":"SPX Cooling Technologies","article_publisher":"https:\/\/www.facebook.com\/SPX-Cooling-Technologies-182738268785153","article_modified_time":"2022-10-17T15:23:14+00:00","og_image":[{"width":400,"height":251,"url":"https:\/\/spxcooling.com\/wp-content\/uploads\/cooling-tower-revit-file.jpg","type":"image\/jpeg"}],"twitter_card":"summary_large_image","twitter_misc":{"\u9884\u8ba1\u9605\u8bfb\u65f6\u95f4":"7 \u5206"},"schema":{"@context":"https:\/\/schema.org","@graph":[{"@type":"WebPage","@id":"https:\/\/spxcooling.com\/revit-files\/quadraflow-revit-files\/","url":"https:\/\/spxcooling.com\/revit-files\/quadraflow-revit-files\/","name":"Quadraflow Revit \u6587\u4ef6 - SPX \u51b7\u5374\u5854","isPartOf":{"@id":"https:\/\/spxcooling.com\/#website"},"primaryImageOfPage":{"@id":"https:\/\/spxcooling.com\/revit-files\/quadraflow-revit-files\/#primaryimage"},"image":{"@id":"https:\/\/spxcooling.com\/revit-files\/quadraflow-revit-files\/#primaryimage"},"thumbnailUrl":"https:\/\/spxcooling.com\/wp-content\/uploads\/cooling-tower-revit-file.jpg","datePublished":"2019-11-15T17:34:35+00:00","dateModified":"2022-10-17T15:23:14+00:00","description":"Marley\u00ae Quadraflow\u00ae \u51b7\u5374\u5854 (\u00d2QF\u00d3) \u7684 Revit \u4ea7\u54c1\u7cfb\u5217\u63d0\u4f9b\u4e86\u8be5\u4ea7\u54c1\u7cfb\u5217\u4e2d\u6bcf\u79cd\u5c3a\u5bf8\u5355\u5143\u7684\u57fa\u672c\u51e0\u4f55\u5f62\u72b6\u548c\u5178\u578b\u7ba1\u9053\u8fde\u63a5\u3002\u8be5\u4ea7\u54c1\u7cfb\u5217\u517c\u5bb9","breadcrumb":{"@id":"https:\/\/spxcooling.com\/revit-files\/quadraflow-revit-files\/#breadcrumb"},"inLanguage":"zh-Hans","potentialAction":[{"@type":"ReadAction","target":["https:\/\/spxcooling.com\/revit-files\/quadraflow-revit-files\/"]}]},{"@type":"ImageObject","inLanguage":"zh-Hans","@id":"https:\/\/spxcooling.com\/revit-files\/quadraflow-revit-files\/#primaryimage","url":"https:\/\/spxcooling.com\/wp-content\/uploads\/cooling-tower-revit-file.jpg","contentUrl":"https:\/\/spxcooling.com\/wp-content\/uploads\/cooling-tower-revit-file.jpg","width":400,"height":251,"caption":"cooling tower revit file"},{"@type":"BreadcrumbList","@id":"https:\/\/spxcooling.com\/revit-files\/quadraflow-revit-files\/#breadcrumb","itemListElement":[{"@type":"ListItem","position":1,"name":"Home","item":"https:\/\/spxcooling.com\/de\/"},{"@type":"ListItem","position":2,"name":"Revit Files","item":"https:\/\/spxcooling.com\/revit-files\/"},{"@type":"ListItem","position":3,"name":"Quadraflow Revit Files"}]},{"@type":"WebSite","@id":"https:\/\/spxcooling.com\/#website","url":"https:\/\/spxcooling.com\/","name":"SPX \u51b7\u5374\u6280\u672f","description":"\u51b7\u5374\u5854\u6027\u80fd\u3001\u51b7\u5374\u5854\u90e8\u4ef6\u548c\u51b7\u5374\u5854\u9500\u552e","publisher":{"@id":"https:\/\/spxcooling.com\/#organization"},"potentialAction":[{"@type":"SearchAction","target":{"@type":"EntryPoint","urlTemplate":"https:\/\/spxcooling.com\/?s={search_term_string}"},"query-input":{"@type":"PropertyValueSpecification","valueRequired":true,"valueName":"search_term_string"}}],"inLanguage":"zh-Hans"},{"@type":"Organization","@id":"https:\/\/spxcooling.com\/#organization","name":"SPX \u51b7\u5374\u6280\u672f\u6709\u9650\u516c\u53f8","url":"https:\/\/spxcooling.com\/","logo":{"@type":"ImageObject","inLanguage":"zh-Hans","@id":"https:\/\/spxcooling.com\/#\/schema\/logo\/image\/","url":"\/wp-content\/uploads\/spxcoolingtowerslogos2023.png","contentUrl":"\/wp-content\/uploads\/spxcoolingtowerslogos2023.png","width":1477,"height":268,"caption":"SPX Cooling Technologies, Inc."},"image":{"@id":"https:\/\/spxcooling.com\/#\/schema\/logo\/image\/"},"sameAs":["https:\/\/www.facebook.com\/SPX-Cooling-Technologies-182738268785153","https:\/\/www.linkedin.com\/company\/spx-cooling-technologies\/mycompany\/?viewAsMember=true"]}]}},"_links":{"self":[{"href":"https:\/\/spxcooling.com\/zh\/wp-json\/wp\/v2\/pages\/10206","targetHints":{"allow":["GET"]}}],"collection":[{"href":"https:\/\/spxcooling.com\/zh\/wp-json\/wp\/v2\/pages"}],"about":[{"href":"https:\/\/spxcooling.com\/zh\/wp-json\/wp\/v2\/types\/page"}],"author":[{"embeddable":true,"href":"https:\/\/spxcooling.com\/zh\/wp-json\/wp\/v2\/users\/2"}],"replies":[{"embeddable":true,"href":"https:\/\/spxcooling.com\/zh\/wp-json\/wp\/v2\/comments?post=10206"}],"version-history":[{"count":7,"href":"https:\/\/spxcooling.com\/zh\/wp-json\/wp\/v2\/pages\/10206\/revisions"}],"predecessor-version":[{"id":22013,"href":"https:\/\/spxcooling.com\/zh\/wp-json\/wp\/v2\/pages\/10206\/revisions\/22013"}],"up":[{"embeddable":true,"href":"https:\/\/spxcooling.com\/zh\/wp-json\/wp\/v2\/pages\/10138"}],"wp:featuredmedia":[{"embeddable":true,"href":"https:\/\/spxcooling.com\/zh\/wp-json\/wp\/v2\/media\/10852"}],"wp:attachment":[{"href":"https:\/\/spxcooling.com\/zh\/wp-json\/wp\/v2\/media?parent=10206"}],"curies":[{"name":"\u53ef\u6e7f\u6027\u7c89\u5242","href":"https:\/\/api.w.org\/{rel}","templated":true}]}}