{"id":10449,"date":"2019-12-04T11:30:26","date_gmt":"2019-12-04T17:30:26","guid":{"rendered":"\/?page_id=10449"},"modified":"2023-09-26T17:34:31","modified_gmt":"2023-09-26T22:34:31","slug":"history","status":"publish","type":"page","link":"https:\/\/spxcooling.com\/zh\/history\/","title":{"rendered":"\u5386\u53f2"},"content":{"rendered":"<p>[et_pb_section fb_built=&#8221;1&#8243; admin_label=&#8221;Featured Places&#8221; _builder_version=&#8221;4.16&#8243; background_color=&#8221;#ffffff&#8221; height=&#8221;35px&#8221; custom_margin=&#8221;0px||0px||false|false&#8221; custom_padding=&#8221;0px|0px|0px|0px|false|false&#8221; global_colors_info=&#8221;{}&#8221;][\/et_pb_section][et_pb_section fb_built=&#8221;1&#8243; admin_label=&#8221;Featured Places&#8221; _builder_version=&#8221;4.16&#8243; background_color=&#8221;#ffffff&#8221; custom_padding=&#8221;12px|0px|100px|0px||&#8221; global_colors_info=&#8221;{}&#8221;][et_pb_row _builder_version=&#8221;4.22.2&#8243; max_width=&#8221;2160px&#8221; custom_margin=&#8221;-6px|auto|-5px|auto||&#8221; custom_padding=&#8221;2px|||||&#8221; global_colors_info=&#8221;{}&#8221;][et_pb_column type=&#8221;4_4&#8243; _builder_version=&#8221;4.16&#8243; custom_padding=&#8221;|||&#8221; global_colors_info=&#8221;{}&#8221; custom_padding__hover=&#8221;|||&#8221;][et_pb_text _builder_version=&#8221;4.22.2&#8243; header_font=&#8221;Roboto|600|||||||&#8221; header_line_height=&#8221;1.7em&#8221; custom_margin=&#8221;0px||0px||false|false&#8221; custom_padding=&#8221;||0px||false|false&#8221; global_colors_info=&#8221;{}&#8221;]<\/p>\n<h1>Our History<\/h1>\n<p>[\/et_pb_text][et_pb_image src=&#8221;\/wp-content\/uploads\/history15.jpg&#8221; alt=&#8221;Marley Cooling Towers History&#8221; _builder_version=&#8221;4.22.2&#8243; hover_enabled=&#8221;0&#8243; global_colors_info=&#8221;{}&#8221; align=&#8221;center&#8221; force_fullwidth=&#8221;on&#8221; sticky_enabled=&#8221;0&#8243;][\/et_pb_image][et_pb_text _builder_version=&#8221;4.22.2&#8243; text_font_size=&#8221;17px&#8221; text_line_height=&#8221;1.8em&#8221; custom_margin=&#8221;0px||||false|false&#8221; custom_padding=&#8221;0px||||false|false&#8221; hover_enabled=&#8221;0&#8243; global_colors_info=&#8221;{}&#8221; sticky_enabled=&#8221;0&#8243;]<\/p>\n<p>We became SPX Cooling Tech in 2005, but our company is more than a century old. We\u2019re formed from some of the most successful companies in the cooling industry: Marley, Recold, Ceramic, Balcke, Davenport and Hamon Dry Cooling.<\/p>\n<p>[\/et_pb_text][et_pb_text _builder_version=&#8221;4.16&#8243; text_font_size=&#8221;17px&#8221; text_line_height=&#8221;1.8em&#8221; custom_margin=&#8221;0px||||false|false&#8221; custom_padding=&#8221;0px||||false|false&#8221; global_colors_info=&#8221;{}&#8221;]Balcke &amp; Co. was founded in Germany in 1894 and became a world leader in cooling towers in the early 1900s. Marley was founded in the United States in 1922 as the Power Plant Equipment Company before becoming The Marley Company in 1926. Recold was founded in 1932 in Brea, California. These companies invented and patented most of the industrial cooling tower innovations and technologies in use today.[\/et_pb_text][\/et_pb_column][\/et_pb_row][et_pb_row _builder_version=&#8221;4.16&#8243; global_colors_info=&#8221;{}&#8221;][et_pb_column type=&#8221;4_4&#8243; _builder_version=&#8221;4.16&#8243; global_colors_info=&#8221;{}&#8221;][et_pb_divider color=&#8221;#ececec&#8221; _builder_version=&#8221;4.16&#8243; custom_margin=&#8221;||0px||false|false&#8221; custom_padding=&#8221;||0px||false|false&#8221; global_colors_info=&#8221;{}&#8221;][\/et_pb_divider][\/et_pb_column][\/et_pb_row][et_pb_row _builder_version=&#8221;4.22.2&#8243; max_width=&#8221;2160px&#8221; custom_margin=&#8221;0px||||false|false&#8221; custom_padding=&#8221;0px||||false|false&#8221; global_colors_info=&#8221;{}&#8221;][et_pb_column type=&#8221;4_4&#8243; _builder_version=&#8221;4.16&#8243; global_colors_info=&#8221;{}&#8221;][et_pb_text _builder_version=&#8221;4.16&#8243; global_colors_info=&#8221;{}&#8221;]<\/p>\n<div class=\"tab-content\">\n<div class=\"tab-pane fade in active\" id=\"1890\">\n<h3><strong>Among the firsts that we\u2019ve accomplished are:<\/strong><\/h3>\n<h4><span class=\"text-primary\"><strong>1920s:<\/strong><span>&nbsp;<\/span><\/span>Spray nozzles; atmospheric deck tower<\/h4>\n<h4><span class=\"text-primary\"><strong>1930s:<\/strong><span>&nbsp;<\/span><\/span>Concrete hyperbolic natural draft cooling tower; mechanical draft cooling tower with induced fan<\/h4>\n<h4><span class=\"text-primary\"><strong>1950s:<\/strong><span>&nbsp;<\/span><\/span>Air cooled condenser; underflow design cooling tower<\/h4>\n<h4><span class=\"text-primary\"><strong>1960s:<\/strong><span>&nbsp;<\/span><\/span>Crossflow design using film fill; air-cooled heat exchanger; 100-ton evaporative condenser<\/h4>\n<h4><span class=\"text-primary\"><strong>1970s:<\/strong><span>&nbsp;<\/span><\/span>Largest fan in the world; multi-fan mechanical draft cooling tower<\/h4>\n<h4><span class=\"text-primary\"><strong>1980s:<\/strong><span>&nbsp;<\/span><\/span>Combined wet\/dry cooling tower; natural draft wet cooling tower with integrated flue gas desulphurization; complete indirect dry cooling system<\/h4>\n<h4><span class=\"text-primary\"><strong>1990s:<\/strong><span>&nbsp;<\/span><\/span>Timber construction for multi-cell hybrid cooling towers; complete cold end system<\/h4>\n<h4><span class=\"text-primary\"><strong>2000s:<\/strong><span>&nbsp;<\/span><\/span>Liquid natural gas heating tower; circular mechanical draft cooling tower with natural draft assistance<\/h4>\n<h4><span class=\"text-primary\"><strong>2010s:<\/strong><span>&nbsp;<\/span><\/span>Fully integrated plume abatement system; six-module crossflow cooling tower offering up to 50% greater cooling capacity<\/h4>\n<\/div>\n<\/div>\n<p>[\/et_pb_text][\/et_pb_column][\/et_pb_row][et_pb_row _builder_version=&#8221;4.16&#8243; _module_preset=&#8221;default&#8221; background_enable_color=&#8221;off&#8221; width=&#8221;100%&#8221; max_width=&#8221;100%&#8221; module_alignment=&#8221;center&#8221; custom_margin=&#8221;0px||||false|false&#8221; custom_padding=&#8221;0px|0px|0px|0px|false|false&#8221; global_colors_info=&#8221;{}&#8221;][et_pb_column type=&#8221;4_4&#8243; _builder_version=&#8221;4.16&#8243; _module_preset=&#8221;default&#8221; global_colors_info=&#8221;{}&#8221;][et_pb_text _builder_version=&#8221;4.16&#8243; _module_preset=&#8221;default&#8221; custom_margin=&#8221;0px||0px||false|false&#8221; custom_padding=&#8221;0px||0px||false|false&#8221; global_colors_info=&#8221;{}&#8221;]<\/p>\n<p><a name=\"timeline\"><\/a><\/p>\n<p>[\/et_pb_text][et_pb_text _builder_version=&#8221;4.16&#8243; _module_preset=&#8221;default&#8221; width=&#8221;100%&#8221; max_width=&#8221;100%&#8221; min_height=&#8221;720px&#8221; custom_margin=&#8221;0px||0px||false|false&#8221; custom_padding=&#8221;0px||0px||false|false&#8221; global_colors_info=&#8221;{}&#8221;]<iframe loading=\"lazy\" src=\"https:\/\/cdn.knightlab.com\/libs\/timeline3\/latest\/embed\/index.html?source=16nL8o-9alDt7nxuL_CusxiRXKSeiAepiq6Ik7Ngwboo&amp;font=Default&amp;lang=en&amp;initial_zoom=1&amp;height=740\" width=\"100%\" height=\"740\" webkitallowfullscreen=\"\" mozallowfullscreen=\"\" allowfullscreen=\"\" frameborder=\"0\"><\/iframe>[\/et_pb_text][\/et_pb_column][\/et_pb_row][et_pb_row _builder_version=&#8221;4.16&#8243; custom_margin=&#8221;0px||||false|false&#8221; custom_padding=&#8221;0px||||false|false&#8221; global_colors_info=&#8221;{}&#8221;][et_pb_column type=&#8221;4_4&#8243; _builder_version=&#8221;4.16&#8243; global_colors_info=&#8221;{}&#8221;][et_pb_divider color=&#8221;#ececec&#8221; _builder_version=&#8221;4.16&#8243; custom_margin=&#8221;||0px||false|false&#8221; custom_padding=&#8221;||0px||false|false&#8221; global_colors_info=&#8221;{}&#8221;][\/et_pb_divider][\/et_pb_column][\/et_pb_row][et_pb_row _builder_version=&#8221;4.16&#8243; custom_margin=&#8221;||0px||false|false&#8221; custom_padding=&#8221;||0px||false|false&#8221; global_colors_info=&#8221;{}&#8221;][et_pb_column type=&#8221;4_4&#8243; _builder_version=&#8221;4.16&#8243; global_colors_info=&#8221;{}&#8221;][\/et_pb_column][\/et_pb_row][\/et_pb_section]<\/p>\n","protected":false},"excerpt":{"rendered":"<p>Our HistoryWe became SPX Cooling Tech in 2005, but our company is more than a century old. We\u2019re formed from some of the most successful companies in the cooling industry: Marley, Recold, Ceramic, Balcke, Davenport and Hamon Dry Cooling.Balcke &amp; Co. was founded in Germany in 1894 and became a world leader in cooling towers [&hellip;]<\/p>\n","protected":false},"author":2,"featured_media":11879,"parent":0,"menu_order":0,"comment_status":"closed","ping_status":"closed","template":"","meta":{"_acf_changed":false,"_et_pb_use_builder":"on","_et_pb_old_content":"","_et_gb_content_width":"","content-type":"","_relevanssi_hide_post":"","_relevanssi_pin_for_all":"","_relevanssi_pin_keywords":"","_relevanssi_unpin_keywords":"","_relevanssi_related_keywords":"","_relevanssi_related_include_ids":"","_relevanssi_related_exclude_ids":"","_relevanssi_related_no_append":"","_relevanssi_related_not_related":"","_relevanssi_related_posts":"9819,11271,5926,9717,9957,9969","_relevanssi_noindex_reason":"","footnotes":""},"class_list":["post-10449","page","type-page","status-publish","has-post-thumbnail","hentry"],"acf":[],"yoast_head":"<!-- This site is optimized with the Yoast SEO Premium plugin v21.2 (Yoast SEO v27.2) - https:\/\/yoast.com\/product\/yoast-seo-premium-wordpress\/ -->\n<title>History - SPX Cooling Towers<\/title>\n<meta name=\"description\" content=\"We became\u00caSPX Cooling Technologies\u00cain 2005, but our company is more than a century old. We\u00d5re formed from some of the most successful companies in the cooling industry:\u00caMarley,\u00caRecold,\u00caCeramic,\u00caBalcke,\u00caDavenport\u00caand\u00caHamon Dry Cooling.\" \/>\n<meta name=\"robots\" content=\"index, follow, max-snippet:-1, max-image-preview:large, max-video-preview:-1\" \/>\n<link rel=\"canonical\" href=\"https:\/\/spxcooling.com\/zh\/history\/\" \/>\n<meta property=\"og:locale\" content=\"zh_CN\" \/>\n<meta property=\"og:type\" content=\"article\" \/>\n<meta property=\"og:title\" content=\"History\" \/>\n<meta property=\"og:description\" content=\"We became\u00caSPX Cooling Technologies\u00cain 2005, but our company is more than a century old. We\u00d5re formed from some of the most successful companies in the cooling industry:\u00caMarley,\u00caRecold,\u00caCeramic,\u00caBalcke,\u00caDavenport\u00caand\u00caHamon Dry Cooling.\" \/>\n<meta property=\"og:url\" content=\"https:\/\/spxcooling.com\/zh\/history\/\" \/>\n<meta property=\"og:site_name\" content=\"SPX Cooling Technologies\" \/>\n<meta property=\"article:publisher\" content=\"https:\/\/www.facebook.com\/SPX-Cooling-Technologies-182738268785153\" \/>\n<meta property=\"article:modified_time\" content=\"2023-09-26T22:34:31+00:00\" \/>\n<meta property=\"og:image\" content=\"https:\/\/spxcooling.com\/wp-content\/uploads\/history_search.jpg\" \/>\n\t<meta property=\"og:image:width\" content=\"360\" \/>\n\t<meta property=\"og:image:height\" content=\"252\" \/>\n\t<meta property=\"og:image:type\" content=\"image\/jpeg\" \/>\n<meta name=\"twitter:card\" content=\"summary_large_image\" \/>\n<meta name=\"twitter:label1\" content=\"\u9884\u8ba1\u9605\u8bfb\u65f6\u95f4\" \/>\n\t<meta name=\"twitter:data1\" content=\"4 \u5206\" \/>\n<script type=\"application\/ld+json\" class=\"yoast-schema-graph\">{\"@context\":\"https:\/\/schema.org\",\"@graph\":[{\"@type\":\"WebPage\",\"@id\":\"https:\/\/spxcooling.com\/history\/\",\"url\":\"https:\/\/spxcooling.com\/history\/\",\"name\":\"History - SPX Cooling Towers\",\"isPartOf\":{\"@id\":\"https:\/\/spxcooling.com\/it\/#website\"},\"primaryImageOfPage\":{\"@id\":\"https:\/\/spxcooling.com\/history\/#primaryimage\"},\"image\":{\"@id\":\"https:\/\/spxcooling.com\/history\/#primaryimage\"},\"thumbnailUrl\":\"https:\/\/spxcooling.com\/wp-content\/uploads\/history_search.jpg\",\"datePublished\":\"2019-12-04T17:30:26+00:00\",\"dateModified\":\"2023-09-26T22:34:31+00:00\",\"description\":\"We became\u00caSPX Cooling Technologies\u00cain 2005, but our company is more than a century old. We\u00d5re formed from some of the most successful companies in the cooling industry:\u00caMarley,\u00caRecold,\u00caCeramic,\u00caBalcke,\u00caDavenport\u00caand\u00caHamon Dry Cooling.\",\"breadcrumb\":{\"@id\":\"https:\/\/spxcooling.com\/history\/#breadcrumb\"},\"inLanguage\":\"zh-Hans\",\"potentialAction\":[{\"@type\":\"ReadAction\",\"target\":[\"https:\/\/spxcooling.com\/history\/\"]}]},{\"@type\":\"ImageObject\",\"inLanguage\":\"zh-Hans\",\"@id\":\"https:\/\/spxcooling.com\/history\/#primaryimage\",\"url\":\"https:\/\/spxcooling.com\/wp-content\/uploads\/history_search.jpg\",\"contentUrl\":\"https:\/\/spxcooling.com\/wp-content\/uploads\/history_search.jpg\",\"width\":360,\"height\":252,\"caption\":\"Cooling Tower History\"},{\"@type\":\"BreadcrumbList\",\"@id\":\"https:\/\/spxcooling.com\/history\/#breadcrumb\",\"itemListElement\":[{\"@type\":\"ListItem\",\"position\":1,\"name\":\"Home\",\"item\":\"https:\/\/spxcooling.com\/it\/\"},{\"@type\":\"ListItem\",\"position\":2,\"name\":\"History\"}]},{\"@type\":\"WebSite\",\"@id\":\"https:\/\/spxcooling.com\/it\/#website\",\"url\":\"https:\/\/spxcooling.com\/it\/\",\"name\":\"SPX Cooling Technologies\",\"description\":\"COOLING TOWER PERFORMANCE, COOLING TOWER PARTS, AND COOLING TOWER SALES\",\"publisher\":{\"@id\":\"https:\/\/spxcooling.com\/it\/#organization\"},\"potentialAction\":[{\"@type\":\"SearchAction\",\"target\":{\"@type\":\"EntryPoint\",\"urlTemplate\":\"https:\/\/spxcooling.com\/it\/?s={search_term_string}\"},\"query-input\":{\"@type\":\"PropertyValueSpecification\",\"valueRequired\":true,\"valueName\":\"search_term_string\"}}],\"inLanguage\":\"zh-Hans\"},{\"@type\":\"Organization\",\"@id\":\"https:\/\/spxcooling.com\/it\/#organization\",\"name\":\"SPX Cooling Technologies, Inc.\",\"url\":\"https:\/\/spxcooling.com\/it\/\",\"logo\":{\"@type\":\"ImageObject\",\"inLanguage\":\"zh-Hans\",\"@id\":\"https:\/\/spxcooling.com\/it\/#\/schema\/logo\/image\/\",\"url\":\"\/wp-content\/uploads\/spxcoolingtowerslogos2023.png\",\"contentUrl\":\"\/wp-content\/uploads\/spxcoolingtowerslogos2023.png\",\"width\":1477,\"height\":268,\"caption\":\"SPX Cooling Technologies, Inc.\"},\"image\":{\"@id\":\"https:\/\/spxcooling.com\/it\/#\/schema\/logo\/image\/\"},\"sameAs\":[\"https:\/\/www.facebook.com\/SPX-Cooling-Technologies-182738268785153\",\"https:\/\/www.linkedin.com\/company\/spx-cooling-technologies\/mycompany\/?viewAsMember=true\"]}]}<\/script>\n<!-- \/ Yoast SEO Premium plugin. -->","yoast_head_json":{"title":"History - SPX Cooling Towers","description":"We became\u00caSPX Cooling Technologies\u00cain 2005, but our company is more than a century old. We\u00d5re formed from some of the most successful companies in the cooling industry:\u00caMarley,\u00caRecold,\u00caCeramic,\u00caBalcke,\u00caDavenport\u00caand\u00caHamon Dry Cooling.","robots":{"index":"index","follow":"follow","max-snippet":"max-snippet:-1","max-image-preview":"max-image-preview:large","max-video-preview":"max-video-preview:-1"},"canonical":"https:\/\/spxcooling.com\/zh\/history\/","og_locale":"zh_CN","og_type":"article","og_title":"History","og_description":"We became\u00caSPX Cooling Technologies\u00cain 2005, but our company is more than a century old. We\u00d5re formed from some of the most successful companies in the cooling industry:\u00caMarley,\u00caRecold,\u00caCeramic,\u00caBalcke,\u00caDavenport\u00caand\u00caHamon Dry Cooling.","og_url":"https:\/\/spxcooling.com\/zh\/history\/","og_site_name":"SPX Cooling Technologies","article_publisher":"https:\/\/www.facebook.com\/SPX-Cooling-Technologies-182738268785153","article_modified_time":"2023-09-26T22:34:31+00:00","og_image":[{"width":360,"height":252,"url":"https:\/\/spxcooling.com\/wp-content\/uploads\/history_search.jpg","type":"image\/jpeg"}],"twitter_card":"summary_large_image","twitter_misc":{"\u9884\u8ba1\u9605\u8bfb\u65f6\u95f4":"4 \u5206"},"schema":{"@context":"https:\/\/schema.org","@graph":[{"@type":"WebPage","@id":"https:\/\/spxcooling.com\/history\/","url":"https:\/\/spxcooling.com\/history\/","name":"History - SPX Cooling Towers","isPartOf":{"@id":"https:\/\/spxcooling.com\/it\/#website"},"primaryImageOfPage":{"@id":"https:\/\/spxcooling.com\/history\/#primaryimage"},"image":{"@id":"https:\/\/spxcooling.com\/history\/#primaryimage"},"thumbnailUrl":"https:\/\/spxcooling.com\/wp-content\/uploads\/history_search.jpg","datePublished":"2019-12-04T17:30:26+00:00","dateModified":"2023-09-26T22:34:31+00:00","description":"We became\u00caSPX Cooling Technologies\u00cain 2005, but our company is more than a century old. We\u00d5re formed from some of the most successful companies in the cooling industry:\u00caMarley,\u00caRecold,\u00caCeramic,\u00caBalcke,\u00caDavenport\u00caand\u00caHamon Dry Cooling.","breadcrumb":{"@id":"https:\/\/spxcooling.com\/history\/#breadcrumb"},"inLanguage":"zh-Hans","potentialAction":[{"@type":"ReadAction","target":["https:\/\/spxcooling.com\/history\/"]}]},{"@type":"ImageObject","inLanguage":"zh-Hans","@id":"https:\/\/spxcooling.com\/history\/#primaryimage","url":"https:\/\/spxcooling.com\/wp-content\/uploads\/history_search.jpg","contentUrl":"https:\/\/spxcooling.com\/wp-content\/uploads\/history_search.jpg","width":360,"height":252,"caption":"Cooling Tower History"},{"@type":"BreadcrumbList","@id":"https:\/\/spxcooling.com\/history\/#breadcrumb","itemListElement":[{"@type":"ListItem","position":1,"name":"Home","item":"https:\/\/spxcooling.com\/it\/"},{"@type":"ListItem","position":2,"name":"History"}]},{"@type":"WebSite","@id":"https:\/\/spxcooling.com\/it\/#website","url":"https:\/\/spxcooling.com\/it\/","name":"SPX \u51b7\u5374\u6280\u672f","description":"\u51b7\u5374\u5854\u6027\u80fd\u3001\u51b7\u5374\u5854\u90e8\u4ef6\u548c\u51b7\u5374\u5854\u9500\u552e","publisher":{"@id":"https:\/\/spxcooling.com\/it\/#organization"},"potentialAction":[{"@type":"SearchAction","target":{"@type":"EntryPoint","urlTemplate":"https:\/\/spxcooling.com\/it\/?s={search_term_string}"},"query-input":{"@type":"PropertyValueSpecification","valueRequired":true,"valueName":"search_term_string"}}],"inLanguage":"zh-Hans"},{"@type":"Organization","@id":"https:\/\/spxcooling.com\/it\/#organization","name":"SPX \u51b7\u5374\u6280\u672f\u6709\u9650\u516c\u53f8","url":"https:\/\/spxcooling.com\/it\/","logo":{"@type":"ImageObject","inLanguage":"zh-Hans","@id":"https:\/\/spxcooling.com\/it\/#\/schema\/logo\/image\/","url":"\/wp-content\/uploads\/spxcoolingtowerslogos2023.png","contentUrl":"\/wp-content\/uploads\/spxcoolingtowerslogos2023.png","width":1477,"height":268,"caption":"SPX Cooling Technologies, Inc."},"image":{"@id":"https:\/\/spxcooling.com\/it\/#\/schema\/logo\/image\/"},"sameAs":["https:\/\/www.facebook.com\/SPX-Cooling-Technologies-182738268785153","https:\/\/www.linkedin.com\/company\/spx-cooling-technologies\/mycompany\/?viewAsMember=true"]}]}},"_links":{"self":[{"href":"https:\/\/spxcooling.com\/zh\/wp-json\/wp\/v2\/pages\/10449","targetHints":{"allow":["GET"]}}],"collection":[{"href":"https:\/\/spxcooling.com\/zh\/wp-json\/wp\/v2\/pages"}],"about":[{"href":"https:\/\/spxcooling.com\/zh\/wp-json\/wp\/v2\/types\/page"}],"author":[{"embeddable":true,"href":"https:\/\/spxcooling.com\/zh\/wp-json\/wp\/v2\/users\/2"}],"replies":[{"embeddable":true,"href":"https:\/\/spxcooling.com\/zh\/wp-json\/wp\/v2\/comments?post=10449"}],"version-history":[{"count":8,"href":"https:\/\/spxcooling.com\/zh\/wp-json\/wp\/v2\/pages\/10449\/revisions"}],"predecessor-version":[{"id":25199,"href":"https:\/\/spxcooling.com\/zh\/wp-json\/wp\/v2\/pages\/10449\/revisions\/25199"}],"wp:featuredmedia":[{"embeddable":true,"href":"https:\/\/spxcooling.com\/zh\/wp-json\/wp\/v2\/media\/11879"}],"wp:attachment":[{"href":"https:\/\/spxcooling.com\/zh\/wp-json\/wp\/v2\/media?parent=10449"}],"curies":[{"name":"\u53ef\u6e7f\u6027\u7c89\u5242","href":"https:\/\/api.w.org\/{rel}","templated":true}]}}